{"id":37,"date":"2020-09-13T12:07:44","date_gmt":"2020-09-13T14:07:44","guid":{"rendered":"http:\/\/agnstiklai.lt\/?page_id=37"},"modified":"2025-10-13T05:08:41","modified_gmt":"2025-10-13T07:08:41","slug":"automobiliu-stiklu-tamsinimas-plevelemis","status":"publish","type":"page","link":"https:\/\/agnstiklai.lt\/ru\/tonirovka-stekol-plenkami\/","title":{"rendered":"\u0422\u043e\u043d\u0438\u0440\u043e\u0432\u043a\u0430 \u0441\u0442\u0435\u043a\u043e\u043b \u043f\u043b\u0435\u043d\u043a\u0430\u043c\u0438"},"content":{"rendered":"<p class=\"subtitle\">\u0421\u043f\u0435\u0446\u0438\u0430\u043b\u0438\u0441\u0442\u044b, \u0440\u0430\u0431\u043e\u0442\u0430\u044e\u0449\u0438\u0435 \u0432 \u043a\u043e\u043c\u043f\u0430\u043d\u0438\u0438 \u00abAGN stiklai\u00bb, \u0438\u0441\u043f\u043e\u043b\u044c\u0437\u0443\u044e\u0442 \u0442\u043e\u043b\u044c\u043a\u043e \u043f\u043b\u0435\u043d\u043a\u0443 \u0434\u043b\u044f \u0442\u043e\u043d\u0438\u0440\u043e\u0432\u0430\u043d\u0438\u044f \u0441\u0442\u0435\u043a\u043e\u043b\u043a\u0430\u0447\u0435\u0441\u0442\u0432\u0435\u043d\u043d\u043e\u0433\u043e \u043f\u0440\u043e\u0438\u0437\u0432\u043e\u0434\u0441\u0442\u0432\u0430 \u043d\u0430\u0434\u0435\u0436\u043d\u044b\u0445 \u043f\u0440\u043e\u0438\u0437\u0432\u043e\u0434\u0438\u0442\u0435\u043b\u0435\u0439. \u0422\u0430\u043a\u0438\u043c \u043e\u0431\u0440\u0430\u0437\u043e\u043c \u043c\u044b \u043c\u043e\u0436\u0435\u043c \u043e\u0431\u0435\u0441\u043f\u0435\u0447\u0438\u0442\u044c \u043a\u0430\u0447\u0435\u0441\u0442\u0432\u0435\u043d\u043d\u043e\u0435 \u0437\u0430\u0442\u0435\u043c\u043d\u0435\u043d\u0438\u0435 \u0441\u0442\u0435\u043a\u043e\u043b, \u0430 \u0438\u0437 \u0430\u0441\u0441\u043e\u0440\u0442\u0438\u043c\u0435\u043d\u0442\u0430 \u043f\u043b\u0435\u043d\u043e\u043a \u0440\u0430\u0437\u043b\u0438\u0447\u043d\u044b\u0445 \u0442\u043e\u043d\u043e\u0432 \u043c\u044b \u043c\u043e\u0436\u0435\u043c \u043f\u0440\u0435\u0434\u043b\u043e\u0436\u0438\u0442\u044c \u0441\u0430\u043c\u044b\u0439 \u043f\u043e\u0434\u0445\u043e\u0434\u044f\u0449\u0438\u0439 \u0432\u0430\u0440\u0438\u0430\u043d\u0442 \u0412\u0430\u0448\u0435\u043c\u0443 \u0430\u0432\u0442\u043e\u043c\u043e\u0431\u0438\u043b\u044e.<\/p>\n<h3 style=\"padding-top:20px; padding-bottom:10px;\">\u0422\u043e\u043d\u0438\u0440\u043e\u0432\u043a\u0430 \u043f\u043b\u0435\u043d\u043a\u043e\u0439 \u0430\u0432\u0442\u043e\u043c\u043e\u0431\u0438\u043b\u044c\u043d\u044b\u0445 \u0441\u0442\u0435\u043a\u043e\u043b \u043f\u0440\u0435\u0434\u043e\u0441\u0442\u0430\u0432\u043b\u044f\u0435\u0442 \u0412\u0430\u0448\u0435\u043c\u0443 \u0442\u0440\u0430\u043d\u0441\u043f\u043e\u0440\u0442\u043d\u043e\u043c\u0443 \u0441\u0440\u0435\u0434\u0441\u0442\u0432\u0443 \u0441\u043b\u0435\u0434\u0443\u044e\u0449\u0438\u0435 \u043f\u0440\u0435\u0438\u043c\u0443\u0449\u0435\u0441\u0442\u0432\u0430:<\/h3>\n<ul class=\"list list-marked\">\n<li class=\"list-st\">\u0437\u0430\u0442\u0435\u043c\u043d\u0435\u043d\u043d\u043e\u0435 \u043f\u043b\u0435\u043d\u043a\u043e\u0439 \u0430\u0432\u0442\u043e\u043c\u043e\u0431\u0438\u043b\u044c\u043d\u043e\u0435 \u0441\u0442\u0435\u043a\u043b\u043e \u043f\u0440\u0435\u043a\u0440\u0430\u0441\u043d\u043e \u043f\u043e\u0433\u043b\u043e\u0449\u0430\u0435\u0442 \u0441\u043e\u043b\u043d\u0435\u0447\u043d\u044b\u0435 \u0431\u043b\u0438\u043a\u0438, \u043a\u043e\u0442\u043e\u0440\u044b\u0435 \u0437\u0430\u0447\u0430\u0441\u0442\u0443\u044e \u0441\u0438\u043b\u044c\u043d\u043e \u043c\u0435\u0448\u0430\u044e\u0442 \u0432\u043e\u0434\u0438\u0442\u0435\u043b\u044e \u043f\u0440\u0438 \u0435\u0437\u0434\u0435. \u0410 \u0442\u0430\u043a\u0436\u0435 \u043d\u0435\u0439\u0442\u0440\u0430\u043b\u0438\u0437\u0443\u0435\u0442 \u043e\u0441\u043b\u0435\u043f\u0438\u0442\u0435\u043b\u044c\u043d\u044b\u0439 \u0441\u0432\u0435\u0442 \u0432\u0441\u0442\u0440\u0435\u0447\u043d\u044b\u0445 \u0438 \u043f\u043e\u043f\u0443\u0442\u043d\u044b\u0445 \u0430\u0432\u0442\u043e\u043c\u043e\u0431\u0438\u043b\u0435\u0439<\/li>\n<li class=\"list-st\">\u0437\u0430\u0442\u0435\u043c\u043d\u0435\u043d\u043d\u043e\u0435 \u0441\u0442\u0435\u043a\u043b\u043e \u0437\u0430\u0449\u0438\u0449\u0430\u0435\u0442 \u043e\u0442 \u0443\u043b\u044c\u0442\u0440\u0430\u0444\u0438\u043e\u043b\u0435\u0442\u043e\u0432\u043e\u0433\u043e \u0438\u0437\u043b\u0443\u0447\u0435\u043d\u0438\u044f. \u00ab\u041c\u0435\u0442\u0430\u043b\u043b\u0438\u0437\u0438\u0440\u043e\u0432\u0430\u043d\u043d\u044b\u0435\u00bb \u0442\u043e\u043d\u0438\u0440\u0443\u044e\u0449\u0438\u0435 \u043f\u043b\u0435\u043d\u043a\u0438 \u043e\u0442\u0440\u0430\u0436\u0430\u044e\u0442 \u0434\u043e 99 \u043f\u0440\u043e\u0446. \u0443\u043b\u044c\u0442\u0440\u0430\u0444\u0438\u043e\u043b\u0435\u0442\u043e\u0432\u044b\u0445 \u043b\u0443\u0447\u0435\u0439 \u0438 \u0442\u0430\u043a\u0438\u043c \u043e\u0431\u0440\u0430\u0437\u043e\u043c \u0441\u0430\u043b\u043e\u043d \u0412\u0430\u0448\u0435\u0433\u043e \u0430\u0432\u0442\u043e\u043c\u043e\u0431\u0438\u043b\u044f \u0437\u0430\u0449\u0438\u0449\u0435\u043d \u043e\u0442 \u0432\u044b\u0446\u0432\u0435\u0442\u0430\u043d\u0438\u044f;<\/li>\n<li class=\"list-st\">\u0430\u0432\u0442\u043e\u043c\u043e\u0431\u0438\u043b\u044c\u043d\u043e\u0435 \u0441\u0442\u0435\u043a\u043b\u043e, \u043f\u043e\u043a\u0440\u044b\u0442\u043e\u0435 \u0442\u043e\u043d\u0438\u0440\u0443\u044e\u0449\u0435\u0439 \u043f\u043b\u0435\u043d\u043a\u043e\u0439, \u0433\u043e\u0440\u0430\u0437\u0434\u043e \u0441\u043b\u043e\u0436\u043d\u0435\u0435 \u0431\u044c\u0435\u0442\u0441\u044f, \u0430 \u0432 \u0441\u043b\u0443\u0447\u0430\u0435 \u0443\u0434\u0430\u0440\u0430, \u0437\u0430\u0449\u0438\u0449\u0430\u0435\u0442 \u043f\u0430\u0441\u0441\u0430\u0436\u0438\u0440\u043e\u0432 \u0438 \u0432\u043e\u0434\u0438\u0442\u0435\u043b\u044f \u043e\u0442 \u043a\u0443\u0441\u043a\u043e\u0432 \u0441\u0442\u0435\u043a\u043b\u0430, \u043a\u043e\u0442\u043e\u0440\u044b\u0435 \u043d\u0435 \u043f\u043e\u043f\u0430\u0434\u0430\u044e\u0442 \u0432 \u0441\u0430\u043b\u043e\u043d \u0430\u0432\u0442\u043e\u043c\u043e\u0431\u0438\u043b\u044f, \u0430 \u043e\u0441\u0442\u0430\u044e\u0442\u0441\u044f \u043f\u0440\u0438\u043b\u0438\u043f\u0448\u0438\u043c\u0438 \u043a \u043f\u043b\u0435\u043d\u043a\u0435;<\/li>\n<li class=\"list-st\">\u0432 \u043b\u0435\u0442\u043d\u0435\u0435 \u0432\u0440\u0435\u043c\u044f \u0437\u0430\u0442\u0435\u043c\u043d\u0435\u043d\u043d\u044b\u0435 \u043f\u043b\u0435\u043d\u043a\u043e\u0439 \u0441\u0442\u0435\u043a\u043b\u0430 \u0437\u0430\u0434\u0435\u0440\u0436\u0438\u0432\u0430\u044e\u0442 \u043f\u043e\u043f\u0430\u0434\u0430\u043d\u0438\u0435 \u0442\u0435\u043f\u043b\u0430 \u0432 \u0441\u0430\u043b\u043e\u043d \u0430\u0432\u0442\u043e, \u0430 \u0437\u0438\u043c\u043e\u0439 \u043f\u043b\u0435\u043d\u043a\u0430 \u043d\u0430\u043e\u0431\u043e\u0440\u043e\u0442 \u043f\u043e\u043c\u043e\u0436\u0435\u0442 \u0441\u0431\u0435\u0440\u0435\u0447\u044c \u0442\u0435\u043f\u043b\u043e \u0432\u043d\u0443\u0442\u0440\u0438 \u0441\u0430\u043b\u043e\u043d\u0430;<\/li>\n<li class=\"list-st\">\u0442\u0430\u043a \u043a\u0430\u043a \u0447\u0435\u0440\u0435\u0437 \u0437\u0430\u0442\u0435\u043c\u043d\u0435\u043d\u043d\u043e\u0435 \u0441\u0442\u0435\u043a\u043b\u043e \u0441\u0430\u043b\u043e\u043d \u0430\u0432\u0442\u043e\u043c\u043e\u0431\u0438\u043b\u044f \u0442\u0440\u0443\u0434\u043d\u043e \u0440\u0430\u0441\u0441\u043c\u0430\u0442\u0440\u0438\u0432\u0430\u0435\u0442\u0441\u044f, \u0431\u043e\u043b\u0435\u0435 \u0446\u0435\u043d\u043d\u044b\u0435 \u0432\u0435\u0449\u0438, \u043d\u0430\u0445\u043e\u0434\u044f\u0449\u0438\u0435\u0441\u044f \u0432 \u0430\u0432\u0442\u043e\u043c\u043e\u0431\u0438\u043b\u0435, \u0437\u0430\u0449\u0438\u0449\u0435\u043d\u044b \u043e\u0442 \u0432\u043e\u0440\u043e\u0432;<\/li>\n<li class=\"list-st\">\u0442\u043e\u043d\u0438\u0440\u043e\u0432\u0430\u043d\u043d\u044b\u0435 \u043f\u043b\u0435\u043d\u043a\u043e\u0439 \u0441\u0442\u0435\u043a\u043b\u0430 \u043f\u0440\u0438\u0434\u0430\u0441\u0442 \u0412\u0430\u0448\u0435\u043c\u0443 \u0430\u0432\u0442\u043e\u043c\u043e\u0431\u0438\u043b\u044e \u043d\u0435 \u0442\u043e\u043b\u044c\u043a\u043e \u0438\u0441\u043a\u043b\u044e\u0447\u0438\u0442\u0435\u043b\u044c\u043d\u043e\u0441\u0442\u044c, \u0443\u043b\u0443\u0447\u0448\u0438\u0442 \u0435\u0433\u043e \u0432\u0438\u0434, \u043d\u043e \u0438 \u043f\u043e\u0437\u0432\u043e\u043b\u044f\u0442 \u0412\u0430\u043c \u043d\u0430\u0441\u043b\u0430\u0436\u0434\u0430\u0442\u044c\u0441\u044f \u043a\u043e\u043c\u0444\u043e\u0440\u0442\u043e\u043c \u0443\u0435\u0434\u0438\u043d\u0435\u043d\u0438\u044f.<\/li>\n<\/ul>\n<p class=\"subtitle\">\u041b\u044e\u0431\u0435\u0437\u043d\u043e \u043f\u0440\u0438\u0433\u043b\u0430\u0448\u0430\u0435\u043c \u0412\u0430\u0441 \u0441\u0432\u044f\u0437\u0430\u0442\u044c\u0441\u044f \u0441 \u043f\u0440\u043e\u0444\u0435\u0441\u0441\u0438\u043e\u043d\u0430\u043b\u0430\u043c\u0438, \u0440\u0430\u0431\u043e\u0442\u0430\u044e\u0449\u0438\u043c\u0438 \u0432 \u043a\u043e\u043c\u043f\u0430\u043d\u0438\u0438 \u00abAGN stiklai\u00bb, \u043a\u043e\u0442\u043e\u0440\u044b\u0435 \u0441 \u0440\u0430\u0434\u043e\u0441\u0442\u044c\u044e \u043f\u0440\u043e\u043a\u043e\u043d\u0441\u0443\u043b\u044c\u0442\u0438\u0440\u0443\u044e\u0442 \u0438 \u043e\u0442\u0432\u0435\u0442\u044f\u0442 \u043d\u0430 \u0432\u0441\u0435 \u0438\u043d\u0442\u0435\u0440\u0435\u0441\u0443\u044e\u0449\u0438\u0435 \u0412\u0430\u0441 \u0432\u043e\u043f\u0440\u043e\u0441\u044b \u043e \u0442\u043e\u043d\u0438\u0440\u043e\u0432\u0430\u043d\u0438\u0438 \u0430\u0432\u0442\u043e\u043c\u043e\u0431\u0438\u043b\u044c\u043d\u044b\u0445 \u0441\u0442\u0435\u043a\u043e\u043b \u043f\u043b\u0435\u043d\u043a\u0430\u043c\u0438.<\/p>\n","protected":false},"excerpt":{"rendered":"<p>\u0421\u043f\u0435\u0446\u0438\u0430\u043b\u0438\u0441\u0442\u044b, \u0440\u0430\u0431\u043e\u0442\u0430\u044e\u0449\u0438\u0435 \u0432 \u043a\u043e\u043c\u043f\u0430\u043d\u0438\u0438 \u00abAGN stiklai\u00bb, \u0438\u0441\u043f\u043e\u043b\u044c\u0437\u0443\u044e\u0442 \u0442\u043e\u043b\u044c\u043a\u043e \u043f\u043b\u0435\u043d\u043a\u0443 \u0434\u043b\u044f \u0442\u043e\u043d\u0438\u0440\u043e\u0432\u0430\u043d\u0438\u044f \u0441\u0442\u0435\u043a\u043e\u043b\u043a\u0430\u0447\u0435\u0441\u0442\u0432\u0435\u043d\u043d\u043e\u0433\u043e \u043f\u0440\u043e\u0438\u0437\u0432\u043e\u0434\u0441\u0442\u0432\u0430 \u043d\u0430\u0434\u0435\u0436\u043d\u044b\u0445 \u043f\u0440\u043e\u0438\u0437\u0432\u043e\u0434\u0438\u0442\u0435\u043b\u0435\u0439. \u0422\u0430\u043a\u0438\u043c \u043e\u0431\u0440\u0430\u0437\u043e\u043c \u043c\u044b \u043c\u043e\u0436\u0435\u043c \u043e\u0431\u0435\u0441\u043f\u0435\u0447\u0438\u0442\u044c \u043a\u0430\u0447\u0435\u0441\u0442\u0432\u0435\u043d\u043d\u043e\u0435 \u0437\u0430\u0442\u0435\u043c\u043d\u0435\u043d\u0438\u0435 \u0441\u0442\u0435\u043a\u043e\u043b, \u0430 \u0438\u0437 \u0430\u0441\u0441\u043e\u0440\u0442\u0438\u043c\u0435\u043d\u0442\u0430 \u043f\u043b\u0435\u043d\u043e\u043a \u0440\u0430\u0437\u043b\u0438\u0447\u043d\u044b\u0445 \u0442\u043e\u043d\u043e\u0432 \u043c\u044b \u043c\u043e\u0436\u0435\u043c \u043f\u0440\u0435\u0434\u043b\u043e\u0436\u0438\u0442\u044c \u0441\u0430\u043c\u044b\u0439 \u043f\u043e\u0434\u0445\u043e\u0434\u044f\u0449\u0438\u0439 \u0432\u0430\u0440\u0438\u0430\u043d\u0442 \u0412\u0430\u0448\u0435\u043c\u0443 \u0430\u0432\u0442\u043e\u043c\u043e\u0431\u0438\u043b\u044e. \u0422\u043e\u043d\u0438\u0440\u043e\u0432\u043a\u0430 \u043f\u043b\u0435\u043d\u043a\u043e\u0439 \u0430\u0432\u0442\u043e\u043c\u043e\u0431\u0438\u043b\u044c\u043d\u044b\u0445 \u0441\u0442\u0435\u043a\u043e\u043b \u043f\u0440\u0435\u0434\u043e\u0441\u0442\u0430\u0432\u043b\u044f\u0435\u0442 \u0412\u0430\u0448\u0435\u043c\u0443 \u0442\u0440\u0430\u043d\u0441\u043f\u043e\u0440\u0442\u043d\u043e\u043c\u0443 \u0441\u0440\u0435\u0434\u0441\u0442\u0432\u0443 \u0441\u043b\u0435\u0434\u0443\u044e\u0449\u0438\u0435 \u043f\u0440\u0435\u0438\u043c\u0443\u0449\u0435\u0441\u0442\u0432\u0430: \u0437\u0430\u0442\u0435\u043c\u043d\u0435\u043d\u043d\u043e\u0435 \u043f\u043b\u0435\u043d\u043a\u043e\u0439 \u0430\u0432\u0442\u043e\u043c\u043e\u0431\u0438\u043b\u044c\u043d\u043e\u0435 \u0441\u0442\u0435\u043a\u043b\u043e \u043f\u0440\u0435\u043a\u0440\u0430\u0441\u043d\u043e \u043f\u043e\u0433\u043b\u043e\u0449\u0430\u0435\u0442 \u0441\u043e\u043b\u043d\u0435\u0447\u043d\u044b\u0435 \u0431\u043b\u0438\u043a\u0438, [&hellip;]<\/p>\n","protected":false},"author":1,"featured_media":0,"parent":0,"menu_order":0,"comment_status":"closed","ping_status":"closed","template":"","meta":[],"translation":{"provider":"WPGlobus","version":"2.10.10","language":"ru","enabled_languages":["lt","en","ru"],"languages":{"lt":{"title":true,"content":true,"excerpt":false},"en":{"title":true,"content":true,"excerpt":false},"ru":{"title":true,"content":true,"excerpt":false}}},"yoast_head":"<!-- This site is optimized with the Yoast SEO plugin v20.3 - https:\/\/yoast.com\/wordpress\/plugins\/seo\/ -->\n<title>\u0422\u043e\u043d\u0438\u0440\u043e\u0432\u043a\u0430 \u0441\u0442\u0435\u043a\u043e\u043b \u043f\u043b\u0435\u043d\u043a\u0430\u043c\u0438 | AGN stiklai<\/title>\n<meta name=\"description\" content=\"\u0422\u043e\u043d\u0438\u0440\u043e\u0432\u043a\u0430 \u0430\u0432\u0442\u043e\u043c\u043e\u0431\u0438\u043b\u044c\u043d\u044b\u0445 \u0441\u0442\u0435\u043a\u043e\u043b \u043f\u043b\u0435\u043d\u043a\u0430\u043c\u0438 \u0440\u0430\u0437\u043d\u043e\u0433\u043e \u043f\u0440\u043e\u0446\u0435\u043d\u0442\u0430 \u0437\u0430\u0442\u0435\u043c\u043d\u0435\u043d\u0438\u044f. \u0412\u044b\u0441\u043e\u043a\u043e\u0435 \u043a\u0430\u0447\u0435\u0441\u0442\u0432\u043e \u0440\u0430\u0431\u043e\u0442.\" \/>\n<meta name=\"robots\" content=\"index, follow, max-snippet:-1, max-image-preview:large, max-video-preview:-1\" \/>\n<link rel=\"canonical\" href=\"https:\/\/agnstiklai.lt\/automobiliu-stiklu-tamsinimas-plevelemis\/\" \/>\n<meta property=\"og:locale\" content=\"ru_RU\" \/>\n<meta property=\"og:type\" content=\"article\" \/>\n<meta property=\"og:title\" content=\"{:lt}Automobili\u0173 stikl\u0173 tamsinimas pl\u0117vel\u0117mis | AGNstiklai.lt{:}{:en}Automobile glass tinting film | AGN stiklai{:}{:ru}\u0422\u043e\u043d\u0438\u0440\u043e\u0432\u043a\u0430 \u0441\u0442\u0435\u043a\u043e\u043b \u043f\u043b\u0435\u043d\u043a\u0430\u043c\u0438 | AGN stiklai{:}\" \/>\n<meta property=\"og:description\" content=\"\u0422\u043e\u043d\u0438\u0440\u043e\u0432\u043a\u0430 \u0430\u0432\u0442\u043e\u043c\u043e\u0431\u0438\u043b\u044c\u043d\u044b\u0445 \u0441\u0442\u0435\u043a\u043e\u043b \u043f\u043b\u0435\u043d\u043a\u0430\u043c\u0438 \u0440\u0430\u0437\u043d\u043e\u0433\u043e \u043f\u0440\u043e\u0446\u0435\u043d\u0442\u0430 \u0437\u0430\u0442\u0435\u043c\u043d\u0435\u043d\u0438\u044f. \u0412\u044b\u0441\u043e\u043a\u043e\u0435 \u043a\u0430\u0447\u0435\u0441\u0442\u0432\u043e \u0440\u0430\u0431\u043e\u0442.\" \/>\n<meta property=\"og:url\" content=\"https:\/\/agnstiklai.lt\/automobiliu-stiklu-tamsinimas-plevelemis\/\" \/>\n<meta property=\"og:site_name\" content=\"AGN stiklai\" \/>\n<meta property=\"article:modified_time\" content=\"2025-10-13T07:08:41+00:00\" \/>\n<meta name=\"twitter:card\" content=\"summary_large_image\" \/>\n<meta name=\"twitter:label1\" content=\"\u041f\u0440\u0438\u043c\u0435\u0440\u043d\u043e\u0435 \u0432\u0440\u0435\u043c\u044f \u0434\u043b\u044f \u0447\u0442\u0435\u043d\u0438\u044f\" \/>\n\t<meta name=\"twitter:data1\" content=\"2 \u043c\u0438\u043d\u0443\u0442\u044b\" \/>\n<script type=\"application\/ld+json\" class=\"yoast-schema-graph\">{\"@context\":\"https:\/\/schema.org\",\"@graph\":[{\"@type\":\"WebPage\",\"@id\":\"https:\/\/agnstiklai.lt\/automobiliu-stiklu-tamsinimas-plevelemis\/\",\"url\":\"https:\/\/agnstiklai.lt\/automobiliu-stiklu-tamsinimas-plevelemis\/\",\"name\":\"Automobili\u0173 stikl\u0173 tamsinimas pl\u0117vel\u0117mis | AGNstiklai.lt\",\"isPartOf\":{\"@id\":\"https:\/\/agnstiklai.lt\/#website\"},\"datePublished\":\"2020-09-13T14:07:44+00:00\",\"dateModified\":\"2025-10-13T07:08:41+00:00\",\"description\":\"Kokybi\u0161kas automobili\u0173 stikl\u0173 tamsinimas pl\u0117vel\u0117mis Vilniuje ir Klaip\u0117doje. Kvalifikuoti patyr\u0119 specialistai, patikim\u0173 gamintoj\u0173 stikl\u0173 tonavimo pl\u0117vel\u0117s.\",\"breadcrumb\":{\"@id\":\"https:\/\/agnstiklai.lt\/automobiliu-stiklu-tamsinimas-plevelemis\/#breadcrumb\"},\"inLanguage\":\"ru-RU\",\"potentialAction\":[{\"@type\":\"ReadAction\",\"target\":[\"https:\/\/agnstiklai.lt\/automobiliu-stiklu-tamsinimas-plevelemis\/\"]}]},{\"@type\":\"BreadcrumbList\",\"@id\":\"https:\/\/agnstiklai.lt\/automobiliu-stiklu-tamsinimas-plevelemis\/#breadcrumb\",\"itemListElement\":[{\"@type\":\"ListItem\",\"position\":1,\"name\":\"Home\",\"item\":\"https:\/\/agnstiklai.lt\/\"},{\"@type\":\"ListItem\",\"position\":2,\"name\":\"Stikl\u0173 tamsinimas pl\u0117vel\u0117mis\"}]},{\"@type\":\"WebSite\",\"@id\":\"https:\/\/agnstiklai.lt\/#website\",\"url\":\"https:\/\/agnstiklai.lt\/\",\"name\":\"AGN stiklai\",\"description\":\"Automobili\u0173 stiklai, automobili\u0173 stikl\u0173 keitimas\",\"potentialAction\":[{\"@type\":\"SearchAction\",\"target\":{\"@type\":\"EntryPoint\",\"urlTemplate\":\"https:\/\/agnstiklai.lt\/?s={search_term_string}\"},\"query-input\":\"required name=search_term_string\"}],\"inLanguage\":\"ru-RU\"}]}<\/script>\n<!-- \/ Yoast SEO plugin. -->","yoast_head_json":{"title":"\u0422\u043e\u043d\u0438\u0440\u043e\u0432\u043a\u0430 \u0441\u0442\u0435\u043a\u043e\u043b \u043f\u043b\u0435\u043d\u043a\u0430\u043c\u0438 | AGN stiklai","description":"\u0422\u043e\u043d\u0438\u0440\u043e\u0432\u043a\u0430 \u0430\u0432\u0442\u043e\u043c\u043e\u0431\u0438\u043b\u044c\u043d\u044b\u0445 \u0441\u0442\u0435\u043a\u043e\u043b \u043f\u043b\u0435\u043d\u043a\u0430\u043c\u0438 \u0440\u0430\u0437\u043d\u043e\u0433\u043e \u043f\u0440\u043e\u0446\u0435\u043d\u0442\u0430 \u0437\u0430\u0442\u0435\u043c\u043d\u0435\u043d\u0438\u044f. \u0412\u044b\u0441\u043e\u043a\u043e\u0435 \u043a\u0430\u0447\u0435\u0441\u0442\u0432\u043e \u0440\u0430\u0431\u043e\u0442.","robots":{"index":"index","follow":"follow","max-snippet":"max-snippet:-1","max-image-preview":"max-image-preview:large","max-video-preview":"max-video-preview:-1"},"canonical":"https:\/\/agnstiklai.lt\/automobiliu-stiklu-tamsinimas-plevelemis\/","og_locale":"ru_RU","og_type":"article","og_title":"{:lt}Automobili\u0173 stikl\u0173 tamsinimas pl\u0117vel\u0117mis | AGNstiklai.lt{:}{:en}Automobile glass tinting film | AGN stiklai{:}{:ru}\u0422\u043e\u043d\u0438\u0440\u043e\u0432\u043a\u0430 \u0441\u0442\u0435\u043a\u043e\u043b \u043f\u043b\u0435\u043d\u043a\u0430\u043c\u0438 | AGN stiklai{:}","og_description":"\u0422\u043e\u043d\u0438\u0440\u043e\u0432\u043a\u0430 \u0430\u0432\u0442\u043e\u043c\u043e\u0431\u0438\u043b\u044c\u043d\u044b\u0445 \u0441\u0442\u0435\u043a\u043e\u043b \u043f\u043b\u0435\u043d\u043a\u0430\u043c\u0438 \u0440\u0430\u0437\u043d\u043e\u0433\u043e \u043f\u0440\u043e\u0446\u0435\u043d\u0442\u0430 \u0437\u0430\u0442\u0435\u043c\u043d\u0435\u043d\u0438\u044f. \u0412\u044b\u0441\u043e\u043a\u043e\u0435 \u043a\u0430\u0447\u0435\u0441\u0442\u0432\u043e \u0440\u0430\u0431\u043e\u0442.","og_url":"https:\/\/agnstiklai.lt\/automobiliu-stiklu-tamsinimas-plevelemis\/","og_site_name":"AGN stiklai","article_modified_time":"2025-10-13T07:08:41+00:00","twitter_card":"summary_large_image","twitter_misc":{"\u041f\u0440\u0438\u043c\u0435\u0440\u043d\u043e\u0435 \u0432\u0440\u0435\u043c\u044f \u0434\u043b\u044f \u0447\u0442\u0435\u043d\u0438\u044f":"2 \u043c\u0438\u043d\u0443\u0442\u044b"},"schema":{"@context":"https:\/\/schema.org","@graph":[{"@type":"WebPage","@id":"https:\/\/agnstiklai.lt\/automobiliu-stiklu-tamsinimas-plevelemis\/","url":"https:\/\/agnstiklai.lt\/automobiliu-stiklu-tamsinimas-plevelemis\/","name":"Automobili\u0173 stikl\u0173 tamsinimas pl\u0117vel\u0117mis | AGNstiklai.lt","isPartOf":{"@id":"https:\/\/agnstiklai.lt\/#website"},"datePublished":"2020-09-13T14:07:44+00:00","dateModified":"2025-10-13T07:08:41+00:00","description":"Kokybi\u0161kas automobili\u0173 stikl\u0173 tamsinimas pl\u0117vel\u0117mis Vilniuje ir Klaip\u0117doje. Kvalifikuoti patyr\u0119 specialistai, patikim\u0173 gamintoj\u0173 stikl\u0173 tonavimo pl\u0117vel\u0117s.","breadcrumb":{"@id":"https:\/\/agnstiklai.lt\/automobiliu-stiklu-tamsinimas-plevelemis\/#breadcrumb"},"inLanguage":"ru-RU","potentialAction":[{"@type":"ReadAction","target":["https:\/\/agnstiklai.lt\/automobiliu-stiklu-tamsinimas-plevelemis\/"]}]},{"@type":"BreadcrumbList","@id":"https:\/\/agnstiklai.lt\/automobiliu-stiklu-tamsinimas-plevelemis\/#breadcrumb","itemListElement":[{"@type":"ListItem","position":1,"name":"Home","item":"https:\/\/agnstiklai.lt\/"},{"@type":"ListItem","position":2,"name":"Stikl\u0173 tamsinimas pl\u0117vel\u0117mis"}]},{"@type":"WebSite","@id":"https:\/\/agnstiklai.lt\/#website","url":"https:\/\/agnstiklai.lt\/","name":"AGN stiklai","description":"Automobili\u0173 stiklai, automobili\u0173 stikl\u0173 keitimas","potentialAction":[{"@type":"SearchAction","target":{"@type":"EntryPoint","urlTemplate":"https:\/\/agnstiklai.lt\/?s={search_term_string}"},"query-input":"required name=search_term_string"}],"inLanguage":"ru-RU"}]}},"_links":{"self":[{"href":"https:\/\/agnstiklai.lt\/ru\/wp-json\/wp\/v2\/pages\/37"}],"collection":[{"href":"https:\/\/agnstiklai.lt\/ru\/wp-json\/wp\/v2\/pages"}],"about":[{"href":"https:\/\/agnstiklai.lt\/ru\/wp-json\/wp\/v2\/types\/page"}],"author":[{"embeddable":true,"href":"https:\/\/agnstiklai.lt\/ru\/wp-json\/wp\/v2\/users\/1"}],"replies":[{"embeddable":true,"href":"https:\/\/agnstiklai.lt\/ru\/wp-json\/wp\/v2\/comments?post=37"}],"version-history":[{"count":4,"href":"https:\/\/agnstiklai.lt\/ru\/wp-json\/wp\/v2\/pages\/37\/revisions"}],"predecessor-version":[{"id":219,"href":"https:\/\/agnstiklai.lt\/ru\/wp-json\/wp\/v2\/pages\/37\/revisions\/219"}],"wp:attachment":[{"href":"https:\/\/agnstiklai.lt\/ru\/wp-json\/wp\/v2\/media?parent=37"}],"curies":[{"name":"wp","href":"https:\/\/api.w.org\/{rel}","templated":true}]}}