{"id":16,"date":"2020-09-13T03:54:05","date_gmt":"2020-09-13T05:54:05","guid":{"rendered":"http:\/\/agnstiklai.lt\/?page_id=16"},"modified":"2023-05-04T06:34:00","modified_gmt":"2023-05-04T08:34:00","slug":"autobusu-stiklu-remontas-ir-itrukimu-stabdymas","status":"publish","type":"page","link":"https:\/\/agnstiklai.lt\/ru\/avtobusy-ostanovka-i-remont-tresin\/","title":{"rendered":"\u0410\u0432\u0442\u043e\u0431\u0443\u0441\u044b \u043e\u0441\u0442\u0430\u043d\u043e\u0432\u043a\u0430 \u0438 \u0440\u0435\u043c\u043e\u043d\u0442 \u0442\u0440\u0435\u0449\u0438\u043d"},"content":{"rendered":"<p class=\"subtitle\">\u0415\u0441\u043b\u0438 \u0412\u044b \u043e\u0431\u043d\u0430\u0440\u0443\u0436\u0438\u043b\u0438 \u0432\u044b\u0431\u043e\u0438\u043d\u0443 \u0438\u043b\u0438 \u0434\u0430\u0436\u0435 \u043c\u0430\u043b\u0435\u0439\u0448\u0443\u044e \u0442\u0440\u0435\u0449\u0438\u043d\u0443 \u043d\u0430 \u0441\u0442\u0435\u043a\u043b\u0435 \u0441\u0432\u043e\u0435\u0433\u043e \u0442\u0440\u0430\u043d\u0441\u043f\u043e\u0440\u0442\u043d\u043e\u0433\u043e \u0441\u0440\u0435\u0434\u0441\u0442\u0432\u0430, \u043d\u0435 \u043c\u0435\u0434\u043b\u0438\u0442\u0435 \u0438 \u043f\u043e\u0441\u043a\u043e\u0440\u0435\u0435 \u043e\u0431\u0440\u0430\u0442\u0438\u0442\u0435\u0441\u044c \u043a \u043d\u0430\u0448\u0438\u043c \u0441\u043f\u0435\u0446\u0438\u0430\u043b\u0438\u0441\u0442\u0430\u043c \u00abAGN stiklai\u00bb. \u041c\u044b \u043f\u0440\u0435\u0436\u0434\u0435 \u0432\u0441\u0435\u0433\u043e \u043e\u0446\u0435\u043d\u0438\u0432\u0430\u0435\u043c \u0432\u043e\u0437\u043c\u043e\u0436\u043d\u043e\u0441\u0442\u044c \u043f\u0440\u043e\u0432\u0435\u0434\u0435\u043d\u0438\u044f \u0440\u0435\u043c\u043e\u043d\u0442\u0430 \u0441\u0442\u0435\u043a\u043b\u0430, \u0430 \u043d\u0435 \u0441\u043f\u0435\u0448\u0438\u043c \u0437\u0430\u043c\u0435\u043d\u0438\u0442\u044c \u0435\u0433\u043e \u043d\u0430 \u043d\u043e\u0432\u043e\u0435, \u0442\u0430\u043a\u0438\u043c \u043e\u0431\u0440\u0430\u0437\u043e\u043c \u0441\u0442\u0440\u0435\u043c\u044f\u0441\u044c \u0437\u0430\u0449\u0438\u0442\u0438\u0442\u044c \u0441\u0432\u043e\u0438\u0445 \u043a\u043b\u0438\u0435\u043d\u0442\u043e\u0432 \u043e\u0442 \u0431\u043e\u043b\u044c\u0448\u0438\u0445 \u043c\u0430\u0442\u0435\u0440\u0438\u0430\u043b\u044c\u043d\u044b\u0445 \u0440\u0430\u0441\u0445\u043e\u0434\u043e\u0432.<\/p>\n<p class=\"subtitle\">\u0412\u0430\u0448\u0430 \u0431\u0435\u0437\u043e\u043f\u0430\u0441\u043d\u043e\u0441\u0442\u044c \u044f\u0432\u043b\u044f\u0435\u0442\u0441\u044f \u043d\u0430\u0448\u0438\u043c \u043f\u0440\u0438\u043e\u0440\u0438\u0442\u0435\u0442\u043e\u043c, \u043f\u043e\u044d\u0442\u043e\u043c\u0443 \u0442\u043e\u043b\u044c\u043a\u043e \u043f\u043e\u0441\u043b\u0435 \u043e\u043f\u0440\u0435\u0434\u0435\u043b\u0435\u043d\u0438\u044f \u0442\u0438\u043f\u0430 \u0442\u0440\u0435\u0449\u0438\u043d\u044b \u0441\u0442\u0435\u043a\u043b\u0430, \u0441\u0442\u0435\u043f\u0435\u043d\u0438 \u0435\u0433\u043e \u0437\u0430\u0433\u0440\u044f\u0437\u043d\u0435\u043d\u0438\u044f, \u0430 \u0442\u0430\u043a\u0436\u0435 \u0434\u0440\u0443\u0433\u0438\u0445 \u0444\u0430\u043a\u0442\u043e\u0440\u043e\u0432, \u043c\u044b \u043f\u0440\u0435\u0434\u043e\u0441\u0442\u0430\u0432\u0438\u043c \u0437\u0430\u043a\u043b\u044e\u0447\u0435\u043d\u0438\u044f \u0441\u043f\u0435\u0446\u0438\u0430\u043b\u0438\u0441\u0442\u043e\u0432 \u043e \u0432\u043e\u0437\u043c\u043e\u0436\u043d\u043e\u0441\u0442\u0438 \u043f\u0440\u043e\u0432\u0435\u0434\u0435\u043d\u0438\u044f \u0440\u0435\u043c\u043e\u043d\u0442\u0430 \u0441\u0442\u0435\u043a\u043b\u0430 \u0438\u043b\u0438 \u043d\u0435\u043e\u0431\u0445\u043e\u0434\u0438\u043c\u043e\u0441\u0442\u0438 \u0437\u0430\u043c\u0435\u043d\u044b \u0441\u0442\u0435\u043a\u043b\u0430 \u043d\u0430 \u043d\u043e\u0432\u043e\u0435. \u0412 \u0431\u043e\u043b\u044c\u0448\u0438\u043d\u0441\u0442\u0432\u0435 \u0441\u043b\u0443\u0447\u0430\u0435\u0432, \u043c\u044b \u043c\u043e\u0436\u0435\u043c \u044d\u0444\u0444\u0435\u043a\u0442\u0438\u0432\u043d\u043e \u043e\u0442\u0440\u0435\u043c\u043e\u043d\u0442\u0438\u0440\u043e\u0432\u0430\u0442\u044c \u0442\u0440\u0435\u0449\u0438\u043d\u044b \u0441\u0442\u0435\u043a\u043e\u043b \u0442\u0440\u0430\u043d\u0441\u043f\u043e\u0440\u0442\u043d\u044b\u0445 \u0441\u0440\u0435\u0434\u0441\u0442\u0432 \u0438 \u0412\u044b \u0435\u0449\u0435 \u043d\u0435 \u043e\u0434\u0438\u043d \u0433\u043e\u0434 \u0441\u043c\u043e\u0436\u0435\u0442\u0435 \u0431\u0435\u0437\u043e\u043f\u0430\u0441\u043d\u043e \u0435\u0433\u043e \u044d\u043a\u0441\u043f\u043b\u0443\u0430\u0442\u0438\u0440\u043e\u0432\u0430\u0442\u044c.<\/p>\n<p class=\"subtitle\">\u0420\u0435\u043c\u043e\u043d\u0442 \u0441\u0442\u0435\u043a\u043e\u043b \u0442\u0440\u0430\u043d\u0441\u043f\u043e\u0440\u0442\u043d\u044b\u0445 \u0441\u0440\u0435\u0434\u0441\u0442\u0432 \u043d\u0435\u043b\u044c\u0437\u044f \u043e\u0442\u043b\u043e\u0436\u0438\u0442\u044c \u043d\u0430 \u043f\u043e\u0442\u043e\u043c \u0438 \u0441\u043b\u0435\u0434\u043e\u0432\u0430\u043b\u043e \u0431\u044b \u043f\u043e\u0441\u043a\u043e\u0440\u0435\u0435 \u043e\u0431\u0440\u0430\u0442\u0438\u0442\u044c\u0441\u044f \u043a \u0441\u043f\u0435\u0446\u0438\u0430\u043b\u0438\u0441\u0442\u0430\u043c,\u0442\u0430\u043a \u043a\u0430\u043a \u0441\u0443\u0449\u0435\u0441\u0442\u0432\u0443\u0435\u0442\u0446\u0435\u043b\u044b\u0439 \u0440\u044f\u0434 \u043f\u0440\u0438\u0447\u0438\u043d, \u043f\u043e \u043a\u043e\u0442\u043e\u0440\u044b\u043c \u0435\u0437\u0434\u0438\u0442\u044c \u0441 \u043f\u043e\u0432\u0440\u0435\u0436\u0434\u0435\u043d\u043d\u044b\u043c \u0441\u0442\u0435\u043a\u043b\u043e\u043c \u043d\u0435\u043b\u044c\u0437\u044f. \u041f\u0440\u0435\u0436\u0434\u0435 \u0432\u0441\u0435\u0433\u043e, \u0440\u0430\u0437\u043b\u0438\u0447\u043d\u044b\u0435 \u0432\u044b\u0431\u043e\u0438\u043d\u044b \u0438\u043b\u0438 \u0432\u043e\u0437\u043d\u0438\u043a\u0448\u0438\u0435 \u043c\u0435\u043b\u043a\u0438\u0435 \u0442\u0440\u0435\u0449\u0438\u043d\u044b \u0441\u043d\u0438\u0436\u0430\u044e\u0442 \u043f\u0440\u0435\u0434\u0432\u0430\u0440\u0438\u0442\u0435\u043b\u044c\u043d\u0443\u044e \u043f\u0440\u043e\u0447\u043d\u043e\u0441\u0442\u044c \u0441\u0442\u0435\u043a\u043b\u0430, \u0430 \u044d\u0442\u043e \u0432 \u0441\u0432\u043e\u044e \u043e\u0447\u0435\u0440\u0435\u0434\u044c \u0443\u043c\u0435\u043d\u044c\u0448\u0430\u0435\u0442 \u0431\u0435\u0437\u043e\u043f\u0430\u0441\u043d\u043e\u0441\u0442\u044c \u0442\u0440\u0430\u043d\u0441\u043f\u043e\u0440\u0442\u043d\u043e\u0433\u043e \u0441\u0440\u0435\u0434\u0441\u0442\u0432\u0430 \u0438 \u0441\u0442\u0430\u043d\u043e\u0432\u0438\u0442\u0441\u044f \u0443\u0433\u0440\u043e\u0437\u043e\u0439 \u043d\u0435 \u0442\u043e\u043b\u044c\u043a\u043e \u0434\u043b\u044f \u0432\u043e\u0434\u0438\u0442\u0435\u043b\u044f, \u043d\u043e \u0438 \u0434\u043b\u044f \u043f\u0430\u0441\u0441\u0430\u0436\u0438\u0440\u043e\u0432. \u0417\u0430\u0447\u0430\u0441\u0442\u0443\u044e \u0442\u0440\u0435\u0449\u0438\u043d\u044b \u0441\u0442\u0435\u043a\u043b\u0430 \u043c\u043e\u0433\u0443\u0442 \u043e\u0442\u0432\u043b\u0435\u0447\u044c \u0432\u043d\u0438\u043c\u0430\u043d\u0438\u0435 \u0432\u043e\u0434\u0438\u0442\u0435\u043b\u044f \u0438 \u0437\u0430\u0442\u0440\u0443\u0434\u043d\u044f\u0442\u044c \u043f\u043e\u043b\u043d\u043e\u0446\u0435\u043d\u043d\u0443\u044e \u0432\u0438\u0434\u0438\u043c\u043e\u0441\u0442\u044c. \u0412\u043e \u0432\u0442\u043e\u0440\u044b\u0445, \u0434\u0430\u0436\u0435 \u0441\u0430\u043c\u0430\u044f \u043f\u043e \u0432\u0430\u0448\u0435\u043c\u0443 \u043c\u043d\u0435\u043d\u0438\u044e \u043d\u0435\u0437\u043d\u0430\u0447\u0438\u0442\u0435\u043b\u044c\u043d\u0430\u044f \u0442\u0440\u0435\u0449\u0438\u043d\u0430 \u0438\u043b\u0438 \u0432\u044b\u0431\u043e\u0438\u043d\u0430 \u0441\u0442\u0435\u043a\u043b\u0430, \u043f\u043e\u0434 \u0432\u043e\u0437\u0434\u0435\u0439\u0441\u0442\u0432\u0438\u0435\u043c \u0440\u0430\u0437\u043b\u0438\u0447\u043d\u044b\u0445 \u0444\u0438\u0437\u0438\u0447\u0435\u0441\u043a\u0438\u0445 \u0444\u0430\u043a\u0442\u043e\u0440\u043e\u0432 \u043e\u043a\u0440\u0443\u0436\u0430\u044e\u0449\u0435\u0439 \u0441\u0440\u0435\u0434\u044b, \u043c\u043e\u0436\u0435\u0442 \u043e\u0447\u0435\u043d\u044c \u0431\u044b\u0441\u0442\u0440\u043e \u0443\u0432\u0435\u043b\u0438\u0447\u0438\u0442\u044c\u0441\u044f \u0438 \u0441\u0442\u0430\u0442\u044c \u0434\u043e\u0432\u043e\u043b\u044c\u043d\u043e \u0431\u043e\u043b\u044c\u0448\u0438\u043c \u0440\u0430\u0441\u043a\u043e\u043b\u043e\u043c, \u043e\u0442\u0440\u0435\u043c\u043e\u043d\u0442\u0438\u0440\u043e\u0432\u0430\u0442\u044c \u043a\u043e\u0442\u043e\u0440\u043e\u0433\u043e \u043c\u044b \u0443\u0436\u0435 \u043d\u0435 \u0441\u043c\u043e\u0436\u0435\u043c. \u0412 \u0442\u0440\u0435\u0442\u044c\u0438\u0445, \u0432\u043c\u0435\u0441\u0442\u0435 \u0441 \u0432\u043b\u0430\u0433\u043e\u0439 \u0432 \u0442\u0440\u0435\u0449\u0438\u043d\u044b \u0441\u0442\u0435\u043a\u043b\u0430 \u043f\u043e\u043f\u0430\u0434\u0430\u0435\u0442 \u043f\u044b\u043b\u044c, \u0433\u0440\u044f\u0437\u044c, \u0432\u043e\u0434\u0430, \u0430 \u044d\u0442\u043e \u0437\u043d\u0430\u0447\u0438\u0442\u0435\u043b\u044c\u043d\u043e \u0437\u0430\u0442\u0440\u0443\u0434\u043d\u044f\u0435\u0442 \u0440\u0435\u043c\u043e\u043d\u0442\u043d\u044b\u0435 \u0440\u0430\u0431\u043e\u0442\u044b \u0438 \u0441\u043d\u0438\u0436\u0430\u0435\u0442 \u043a\u0430\u0447\u0435\u0441\u0442\u0432\u043e \u0432\u044b\u043f\u043e\u043b\u043d\u044f\u0435\u043c\u043e\u0439 \u0440\u0430\u0431\u043e\u0442\u044b. \u0421\u043b\u0435\u0434\u043e\u0432\u0430\u0442\u0435\u043b\u044c\u043d\u043e, \u0442\u0440\u0435\u0449\u0438\u043d\u044b \u0441\u0442\u0435\u043a\u043b\u0430 \u043d\u0435\u043e\u0431\u0445\u043e\u0434\u0438\u043c\u043e \u043e\u0442\u0440\u0435\u043c\u043e\u043d\u0442\u0438\u0440\u043e\u0432\u0430\u0442\u044c \u043d\u0435\u0437\u0430\u043c\u0435\u0434\u043b\u0438\u0442\u0435\u043b\u044c\u043d\u043e, \u0435\u0441\u043b\u0438 \u0412\u044b \u0437\u0430\u0438\u043d\u0442\u0435\u0440\u0435\u0441\u043e\u0432\u0430\u043d\u044b \u0431\u0435\u0437\u043e\u043f\u0430\u0441\u043d\u043e\u0439 \u044d\u043a\u0441\u043f\u043b\u0443\u0430\u0442\u0430\u0446\u0438\u0435\u0439 \u0441\u0432\u043e\u0435\u0433\u043e \u0442\u0440\u0430\u043d\u0441\u043f\u043e\u0440\u0442\u043d\u043e\u0433\u043e \u0441\u0440\u0435\u0434\u0441\u0442\u0432\u0430 \u0438 \u043d\u0430\u0438\u043b\u0443\u0447\u0448\u0438\u043c\u0438 \u0440\u0435\u0437\u0443\u043b\u044c\u0442\u0430\u0442\u0430\u043c\u0438 \u0440\u0435\u043c\u043e\u043d\u0442\u0430 \u0441\u0442\u0435\u043a\u043b\u0430.<\/p>\n<p class=\"subtitle\">\u041a\u0430\u0447\u0435\u0441\u0442\u0432\u043e \u0440\u0435\u043c\u043e\u043d\u0442\u0430 \u0442\u0440\u0435\u0449\u0438\u043d \u0441\u0442\u0435\u043a\u043e\u043b \u0442\u0440\u0430\u043d\u0441\u043f\u043e\u0440\u0442\u043d\u044b\u0445 \u0441\u0440\u0435\u0434\u0441\u0442\u0432 \u0442\u0430\u043a \u0436\u0435 \u043e\u0447\u0435\u043d\u044c \u0437\u0430\u0432\u0438\u0441\u0438\u0442 \u043e\u0442 \u043f\u0440\u043e\u0444\u0435\u0441\u0441\u0438\u043e\u043d\u0430\u043b\u0438\u0437\u043c\u0430, \u0437\u043d\u0430\u043d\u0438\u0439 \u0438 \u043e\u043f\u044b\u0442\u0430 \u0441\u043e\u0442\u0440\u0443\u0434\u043d\u0438\u043a\u043e\u0432, \u0432\u044b\u043f\u043e\u043b\u043d\u044f\u044e\u0449\u0438\u0445 \u0440\u0435\u043c\u043e\u043d\u0442\u043d\u044b\u0435 \u0440\u0430\u0431\u043e\u0442\u044b. \u041c\u044b \u043c\u043e\u0436\u0435\u043c \u0433\u0430\u0440\u0430\u043d\u0442\u0438\u0440\u043e\u0432\u0430\u0442\u044c, \u0447\u0442\u043e \u043f\u0440\u043e\u0444\u0435\u0441\u0441\u0438\u043e\u043d\u0430\u043b\u044b, \u0440\u0430\u0431\u043e\u0442\u0430\u044e\u0449\u0438\u0435 \u0432 \u043a\u043e\u043c\u043f\u0430\u043d\u0438\u0438 \u00abAGN stiklai\u00bb, \u043d\u0435 \u0442\u043e\u043b\u044c\u043a\u043e \u043d\u0430\u0434\u043b\u0435\u0436\u0430\u0449\u0438\u043c \u043e\u0431\u0440\u0430\u0437\u043e\u043c \u0438 \u0443\u0441\u043f\u0435\u0448\u043d\u043e \u043f\u043e\u0437\u0430\u0431\u043e\u0442\u044f\u0442\u0441\u044f \u043e \u0441\u0442\u0435\u043a\u043b\u0430\u0445 \u0412\u0430\u0448\u0435\u0433\u043e \u0442\u0440\u0430\u043d\u0441\u043f\u043e\u0440\u0442\u043d\u043e\u0433\u043e \u0441\u0440\u0435\u0434\u0441\u0442\u0432\u0430, \u043d\u043e \u0432\u0441\u0435\u0433\u0434\u0430 \u0441 \u0440\u0430\u0434\u043e\u0441\u0442\u044c\u044e \u043f\u0440\u043e\u043a\u043e\u043d\u0441\u0443\u043b\u044c\u0442\u0438\u0440\u0443\u044e\u0442, \u0430 \u0442\u0430\u043a\u0436\u0435 \u043e\u0442\u0432\u0435\u0442\u044f\u0442 \u043d\u0430 \u0432\u0441\u0435 \u0432\u043e\u0437\u043d\u0438\u043a\u0448\u0438\u0435 \u0443 \u0412\u0430\u0441 \u0432\u043e\u043f\u0440\u043e\u0441\u044b. \u041b\u044e\u0431\u0435\u0437\u043d\u043e \u043f\u0440\u043e\u0441\u0438\u043c \u0412\u0430\u0441 \u0441\u0432\u044f\u0437\u0430\u0442\u044c\u0441\u044f \u0441 \u043d\u0430\u043c\u0438.<\/p>\n","protected":false},"excerpt":{"rendered":"<p>\u0415\u0441\u043b\u0438 \u0412\u044b \u043e\u0431\u043d\u0430\u0440\u0443\u0436\u0438\u043b\u0438 \u0432\u044b\u0431\u043e\u0438\u043d\u0443 \u0438\u043b\u0438 \u0434\u0430\u0436\u0435 \u043c\u0430\u043b\u0435\u0439\u0448\u0443\u044e \u0442\u0440\u0435\u0449\u0438\u043d\u0443 \u043d\u0430 \u0441\u0442\u0435\u043a\u043b\u0435 \u0441\u0432\u043e\u0435\u0433\u043e \u0442\u0440\u0430\u043d\u0441\u043f\u043e\u0440\u0442\u043d\u043e\u0433\u043e \u0441\u0440\u0435\u0434\u0441\u0442\u0432\u0430, \u043d\u0435 \u043c\u0435\u0434\u043b\u0438\u0442\u0435 \u0438 \u043f\u043e\u0441\u043a\u043e\u0440\u0435\u0435 \u043e\u0431\u0440\u0430\u0442\u0438\u0442\u0435\u0441\u044c \u043a \u043d\u0430\u0448\u0438\u043c \u0441\u043f\u0435\u0446\u0438\u0430\u043b\u0438\u0441\u0442\u0430\u043c \u00abAGN stiklai\u00bb. \u041c\u044b \u043f\u0440\u0435\u0436\u0434\u0435 \u0432\u0441\u0435\u0433\u043e \u043e\u0446\u0435\u043d\u0438\u0432\u0430\u0435\u043c \u0432\u043e\u0437\u043c\u043e\u0436\u043d\u043e\u0441\u0442\u044c \u043f\u0440\u043e\u0432\u0435\u0434\u0435\u043d\u0438\u044f \u0440\u0435\u043c\u043e\u043d\u0442\u0430 \u0441\u0442\u0435\u043a\u043b\u0430, \u0430 \u043d\u0435 \u0441\u043f\u0435\u0448\u0438\u043c \u0437\u0430\u043c\u0435\u043d\u0438\u0442\u044c \u0435\u0433\u043e \u043d\u0430 \u043d\u043e\u0432\u043e\u0435, \u0442\u0430\u043a\u0438\u043c \u043e\u0431\u0440\u0430\u0437\u043e\u043c \u0441\u0442\u0440\u0435\u043c\u044f\u0441\u044c \u0437\u0430\u0449\u0438\u0442\u0438\u0442\u044c \u0441\u0432\u043e\u0438\u0445 \u043a\u043b\u0438\u0435\u043d\u0442\u043e\u0432 \u043e\u0442 \u0431\u043e\u043b\u044c\u0448\u0438\u0445 \u043c\u0430\u0442\u0435\u0440\u0438\u0430\u043b\u044c\u043d\u044b\u0445 \u0440\u0430\u0441\u0445\u043e\u0434\u043e\u0432. \u0412\u0430\u0448\u0430 \u0431\u0435\u0437\u043e\u043f\u0430\u0441\u043d\u043e\u0441\u0442\u044c \u044f\u0432\u043b\u044f\u0435\u0442\u0441\u044f \u043d\u0430\u0448\u0438\u043c \u043f\u0440\u0438\u043e\u0440\u0438\u0442\u0435\u0442\u043e\u043c, \u043f\u043e\u044d\u0442\u043e\u043c\u0443 \u0442\u043e\u043b\u044c\u043a\u043e [&hellip;]<\/p>\n","protected":false},"author":1,"featured_media":0,"parent":0,"menu_order":0,"comment_status":"closed","ping_status":"closed","template":"","meta":[],"translation":{"provider":"WPGlobus","version":"2.10.10","language":"ru","enabled_languages":["lt","en","ru"],"languages":{"lt":{"title":true,"content":true,"excerpt":false},"en":{"title":true,"content":true,"excerpt":false},"ru":{"title":true,"content":true,"excerpt":false}}},"yoast_head":"<!-- This site is optimized with the Yoast SEO plugin v20.3 - https:\/\/yoast.com\/wordpress\/plugins\/seo\/ -->\n<title>\u0410\u0432\u0442\u043e\u0431\u0443\u0441\u044b \u043e\u0441\u0442\u0430\u043d\u043e\u0432\u043a\u0430 \u0438 \u0440\u0435\u043c\u043e\u043d\u0442 \u0442\u0440\u0435\u0449\u0438\u043d | AGN stiklai<\/title>\n<meta name=\"description\" content=\"\u041e\u0441\u0442\u0430\u043d\u043e\u0432\u043a\u0430 \u0438 \u043f\u0440\u043e\u0444\u0435\u0441\u0441\u0438\u043e\u043d\u0430\u043b\u044c\u043d\u044b\u0439 \u0440\u0435\u043c\u043e\u043d\u0442 \u0442\u0440\u0435\u0449\u0438\u043d \u0441\u0442\u0435\u043a\u043e\u043b \u0430\u0432\u0442\u043e\u0431\u0443\u0441\u0430\u0445. \u0412\u044b\u0441\u043e\u043a\u043e\u0435 \u043a\u0430\u0447\u0435\u0441\u0442\u0432\u043e \u0440\u0430\u0431\u043e\u0442.\" \/>\n<meta name=\"robots\" content=\"index, follow, max-snippet:-1, max-image-preview:large, max-video-preview:-1\" \/>\n<link rel=\"canonical\" href=\"https:\/\/agnstiklai.lt\/autobusu-stiklu-remontas-ir-itrukimu-stabdymas\/\" \/>\n<meta property=\"og:locale\" content=\"ru_RU\" \/>\n<meta property=\"og:type\" content=\"article\" \/>\n<meta property=\"og:title\" content=\"{:lt}Autobus\u0173 stikl\u0173 remontas | AGNstiklai.lt{:}{:en}Buses the restoration of bus\u2019s car glass batch | AGN stiklai{:}{:ru}\u0410\u0432\u0442\u043e\u0431\u0443\u0441\u044b \u043e\u0441\u0442\u0430\u043d\u043e\u0432\u043a\u0430 \u0438 \u0440\u0435\u043c\u043e\u043d\u0442 \u0442\u0440\u0435\u0449\u0438\u043d | AGN stiklai{:}\" \/>\n<meta property=\"og:description\" content=\"\u041e\u0441\u0442\u0430\u043d\u043e\u0432\u043a\u0430 \u0438 \u043f\u0440\u043e\u0444\u0435\u0441\u0441\u0438\u043e\u043d\u0430\u043b\u044c\u043d\u044b\u0439 \u0440\u0435\u043c\u043e\u043d\u0442 \u0442\u0440\u0435\u0449\u0438\u043d \u0441\u0442\u0435\u043a\u043e\u043b \u0430\u0432\u0442\u043e\u0431\u0443\u0441\u0430\u0445. \u0412\u044b\u0441\u043e\u043a\u043e\u0435 \u043a\u0430\u0447\u0435\u0441\u0442\u0432\u043e \u0440\u0430\u0431\u043e\u0442.\" \/>\n<meta property=\"og:url\" content=\"https:\/\/agnstiklai.lt\/autobusu-stiklu-remontas-ir-itrukimu-stabdymas\/\" \/>\n<meta property=\"og:site_name\" content=\"AGN stiklai\" \/>\n<meta property=\"article:modified_time\" content=\"2023-05-04T08:34:00+00:00\" \/>\n<meta name=\"twitter:card\" content=\"summary_large_image\" \/>\n<meta name=\"twitter:label1\" content=\"\u041f\u0440\u0438\u043c\u0435\u0440\u043d\u043e\u0435 \u0432\u0440\u0435\u043c\u044f \u0434\u043b\u044f \u0447\u0442\u0435\u043d\u0438\u044f\" \/>\n\t<meta name=\"twitter:data1\" content=\"2 \u043c\u0438\u043d\u0443\u0442\u044b\" \/>\n<script type=\"application\/ld+json\" class=\"yoast-schema-graph\">{\"@context\":\"https:\/\/schema.org\",\"@graph\":[{\"@type\":\"WebPage\",\"@id\":\"https:\/\/agnstiklai.lt\/autobusu-stiklu-remontas-ir-itrukimu-stabdymas\/\",\"url\":\"https:\/\/agnstiklai.lt\/autobusu-stiklu-remontas-ir-itrukimu-stabdymas\/\",\"name\":\"Autobus\u0173 stikl\u0173 remontas | AGNstiklai.lt\",\"isPartOf\":{\"@id\":\"https:\/\/agnstiklai.lt\/#website\"},\"datePublished\":\"2020-09-13T05:54:05+00:00\",\"dateModified\":\"2023-05-04T08:34:00+00:00\",\"description\":\"Operatyvus ir kokybi\u0161kas autobus\u0173 stikl\u0173 remontas Vilniuje ir Klaip\u0117doje. Saugus autobus\u0173 stikl\u0173 \u012ftr\u016bkim\u0173, \u012fdau\u017e\u0173 stabdymas pa\u017eangiomis technologijomis.\",\"breadcrumb\":{\"@id\":\"https:\/\/agnstiklai.lt\/autobusu-stiklu-remontas-ir-itrukimu-stabdymas\/#breadcrumb\"},\"inLanguage\":\"ru-RU\",\"potentialAction\":[{\"@type\":\"ReadAction\",\"target\":[\"https:\/\/agnstiklai.lt\/autobusu-stiklu-remontas-ir-itrukimu-stabdymas\/\"]}]},{\"@type\":\"BreadcrumbList\",\"@id\":\"https:\/\/agnstiklai.lt\/autobusu-stiklu-remontas-ir-itrukimu-stabdymas\/#breadcrumb\",\"itemListElement\":[{\"@type\":\"ListItem\",\"position\":1,\"name\":\"Home\",\"item\":\"https:\/\/agnstiklai.lt\/\"},{\"@type\":\"ListItem\",\"position\":2,\"name\":\"Stikl\u0173 remontas ir \u012ftr\u016bkim\u0173 stabdymas\"}]},{\"@type\":\"WebSite\",\"@id\":\"https:\/\/agnstiklai.lt\/#website\",\"url\":\"https:\/\/agnstiklai.lt\/\",\"name\":\"AGN stiklai\",\"description\":\"Automobili\u0173 stiklai, automobili\u0173 stikl\u0173 keitimas\",\"potentialAction\":[{\"@type\":\"SearchAction\",\"target\":{\"@type\":\"EntryPoint\",\"urlTemplate\":\"https:\/\/agnstiklai.lt\/?s={search_term_string}\"},\"query-input\":\"required name=search_term_string\"}],\"inLanguage\":\"ru-RU\"}]}<\/script>\n<!-- \/ Yoast SEO plugin. -->","yoast_head_json":{"title":"\u0410\u0432\u0442\u043e\u0431\u0443\u0441\u044b \u043e\u0441\u0442\u0430\u043d\u043e\u0432\u043a\u0430 \u0438 \u0440\u0435\u043c\u043e\u043d\u0442 \u0442\u0440\u0435\u0449\u0438\u043d | AGN stiklai","description":"\u041e\u0441\u0442\u0430\u043d\u043e\u0432\u043a\u0430 \u0438 \u043f\u0440\u043e\u0444\u0435\u0441\u0441\u0438\u043e\u043d\u0430\u043b\u044c\u043d\u044b\u0439 \u0440\u0435\u043c\u043e\u043d\u0442 \u0442\u0440\u0435\u0449\u0438\u043d \u0441\u0442\u0435\u043a\u043e\u043b \u0430\u0432\u0442\u043e\u0431\u0443\u0441\u0430\u0445. \u0412\u044b\u0441\u043e\u043a\u043e\u0435 \u043a\u0430\u0447\u0435\u0441\u0442\u0432\u043e \u0440\u0430\u0431\u043e\u0442.","robots":{"index":"index","follow":"follow","max-snippet":"max-snippet:-1","max-image-preview":"max-image-preview:large","max-video-preview":"max-video-preview:-1"},"canonical":"https:\/\/agnstiklai.lt\/autobusu-stiklu-remontas-ir-itrukimu-stabdymas\/","og_locale":"ru_RU","og_type":"article","og_title":"{:lt}Autobus\u0173 stikl\u0173 remontas | AGNstiklai.lt{:}{:en}Buses the restoration of bus\u2019s car glass batch | AGN stiklai{:}{:ru}\u0410\u0432\u0442\u043e\u0431\u0443\u0441\u044b \u043e\u0441\u0442\u0430\u043d\u043e\u0432\u043a\u0430 \u0438 \u0440\u0435\u043c\u043e\u043d\u0442 \u0442\u0440\u0435\u0449\u0438\u043d | AGN stiklai{:}","og_description":"\u041e\u0441\u0442\u0430\u043d\u043e\u0432\u043a\u0430 \u0438 \u043f\u0440\u043e\u0444\u0435\u0441\u0441\u0438\u043e\u043d\u0430\u043b\u044c\u043d\u044b\u0439 \u0440\u0435\u043c\u043e\u043d\u0442 \u0442\u0440\u0435\u0449\u0438\u043d \u0441\u0442\u0435\u043a\u043e\u043b \u0430\u0432\u0442\u043e\u0431\u0443\u0441\u0430\u0445. \u0412\u044b\u0441\u043e\u043a\u043e\u0435 \u043a\u0430\u0447\u0435\u0441\u0442\u0432\u043e \u0440\u0430\u0431\u043e\u0442.","og_url":"https:\/\/agnstiklai.lt\/autobusu-stiklu-remontas-ir-itrukimu-stabdymas\/","og_site_name":"AGN stiklai","article_modified_time":"2023-05-04T08:34:00+00:00","twitter_card":"summary_large_image","twitter_misc":{"\u041f\u0440\u0438\u043c\u0435\u0440\u043d\u043e\u0435 \u0432\u0440\u0435\u043c\u044f \u0434\u043b\u044f \u0447\u0442\u0435\u043d\u0438\u044f":"2 \u043c\u0438\u043d\u0443\u0442\u044b"},"schema":{"@context":"https:\/\/schema.org","@graph":[{"@type":"WebPage","@id":"https:\/\/agnstiklai.lt\/autobusu-stiklu-remontas-ir-itrukimu-stabdymas\/","url":"https:\/\/agnstiklai.lt\/autobusu-stiklu-remontas-ir-itrukimu-stabdymas\/","name":"Autobus\u0173 stikl\u0173 remontas | AGNstiklai.lt","isPartOf":{"@id":"https:\/\/agnstiklai.lt\/#website"},"datePublished":"2020-09-13T05:54:05+00:00","dateModified":"2023-05-04T08:34:00+00:00","description":"Operatyvus ir kokybi\u0161kas autobus\u0173 stikl\u0173 remontas Vilniuje ir Klaip\u0117doje. Saugus autobus\u0173 stikl\u0173 \u012ftr\u016bkim\u0173, \u012fdau\u017e\u0173 stabdymas pa\u017eangiomis technologijomis.","breadcrumb":{"@id":"https:\/\/agnstiklai.lt\/autobusu-stiklu-remontas-ir-itrukimu-stabdymas\/#breadcrumb"},"inLanguage":"ru-RU","potentialAction":[{"@type":"ReadAction","target":["https:\/\/agnstiklai.lt\/autobusu-stiklu-remontas-ir-itrukimu-stabdymas\/"]}]},{"@type":"BreadcrumbList","@id":"https:\/\/agnstiklai.lt\/autobusu-stiklu-remontas-ir-itrukimu-stabdymas\/#breadcrumb","itemListElement":[{"@type":"ListItem","position":1,"name":"Home","item":"https:\/\/agnstiklai.lt\/"},{"@type":"ListItem","position":2,"name":"Stikl\u0173 remontas ir \u012ftr\u016bkim\u0173 stabdymas"}]},{"@type":"WebSite","@id":"https:\/\/agnstiklai.lt\/#website","url":"https:\/\/agnstiklai.lt\/","name":"AGN stiklai","description":"Automobili\u0173 stiklai, automobili\u0173 stikl\u0173 keitimas","potentialAction":[{"@type":"SearchAction","target":{"@type":"EntryPoint","urlTemplate":"https:\/\/agnstiklai.lt\/?s={search_term_string}"},"query-input":"required name=search_term_string"}],"inLanguage":"ru-RU"}]}},"_links":{"self":[{"href":"https:\/\/agnstiklai.lt\/ru\/wp-json\/wp\/v2\/pages\/16"}],"collection":[{"href":"https:\/\/agnstiklai.lt\/ru\/wp-json\/wp\/v2\/pages"}],"about":[{"href":"https:\/\/agnstiklai.lt\/ru\/wp-json\/wp\/v2\/types\/page"}],"author":[{"embeddable":true,"href":"https:\/\/agnstiklai.lt\/ru\/wp-json\/wp\/v2\/users\/1"}],"replies":[{"embeddable":true,"href":"https:\/\/agnstiklai.lt\/ru\/wp-json\/wp\/v2\/comments?post=16"}],"version-history":[{"count":6,"href":"https:\/\/agnstiklai.lt\/ru\/wp-json\/wp\/v2\/pages\/16\/revisions"}],"predecessor-version":[{"id":199,"href":"https:\/\/agnstiklai.lt\/ru\/wp-json\/wp\/v2\/pages\/16\/revisions\/199"}],"wp:attachment":[{"href":"https:\/\/agnstiklai.lt\/ru\/wp-json\/wp\/v2\/media?parent=16"}],"curies":[{"name":"wp","href":"https:\/\/api.w.org\/{rel}","templated":true}]}}