{"id":8,"date":"2020-09-11T10:41:03","date_gmt":"2020-09-11T12:41:03","guid":{"rendered":"http:\/\/agnstiklai.lt\/?page_id=8"},"modified":"2023-03-16T08:48:55","modified_gmt":"2023-03-16T10:48:55","slug":"apie-mus","status":"publish","type":"page","link":"https:\/\/agnstiklai.lt\/en\/about-us\/","title":{"rendered":"About us"},"content":{"rendered":"<p class=\"subtitle\">The company \u201cAGN stiklai\u201d renders various services related to the selling, repairing and replacing the car glass. We follow long-term goals and we are striving that our company\u2019s name be associated with the highest quality standards, professionalism, expedition and the guarantees for the client safety. That is why the highly experienced and always improving glass specialists do the work expeditiously, professionally and they do it by adhering to all of the rules prescribed by the manufacturer and the technological requirements of the car glass replacement.<\/p>\n<p class=\"subtitle\">In \u201eAGN Stiklai\u201d warehouses we are holding various manufacturers models of the vehicles\u2019 car glass, such as:Saint-Gobain, Pilkington, AGC, Guardian, FYG, XYG. By collaborating with a couple, time tested and the best car glass manufacturers, we will always be able to offer you the best price-quality ratio.<\/p>\n<h3 style=\"padding-top: 20px; padding-bottom: 10px;\">Why it pays to choose the company \u201eAGN Stiklai\u201d?<\/h3>\n<ul class=\"list list-marked\">\n<li class=\"list-st\">Because we have gathered a huge experience and we are true professionals of our field, who guarantee to you that all of the works will be completed in good quality, by adhering to the rules prescribed by the manufacturers and the technological requirements of the car glass replacement.<\/li>\n<li class=\"list-st\">Because we render various services ranging from the selling, replacing, repairing, re-gluing of the car glass too car glass tinting with sheets, burnishing, mirror gluing, etc.<\/li>\n<li class=\"list-st\">Because our company collaborates only with the best and renowned in the world car glass manufacturers.<\/li>\n<li class=\"list-st\">Because we will take care of the car glass of the car, bus, truck or other agricultural or constructional mechanisms.<\/li>\n<li class=\"list-st\">Because we will try not only to complete the car glass repair or replacement works in good quality, but also we will do it optimally and fast in order for you to safely continue your journey.<\/li>\n<\/ul>\n<p class=\"subtitle\">\u201eAGN Stiklai\u201d renders various services relating to the glass for cars, buses, trucks, agricultural and constructional mechanisms. Contact us and visit the \u201cAGN stiklai\u201d service where our employees will gladly consult and answer all of your questions.<\/p>\n","protected":false},"excerpt":{"rendered":"<p>The company \u201cAGN stiklai\u201d renders various services related to the selling, repairing and replacing the car glass. We follow long-term goals and we are striving that our company\u2019s name be associated with the highest quality standards, professionalism, expedition and the guarantees for the client safety. That is why the highly experienced and always improving glass [&hellip;]<\/p>\n","protected":false},"author":1,"featured_media":0,"parent":0,"menu_order":0,"comment_status":"closed","ping_status":"closed","template":"","meta":[],"translation":{"provider":"WPGlobus","version":"2.10.10","language":"en","enabled_languages":["lt","en","ru"],"languages":{"lt":{"title":true,"content":true,"excerpt":false},"en":{"title":true,"content":true,"excerpt":false},"ru":{"title":true,"content":true,"excerpt":false}}},"yoast_head":"<!-- This site is optimized with the Yoast SEO plugin v20.3 - https:\/\/yoast.com\/wordpress\/plugins\/seo\/ -->\n<title>About us | AGN stiklai<\/title>\n<meta name=\"description\" content=\"The company \u201cAGN stiklai\u201d renders various services related to the selling, repairing and replacing the car glass.\" \/>\n<meta name=\"robots\" content=\"index, follow, max-snippet:-1, max-image-preview:large, max-video-preview:-1\" \/>\n<link rel=\"canonical\" href=\"https:\/\/agnstiklai.lt\/apie-mus\/\" \/>\n<meta property=\"og:locale\" content=\"en_US\" \/>\n<meta property=\"og:type\" content=\"article\" \/>\n<meta property=\"og:title\" content=\"{:lt}Apie mus | AGNstiklai.lt{:}{:en}About us | AGN stiklai{:}{:ru}\u041e \u043d\u0430\u0441 | AGN stiklai{:}\" \/>\n<meta property=\"og:description\" content=\"The company \u201cAGN stiklai\u201d renders various services related to the selling, repairing and replacing the car glass.\" \/>\n<meta property=\"og:url\" content=\"https:\/\/agnstiklai.lt\/apie-mus\/\" \/>\n<meta property=\"og:site_name\" content=\"AGN stiklai\" \/>\n<meta property=\"article:modified_time\" content=\"2023-03-16T10:48:55+00:00\" \/>\n<meta name=\"twitter:card\" content=\"summary_large_image\" \/>\n<meta name=\"twitter:label1\" content=\"Est. reading time\" \/>\n\t<meta name=\"twitter:data1\" content=\"2 minutes\" \/>\n<script type=\"application\/ld+json\" class=\"yoast-schema-graph\">{\"@context\":\"https:\/\/schema.org\",\"@graph\":[{\"@type\":\"WebPage\",\"@id\":\"https:\/\/agnstiklai.lt\/apie-mus\/\",\"url\":\"https:\/\/agnstiklai.lt\/apie-mus\/\",\"name\":\"Apie mus | AGNstiklai.lt\",\"isPartOf\":{\"@id\":\"https:\/\/agnstiklai.lt\/#website\"},\"datePublished\":\"2020-09-11T12:41:03+00:00\",\"dateModified\":\"2023-03-16T10:48:55+00:00\",\"description\":\"Stikl\u0173 keitimo \u012fmon\u0117 \u201eAGN Stiklai\u201d - specializuotas transporto priemoni\u0173 stikl\u0173 servisas, auk\u0161tos kvalifikacijos specialistai, inovatyvios technologijos.\",\"breadcrumb\":{\"@id\":\"https:\/\/agnstiklai.lt\/apie-mus\/#breadcrumb\"},\"inLanguage\":\"en-US\",\"potentialAction\":[{\"@type\":\"ReadAction\",\"target\":[\"https:\/\/agnstiklai.lt\/apie-mus\/\"]}]},{\"@type\":\"BreadcrumbList\",\"@id\":\"https:\/\/agnstiklai.lt\/apie-mus\/#breadcrumb\",\"itemListElement\":[{\"@type\":\"ListItem\",\"position\":1,\"name\":\"Home\",\"item\":\"https:\/\/agnstiklai.lt\/\"},{\"@type\":\"ListItem\",\"position\":2,\"name\":\"Apie mus\"}]},{\"@type\":\"WebSite\",\"@id\":\"https:\/\/agnstiklai.lt\/#website\",\"url\":\"https:\/\/agnstiklai.lt\/\",\"name\":\"AGN stiklai\",\"description\":\"Automobili\u0173 stiklai, automobili\u0173 stikl\u0173 keitimas\",\"potentialAction\":[{\"@type\":\"SearchAction\",\"target\":{\"@type\":\"EntryPoint\",\"urlTemplate\":\"https:\/\/agnstiklai.lt\/?s={search_term_string}\"},\"query-input\":\"required name=search_term_string\"}],\"inLanguage\":\"en-US\"}]}<\/script>\n<!-- \/ Yoast SEO plugin. -->","yoast_head_json":{"title":"About us | AGN stiklai","description":"The company \u201cAGN stiklai\u201d renders various services related to the selling, repairing and replacing the car glass.","robots":{"index":"index","follow":"follow","max-snippet":"max-snippet:-1","max-image-preview":"max-image-preview:large","max-video-preview":"max-video-preview:-1"},"canonical":"https:\/\/agnstiklai.lt\/apie-mus\/","og_locale":"en_US","og_type":"article","og_title":"{:lt}Apie mus | AGNstiklai.lt{:}{:en}About us | AGN stiklai{:}{:ru}\u041e \u043d\u0430\u0441 | AGN stiklai{:}","og_description":"The company \u201cAGN stiklai\u201d renders various services related to the selling, repairing and replacing the car glass.","og_url":"https:\/\/agnstiklai.lt\/apie-mus\/","og_site_name":"AGN stiklai","article_modified_time":"2023-03-16T10:48:55+00:00","twitter_card":"summary_large_image","twitter_misc":{"Est. reading time":"2 minutes"},"schema":{"@context":"https:\/\/schema.org","@graph":[{"@type":"WebPage","@id":"https:\/\/agnstiklai.lt\/apie-mus\/","url":"https:\/\/agnstiklai.lt\/apie-mus\/","name":"Apie mus | AGNstiklai.lt","isPartOf":{"@id":"https:\/\/agnstiklai.lt\/#website"},"datePublished":"2020-09-11T12:41:03+00:00","dateModified":"2023-03-16T10:48:55+00:00","description":"Stikl\u0173 keitimo \u012fmon\u0117 \u201eAGN Stiklai\u201d - specializuotas transporto priemoni\u0173 stikl\u0173 servisas, auk\u0161tos kvalifikacijos specialistai, inovatyvios technologijos.","breadcrumb":{"@id":"https:\/\/agnstiklai.lt\/apie-mus\/#breadcrumb"},"inLanguage":"en-US","potentialAction":[{"@type":"ReadAction","target":["https:\/\/agnstiklai.lt\/apie-mus\/"]}]},{"@type":"BreadcrumbList","@id":"https:\/\/agnstiklai.lt\/apie-mus\/#breadcrumb","itemListElement":[{"@type":"ListItem","position":1,"name":"Home","item":"https:\/\/agnstiklai.lt\/"},{"@type":"ListItem","position":2,"name":"Apie mus"}]},{"@type":"WebSite","@id":"https:\/\/agnstiklai.lt\/#website","url":"https:\/\/agnstiklai.lt\/","name":"AGN stiklai","description":"Automobili\u0173 stiklai, automobili\u0173 stikl\u0173 keitimas","potentialAction":[{"@type":"SearchAction","target":{"@type":"EntryPoint","urlTemplate":"https:\/\/agnstiklai.lt\/?s={search_term_string}"},"query-input":"required name=search_term_string"}],"inLanguage":"en-US"}]}},"_links":{"self":[{"href":"https:\/\/agnstiklai.lt\/en\/wp-json\/wp\/v2\/pages\/8"}],"collection":[{"href":"https:\/\/agnstiklai.lt\/en\/wp-json\/wp\/v2\/pages"}],"about":[{"href":"https:\/\/agnstiklai.lt\/en\/wp-json\/wp\/v2\/types\/page"}],"author":[{"embeddable":true,"href":"https:\/\/agnstiklai.lt\/en\/wp-json\/wp\/v2\/users\/1"}],"replies":[{"embeddable":true,"href":"https:\/\/agnstiklai.lt\/en\/wp-json\/wp\/v2\/comments?post=8"}],"version-history":[{"count":9,"href":"https:\/\/agnstiklai.lt\/en\/wp-json\/wp\/v2\/pages\/8\/revisions"}],"predecessor-version":[{"id":194,"href":"https:\/\/agnstiklai.lt\/en\/wp-json\/wp\/v2\/pages\/8\/revisions\/194"}],"wp:attachment":[{"href":"https:\/\/agnstiklai.lt\/en\/wp-json\/wp\/v2\/media?parent=8"}],"curies":[{"name":"wp","href":"https:\/\/api.w.org\/{rel}","templated":true}]}}