{"id":6,"date":"2020-09-11T10:36:01","date_gmt":"2020-09-11T12:36:01","guid":{"rendered":"http:\/\/agnstiklai.lt\/?page_id=6"},"modified":"2026-04-09T07:48:09","modified_gmt":"2026-04-09T09:48:09","slug":"automobiliu-stikliai-stiklu-keitimas-priekiniai-stiklai","status":"publish","type":"page","link":"https:\/\/agnstiklai.lt\/en\/","title":{"rendered":"Main page"},"content":{"rendered":"<p class=\"subtitle\">The company \u201cAGN stiklai\u201d renders various services related to the selling, repairing and replacing the car glass. We follow long-term goals and we are striving that our company\u2019s name be associated with the highest quality standards, professionalism, expedition and the guarantees for the client safety.<\/p>\n<p><a class=\"button button-sm button-default-outline\" href=\"\/en\/about-us\/\">Read more<\/a><\/p>\n","protected":false},"excerpt":{"rendered":"<p>The company \u201cAGN stiklai\u201d renders various services related to the selling, repairing and replacing the car glass. We follow long-term goals and we are striving that our company\u2019s name be associated with the highest quality standards, professionalism, expedition and the guarantees for the client safety. Read more<\/p>\n","protected":false},"author":1,"featured_media":0,"parent":0,"menu_order":0,"comment_status":"closed","ping_status":"closed","template":"","meta":[],"translation":{"provider":"WPGlobus","version":"2.10.10","language":"en","enabled_languages":["lt","en","ru"],"languages":{"lt":{"title":true,"content":true,"excerpt":false},"en":{"title":true,"content":true,"excerpt":false},"ru":{"title":true,"content":true,"excerpt":false}}},"yoast_head":"<!-- This site is optimized with the Yoast SEO plugin v20.3 - https:\/\/yoast.com\/wordpress\/plugins\/seo\/ -->\n<title>Windshield repair | Glass replacement | AGNstiklai.lt<\/title>\n<meta name=\"description\" content=\"The company \u201cAGN stiklai\u201d renders various services related to the selling, repairing and replacing the car glass. Click here to find out more!\" \/>\n<meta name=\"robots\" content=\"index, follow, max-snippet:-1, max-image-preview:large, max-video-preview:-1\" \/>\n<link rel=\"canonical\" href=\"https:\/\/agnstiklai.lt\/\" \/>\n<meta property=\"og:locale\" content=\"en_US\" \/>\n<meta property=\"og:type\" content=\"article\" \/>\n<meta property=\"og:title\" content=\"{:lt}Automobili\u0173 stiklai - remontas ir keitimas Lietuvoje | AGNstiklai.lt{:}{:en}Windshield repair | Glass replacement | AGNstiklai.lt{:}{:ru}\u0410\u0432\u0442\u043e\u043c\u043e\u0431\u0438\u043b\u044c\u043d\u044b\u0435 \u0441\u0442\u0451\u043a\u043b\u0430 \u0432\u044b\u0441\u0448\u0435\u0433\u043e \u043a\u0430\u0447\u0435\u0441\u0442\u0432\u0430 | AGN stiklai{:}\" \/>\n<meta property=\"og:description\" content=\"The company \u201cAGN stiklai\u201d renders various services related to the selling, repairing and replacing the car glass. Click here to find out more!\" \/>\n<meta property=\"og:url\" content=\"https:\/\/agnstiklai.lt\/\" \/>\n<meta property=\"og:site_name\" content=\"AGN stiklai\" \/>\n<meta property=\"article:modified_time\" content=\"2026-04-09T09:48:09+00:00\" \/>\n<meta name=\"twitter:card\" content=\"summary_large_image\" \/>\n<meta name=\"twitter:label1\" content=\"Est. reading time\" \/>\n\t<meta name=\"twitter:data1\" content=\"2 minutes\" \/>\n<script type=\"application\/ld+json\" class=\"yoast-schema-graph\">{\"@context\":\"https:\/\/schema.org\",\"@graph\":[{\"@type\":\"WebPage\",\"@id\":\"https:\/\/agnstiklai.lt\/\",\"url\":\"https:\/\/agnstiklai.lt\/\",\"name\":\"Automobili\u0173 stiklai - remontas ir keitimas Lietuvoje | AGNstiklai.lt\",\"isPartOf\":{\"@id\":\"https:\/\/agnstiklai.lt\/#website\"},\"datePublished\":\"2020-09-11T12:36:01+00:00\",\"dateModified\":\"2026-04-09T09:48:09+00:00\",\"description\":\"Auk\u0161tos kokyb\u0117s automobili\u0173 stiklai vis\u0173 marki\u0173 automobiliams. Profesionalus ir greitas stikl\u0173 keitimas, remontas, tamsinimas pl\u0117vel\u0117mis.\",\"breadcrumb\":{\"@id\":\"https:\/\/agnstiklai.lt\/#breadcrumb\"},\"inLanguage\":\"en-US\",\"potentialAction\":[{\"@type\":\"ReadAction\",\"target\":[\"https:\/\/agnstiklai.lt\/\"]}]},{\"@type\":\"BreadcrumbList\",\"@id\":\"https:\/\/agnstiklai.lt\/#breadcrumb\",\"itemListElement\":[{\"@type\":\"ListItem\",\"position\":1,\"name\":\"Home\",\"item\":\"https:\/\/agnstiklai.lt\/\"},{\"@type\":\"ListItem\",\"position\":2,\"name\":\"Pagrindinis\"}]},{\"@type\":\"WebSite\",\"@id\":\"https:\/\/agnstiklai.lt\/#website\",\"url\":\"https:\/\/agnstiklai.lt\/\",\"name\":\"AGN stiklai\",\"description\":\"Automobili\u0173 stiklai, automobili\u0173 stikl\u0173 keitimas\",\"potentialAction\":[{\"@type\":\"SearchAction\",\"target\":{\"@type\":\"EntryPoint\",\"urlTemplate\":\"https:\/\/agnstiklai.lt\/?s={search_term_string}\"},\"query-input\":\"required name=search_term_string\"}],\"inLanguage\":\"en-US\"}]}<\/script>\n<!-- \/ Yoast SEO plugin. -->","yoast_head_json":{"title":"Windshield repair | Glass replacement | AGNstiklai.lt","description":"The company \u201cAGN stiklai\u201d renders various services related to the selling, repairing and replacing the car glass. Click here to find out more!","robots":{"index":"index","follow":"follow","max-snippet":"max-snippet:-1","max-image-preview":"max-image-preview:large","max-video-preview":"max-video-preview:-1"},"canonical":"https:\/\/agnstiklai.lt\/","og_locale":"en_US","og_type":"article","og_title":"{:lt}Automobili\u0173 stiklai - remontas ir keitimas Lietuvoje | AGNstiklai.lt{:}{:en}Windshield repair | Glass replacement | AGNstiklai.lt{:}{:ru}\u0410\u0432\u0442\u043e\u043c\u043e\u0431\u0438\u043b\u044c\u043d\u044b\u0435 \u0441\u0442\u0451\u043a\u043b\u0430 \u0432\u044b\u0441\u0448\u0435\u0433\u043e \u043a\u0430\u0447\u0435\u0441\u0442\u0432\u0430 | AGN stiklai{:}","og_description":"The company \u201cAGN stiklai\u201d renders various services related to the selling, repairing and replacing the car glass. Click here to find out more!","og_url":"https:\/\/agnstiklai.lt\/","og_site_name":"AGN stiklai","article_modified_time":"2026-04-09T09:48:09+00:00","twitter_card":"summary_large_image","twitter_misc":{"Est. reading time":"2 minutes"},"schema":{"@context":"https:\/\/schema.org","@graph":[{"@type":"WebPage","@id":"https:\/\/agnstiklai.lt\/","url":"https:\/\/agnstiklai.lt\/","name":"Automobili\u0173 stiklai - remontas ir keitimas Lietuvoje | AGNstiklai.lt","isPartOf":{"@id":"https:\/\/agnstiklai.lt\/#website"},"datePublished":"2020-09-11T12:36:01+00:00","dateModified":"2026-04-09T09:48:09+00:00","description":"Auk\u0161tos kokyb\u0117s automobili\u0173 stiklai vis\u0173 marki\u0173 automobiliams. Profesionalus ir greitas stikl\u0173 keitimas, remontas, tamsinimas pl\u0117vel\u0117mis.","breadcrumb":{"@id":"https:\/\/agnstiklai.lt\/#breadcrumb"},"inLanguage":"en-US","potentialAction":[{"@type":"ReadAction","target":["https:\/\/agnstiklai.lt\/"]}]},{"@type":"BreadcrumbList","@id":"https:\/\/agnstiklai.lt\/#breadcrumb","itemListElement":[{"@type":"ListItem","position":1,"name":"Home","item":"https:\/\/agnstiklai.lt\/"},{"@type":"ListItem","position":2,"name":"Pagrindinis"}]},{"@type":"WebSite","@id":"https:\/\/agnstiklai.lt\/#website","url":"https:\/\/agnstiklai.lt\/","name":"AGN stiklai","description":"Automobili\u0173 stiklai, automobili\u0173 stikl\u0173 keitimas","potentialAction":[{"@type":"SearchAction","target":{"@type":"EntryPoint","urlTemplate":"https:\/\/agnstiklai.lt\/?s={search_term_string}"},"query-input":"required name=search_term_string"}],"inLanguage":"en-US"}]}},"_links":{"self":[{"href":"https:\/\/agnstiklai.lt\/en\/wp-json\/wp\/v2\/pages\/6"}],"collection":[{"href":"https:\/\/agnstiklai.lt\/en\/wp-json\/wp\/v2\/pages"}],"about":[{"href":"https:\/\/agnstiklai.lt\/en\/wp-json\/wp\/v2\/types\/page"}],"author":[{"embeddable":true,"href":"https:\/\/agnstiklai.lt\/en\/wp-json\/wp\/v2\/users\/1"}],"replies":[{"embeddable":true,"href":"https:\/\/agnstiklai.lt\/en\/wp-json\/wp\/v2\/comments?post=6"}],"version-history":[{"count":14,"href":"https:\/\/agnstiklai.lt\/en\/wp-json\/wp\/v2\/pages\/6\/revisions"}],"predecessor-version":[{"id":242,"href":"https:\/\/agnstiklai.lt\/en\/wp-json\/wp\/v2\/pages\/6\/revisions\/242"}],"wp:attachment":[{"href":"https:\/\/agnstiklai.lt\/en\/wp-json\/wp\/v2\/media?parent=6"}],"curies":[{"name":"wp","href":"https:\/\/api.w.org\/{rel}","templated":true}]}}