{"id":56,"date":"2020-09-13T12:39:09","date_gmt":"2020-09-13T14:39:09","guid":{"rendered":"http:\/\/agnstiklai.lt\/?page_id=56"},"modified":"2025-11-04T18:23:12","modified_gmt":"2025-11-04T20:23:12","slug":"kontaktai","status":"publish","type":"page","link":"https:\/\/agnstiklai.lt\/en\/contacts\/","title":{"rendered":"Contacts"},"content":{"rendered":"<div class=\"range range-xs-center text-sm-left range-50\">\n<div class=\"cell-sm-3\">\n<h6>Vilnius<\/h6>\n<hr class=\"divider divider-xs\" \/>\n<div class=\"unit unit-horizontal unit-top unit-align-center unit-sm-align-left unit-spacing-xs\">\n<div class=\"unit-left\"><\/div>\n<div class=\"unit-body\"><a style=\"font-size: 17px;\" href=\"#\">Kareivi\u0173 g. 2G<\/a><\/div>\n<\/div>\n<div class=\"unit unit-horizontal unit-top unit-align-center unit-sm-align-left unit-spacing-xs\">\n<div class=\"unit-left\"><\/div>\n<div class=\"unit-body\"><a style=\"font-size: 17px;\" href=\"callto:+37068620889\">+370 686 20889<\/a><\/div>\n<\/div>\n<div class=\"unit unit-horizontal unit-top unit-align-center unit-sm-align-left unit-spacing-xs\">\n<div class=\"unit-left\"><\/div>\n<div class=\"unit-body\"><a style=\"font-size: 17px;\" href=\"callto:+37061805772\">+370 618 05772<\/a><\/div>\n<\/div>\n<div class=\"unit unit-horizontal unit-top unit-align-center unit-sm-align-left unit-spacing-xs\">\n<div class=\"unit-left\"><\/div>\n<div class=\"unit-body\"><a style=\"font-size: 17px;\" href=\"mailto:info@agnstiklai.lt\">info@agnstiklai.lt<\/a><\/div>\n<\/div>\n<div class=\"unit unit-horizontal unit-top unit-align-center unit-sm-align-left unit-spacing-xs\">\n<div class=\"unit-left\"><\/div>\n<div class=\"unit-body\"><a style=\"font-size: 17px;\" href=\"#\">I-V 8:00 &#8211; 17:00<\/a><\/div>\n<\/div>\n<\/div>\n<div class=\"cell-sm-9\"><style type=\"text\/css\" id=\"gmpMapStyles_3_4942\">\r\n\t#google_map_easy_3_4942 {\r\n        width: 100%;\r\n        height: 350px;\r\n\t\t\t\t\t\t    }\r\n\t#gmapControlsNum_3_4942 {\r\n\t\twidth:100%\t}\r\n\t.gmpMapDetailsContainer#gmpMapDetailsContainer_3_4942 {\r\n\t\theight:350px;\r\n\t}\r\n\t.gmp_MapPreview#google_map_easy_3_4942 {\r\n\t\t\/*position:absolute;*\/\r\n\t\twidth: 100%;\r\n\t}\r\n\t#mapConElem_3_4942{\r\n\t\twidth: 100%\t}\r\n    .gm-style .gm-style-iw-c{\r\n        padding: 12px!important;\r\n    }\r\n\t    <\/style>\r\n <div class=\"gmp_map_opts\" id=\"mapConElem_3_4942\" data-id=\"3\" data-view-id=\"3_4942\" > <div class=\"gmpMapDetailsContainer\" id=\"gmpMapDetailsContainer_3_4942\"> <i class=\"gmpKMLLayersPreloader fa fa-spinner fa-spin\" aria-hidden=\"true\" style=\"display: none;\"><\/i> <div class=\"gmp_MapPreview \" id=\"google_map_easy_3_4942\"><\/div> <\/div> <div class=\"gmpMapMarkerFilters\" id=\"gmpMapMarkerFilters_3_4942\"> <\/div> <div class=\"gmpMapProControlsCon\" id=\"gmpMapProControlsCon_3_4942\"> <\/div> <div class=\"gmpMapProDirectionsCon\" id=\"gmpMapProDirectionsCon_3_4942\" > <\/div> <div class=\"gmpMapProKmlFilterCon\" id=\"gmpMapProKmlFilterCon_3_4942\" > <\/div> <div class=\"gmpSocialSharingShell gmpSocialSharingShell_3_4942\"> <\/div> <div style=\"clear: both;\"><\/div> <\/div> <\/div>\n<\/div>\n<div class=\"range range-xs-center text-sm-left range-50\">\n<div class=\"cell-sm-3\">\n<h6>Kaunas<\/h6>\n<hr class=\"divider divider-xs\" \/>\n<div class=\"unit unit-horizontal unit-top unit-align-center unit-sm-align-left unit-spacing-xs\">\n<div class=\"unit-left\"><\/div>\n<div class=\"unit-body\"><a style=\"font-size: 17px;\" href=\"#\">Raudondvario pl. 150<\/a><\/div>\n<\/div>\n<div class=\"unit unit-horizontal unit-top unit-align-center unit-sm-align-left unit-spacing-xs\">\n<div class=\"unit-left\"><\/div>\n<div class=\"unit-body\"><a style=\"font-size: 17px;\" href=\"callto:+37060812906\">+370 608 12906<\/a><\/div>\n<\/div>\n<div class=\"unit unit-horizontal unit-top unit-align-center unit-sm-align-left unit-spacing-xs\">\n<div class=\"unit-left\"><\/div>\n<div class=\"unit-body\"><a style=\"font-size: 17px;\" href=\"mailto:kaunas@agnstiklai.lt\">kaunas@agnstiklai.lt<\/a><\/div>\n<\/div>\n<div class=\"unit unit-horizontal unit-top unit-align-center unit-sm-align-left unit-spacing-xs\">\n<div class=\"unit-left\"><\/div>\n<div class=\"unit-body\"><a style=\"font-size: 17px;\" href=\"#\">I-V 8:00 &#8211; 17:00<\/a><\/div>\n<\/div>\n<\/div>\n<div class=\"cell-sm-9\"><style type=\"text\/css\" id=\"gmpMapStyles_4_88610\">\r\n\t#google_map_easy_4_88610 {\r\n        width: 100%;\r\n        height: 350px;\r\n\t\t\t\t\t\t    }\r\n\t#gmapControlsNum_4_88610 {\r\n\t\twidth:100%\t}\r\n\t.gmpMapDetailsContainer#gmpMapDetailsContainer_4_88610 {\r\n\t\theight:350px;\r\n\t}\r\n\t.gmp_MapPreview#google_map_easy_4_88610 {\r\n\t\t\/*position:absolute;*\/\r\n\t\twidth: 100%;\r\n\t}\r\n\t#mapConElem_4_88610{\r\n\t\twidth: 100%\t}\r\n    .gm-style .gm-style-iw-c{\r\n        padding: 12px!important;\r\n    }\r\n\t    <\/style>\r\n <div class=\"gmp_map_opts\" id=\"mapConElem_4_88610\" data-id=\"4\" data-view-id=\"4_88610\" > <div class=\"gmpMapDetailsContainer\" id=\"gmpMapDetailsContainer_4_88610\"> <i class=\"gmpKMLLayersPreloader fa fa-spinner fa-spin\" aria-hidden=\"true\" style=\"display: none;\"><\/i> <div class=\"gmp_MapPreview \" id=\"google_map_easy_4_88610\"><\/div> <\/div> <div class=\"gmpMapMarkerFilters\" id=\"gmpMapMarkerFilters_4_88610\"> <\/div> <div class=\"gmpMapProControlsCon\" id=\"gmpMapProControlsCon_4_88610\"> <\/div> <div class=\"gmpMapProDirectionsCon\" id=\"gmpMapProDirectionsCon_4_88610\" > <\/div> <div class=\"gmpMapProKmlFilterCon\" id=\"gmpMapProKmlFilterCon_4_88610\" > <\/div> <div class=\"gmpSocialSharingShell gmpSocialSharingShell_4_88610\"> <\/div> <div style=\"clear: both;\"><\/div> <\/div> <\/div>\n<\/div>\n<div class=\"range range-xs-center text-sm-left range-50\">\n<div class=\"cell-sm-3\">\n<h6>Klaip\u0117da<\/h6>\n<hr class=\"divider divider-xs\" \/>\n<div class=\"unit unit-horizontal unit-top unit-align-center unit-sm-align-left unit-spacing-xs\">\n<div class=\"unit-left\"><\/div>\n<div class=\"unit-body\"><a style=\"font-size: 17px;\" href=\"#\">\u0160ilut\u0117s pl. 21A, 2 korpusas<\/a><\/div>\n<\/div>\n<div class=\"unit unit-horizontal unit-top unit-align-center unit-sm-align-left unit-spacing-xs\">\n<div class=\"unit-left\"><\/div>\n<div class=\"unit-body\"><a style=\"font-size: 17px;\" href=\"callto:+37064641990\">+370 646 41990<\/a><\/div>\n<\/div>\n<div class=\"unit unit-horizontal unit-top unit-align-center unit-sm-align-left unit-spacing-xs\">\n<div class=\"unit-left\"><\/div>\n<div class=\"unit-body\"><a style=\"font-size: 17px;\" href=\"callto:+37063045035\">+370 630 45035<\/a><\/div>\n<\/div>\n<div class=\"unit unit-horizontal unit-top unit-align-center unit-sm-align-left unit-spacing-xs\">\n<div class=\"unit-left\"><\/div>\n<div class=\"unit-body\"><a style=\"font-size: 17px;\" href=\"mailto:klaipeda@agnstiklai.lt\">klaipeda@agnstiklai.lt<\/a><\/div>\n<\/div>\n<div class=\"unit unit-horizontal unit-top unit-align-center unit-sm-align-left unit-spacing-xs\">\n<div class=\"unit-left\"><\/div>\n<div class=\"unit-body\"><a style=\"font-size: 17px;\" href=\"#\">I-V 8:00 &#8211; 17:00<\/a><\/div>\n<\/div>\n<\/div>\n<div class=\"cell-sm-9\"><style type=\"text\/css\" id=\"gmpMapStyles_5_30341\">\r\n\t#google_map_easy_5_30341 {\r\n        width: 100%;\r\n        height: 350px;\r\n\t\t\t\t\t\t    }\r\n\t#gmapControlsNum_5_30341 {\r\n\t\twidth:100%\t}\r\n\t.gmpMapDetailsContainer#gmpMapDetailsContainer_5_30341 {\r\n\t\theight:350px;\r\n\t}\r\n\t.gmp_MapPreview#google_map_easy_5_30341 {\r\n\t\t\/*position:absolute;*\/\r\n\t\twidth: 100%;\r\n\t}\r\n\t#mapConElem_5_30341{\r\n\t\twidth: 100%\t}\r\n    .gm-style .gm-style-iw-c{\r\n        padding: 12px!important;\r\n    }\r\n\t    <\/style>\r\n <div class=\"gmp_map_opts\" id=\"mapConElem_5_30341\" data-id=\"5\" data-view-id=\"5_30341\" > <div class=\"gmpMapDetailsContainer\" id=\"gmpMapDetailsContainer_5_30341\"> <i class=\"gmpKMLLayersPreloader fa fa-spinner fa-spin\" aria-hidden=\"true\" style=\"display: none;\"><\/i> <div class=\"gmp_MapPreview \" id=\"google_map_easy_5_30341\"><\/div> <\/div> <div class=\"gmpMapMarkerFilters\" id=\"gmpMapMarkerFilters_5_30341\"> <\/div> <div class=\"gmpMapProControlsCon\" id=\"gmpMapProControlsCon_5_30341\"> <\/div> <div class=\"gmpMapProDirectionsCon\" id=\"gmpMapProDirectionsCon_5_30341\" > <\/div> <div class=\"gmpMapProKmlFilterCon\" id=\"gmpMapProKmlFilterCon_5_30341\" > <\/div> <div class=\"gmpSocialSharingShell gmpSocialSharingShell_5_30341\"> <\/div> <div style=\"clear: both;\"><\/div> <\/div> <\/div>\n<\/div>\n<div class=\"range range-xs-center text-sm-left range-50\">\n<div class=\"cell-sm-3\">\n<h6>Bir\u017eai<\/h6>\n<hr class=\"divider divider-xs\" \/>\n<div class=\"unit unit-horizontal unit-top unit-align-center unit-sm-align-left unit-spacing-xs\">\n<div class=\"unit-left\"><\/div>\n<div class=\"unit-body\"><a style=\"font-size: 17px;\" href=\"#\">Rotu\u0161es g. 30C<\/a><\/div>\n<\/div>\n<div class=\"unit unit-horizontal unit-top unit-align-center unit-sm-align-left unit-spacing-xs\">\n<div class=\"unit-left\"><\/div>\n<div class=\"unit-body\"><a style=\"font-size: 17px;\" href=\"callto:+37068308987\">+370 683 08987<\/a><\/div>\n<\/div>\n<div class=\"unit unit-horizontal unit-top unit-align-center unit-sm-align-left unit-spacing-xs\">\n<div class=\"unit-left\"><\/div>\n<div class=\"unit-body\"><a style=\"font-size: 17px;\" href=\"mailto:birzai@agnstiklai.lt\">birzai@agnstiklai.lt<\/a><\/div>\n<\/div>\n<div class=\"unit unit-horizontal unit-top unit-align-center unit-sm-align-left unit-spacing-xs\">\n<div class=\"unit-left\"><\/div>\n<div class=\"unit-body\"><a style=\"font-size: 17px;\" href=\"#\">I-V 8:00 &#8211; 17:00<\/a><\/div>\n<\/div>\n<\/div>\n<div class=\"cell-sm-9\"><style type=\"text\/css\" id=\"gmpMapStyles_6_46800\">\r\n\t#google_map_easy_6_46800 {\r\n        width: 100%;\r\n        height: 350px;\r\n\t\t\t\t\t\t    }\r\n\t#gmapControlsNum_6_46800 {\r\n\t\twidth:100%\t}\r\n\t.gmpMapDetailsContainer#gmpMapDetailsContainer_6_46800 {\r\n\t\theight:350px;\r\n\t}\r\n\t.gmp_MapPreview#google_map_easy_6_46800 {\r\n\t\t\/*position:absolute;*\/\r\n\t\twidth: 100%;\r\n\t}\r\n\t#mapConElem_6_46800{\r\n\t\twidth: 100%\t}\r\n    .gm-style .gm-style-iw-c{\r\n        padding: 12px!important;\r\n    }\r\n\t    <\/style>\r\n <div class=\"gmp_map_opts\" id=\"mapConElem_6_46800\" data-id=\"6\" data-view-id=\"6_46800\" > <div class=\"gmpMapDetailsContainer\" id=\"gmpMapDetailsContainer_6_46800\"> <i class=\"gmpKMLLayersPreloader fa fa-spinner fa-spin\" aria-hidden=\"true\" style=\"display: none;\"><\/i> <div class=\"gmp_MapPreview \" id=\"google_map_easy_6_46800\"><\/div> <\/div> <div class=\"gmpMapMarkerFilters\" id=\"gmpMapMarkerFilters_6_46800\"> <\/div> <div class=\"gmpMapProControlsCon\" id=\"gmpMapProControlsCon_6_46800\"> <\/div> <div class=\"gmpMapProDirectionsCon\" id=\"gmpMapProDirectionsCon_6_46800\" > <\/div> <div class=\"gmpMapProKmlFilterCon\" id=\"gmpMapProKmlFilterCon_6_46800\" > <\/div> <div class=\"gmpSocialSharingShell gmpSocialSharingShell_6_46800\"> <\/div> <div style=\"clear: both;\"><\/div> <\/div> <\/div>\n<\/div>\n<div class=\"range range-xs-center text-sm-left range-50\">\n<div class=\"cell-sm-7\">\n<h6>Contact us<\/h6>\n<hr class=\"divider divider-xs\" \/>\n<p class=\"subtitle\">We graciously beckon you to contact the professionals working in \u201cAGN stiklai\u201d, who will gladly consult and take care of the needed glass and answer all of your questions.<\/p>\n<\/div>\n<div class=\"cell-sm-5\"><div role=\"form\" class=\"wpcf7\" id=\"wpcf7-f128-o1\" lang=\"lt-LT\" dir=\"ltr\">\n<div class=\"screen-reader-response\" role=\"alert\" aria-live=\"polite\"><\/div>\n<form action=\"\/en\/wp-json\/wp\/v2\/pages\/56#wpcf7-f128-o1\" method=\"post\" class=\"wpcf7-form init\" novalidate=\"novalidate\">\n<div style=\"display: none;\">\n<input type=\"hidden\" name=\"_wpcf7\" value=\"128\" \/>\n<input type=\"hidden\" name=\"_wpcf7_version\" value=\"5.2.2\" \/>\n<input type=\"hidden\" name=\"_wpcf7_locale\" value=\"lt_LT\" \/>\n<input type=\"hidden\" name=\"_wpcf7_unit_tag\" value=\"wpcf7-f128-o1\" \/>\n<input type=\"hidden\" name=\"_wpcf7_container_post\" value=\"0\" \/>\n<input type=\"hidden\" name=\"_wpcf7_posted_data_hash\" value=\"\" \/>\n<\/div>\n<p><label> Your Name *<br \/>\n    <span class=\"wpcf7-form-control-wrap your-name\"><input type=\"text\" name=\"your-name\" value=\"\" size=\"40\" class=\"wpcf7-form-control wpcf7-text wpcf7-validates-as-required\" aria-required=\"true\" aria-invalid=\"false\" \/><\/span> <\/label><\/p>\n<p><label> Your Email *<br \/>\n    <span class=\"wpcf7-form-control-wrap your-email\"><input type=\"email\" name=\"your-email\" value=\"\" size=\"40\" class=\"wpcf7-form-control wpcf7-text wpcf7-email wpcf7-validates-as-required wpcf7-validates-as-email\" aria-required=\"true\" aria-invalid=\"false\" \/><\/span> <\/label><\/p>\n<p><label> Your phone number *<br \/>\n    <span class=\"wpcf7-form-control-wrap your-phone\"><input type=\"text\" name=\"your-phone\" value=\"\" size=\"40\" class=\"wpcf7-form-control wpcf7-text\" aria-invalid=\"false\" \/><\/span> <\/label><\/p>\n<p><label> Your Message<br \/>\n    <span class=\"wpcf7-form-control-wrap your-message\"><textarea name=\"your-message\" cols=\"40\" rows=\"10\" class=\"wpcf7-form-control wpcf7-textarea\" aria-invalid=\"false\"><\/textarea><\/span> <\/label><\/p>\n<p><input type=\"submit\" value=\"Send\" class=\"wpcf7-form-control wpcf7-submit\" \/><\/p>\n<div class=\"wpcf7-response-output\" role=\"alert\" aria-hidden=\"true\"><\/div><\/form><\/div><\/div>\n<\/div>\n","protected":false},"excerpt":{"rendered":"<p>Vilnius Kareivi\u0173 g. 2G +370 686 20889 +370 618 05772 info@agnstiklai.lt I-V 8:00 &#8211; 17:00 Kaunas Raudondvario pl. 150 +370 608 12906 kaunas@agnstiklai.lt I-V 8:00 &#8211; 17:00 Klaip\u0117da \u0160ilut\u0117s pl. 21A, 2 korpusas +370 646 41990 +370 630 45035 klaipeda@agnstiklai.lt I-V 8:00 &#8211; 17:00 Bir\u017eai Rotu\u0161es g. 30C +370 683 08987 birzai@agnstiklai.lt I-V 8:00 &#8211; [&hellip;]<\/p>\n","protected":false},"author":1,"featured_media":0,"parent":0,"menu_order":0,"comment_status":"closed","ping_status":"closed","template":"","meta":[],"translation":{"provider":"WPGlobus","version":"2.10.10","language":"en","enabled_languages":["lt","en","ru"],"languages":{"lt":{"title":true,"content":true,"excerpt":false},"en":{"title":true,"content":true,"excerpt":false},"ru":{"title":true,"content":true,"excerpt":false}}},"yoast_head":"<!-- This site is optimized with the Yoast SEO plugin v20.3 - https:\/\/yoast.com\/wordpress\/plugins\/seo\/ -->\n<title>M\u016bs\u0173 kontaktai Vilniuje, Klaip\u0117doje, Bir\u017euose | AGNstiklai.lt<\/title>\n<meta name=\"description\" content=\"We graciously beckon you to contact the professionals working in \u201cAGN stiklai\u201d, who will gladly consult and take care of the needed glass and answer all of your questions.\" \/>\n<meta name=\"robots\" content=\"index, follow, max-snippet:-1, max-image-preview:large, max-video-preview:-1\" \/>\n<link rel=\"canonical\" href=\"https:\/\/agnstiklai.lt\/kontaktai\/\" \/>\n<meta property=\"og:locale\" content=\"en_US\" \/>\n<meta property=\"og:type\" content=\"article\" \/>\n<meta property=\"og:title\" content=\"{:lt}M\u016bs\u0173 kontaktai Vilniuje, Klaip\u0117doje, Bir\u017euose | AGNstiklai.lt{:}{:ru}\u041a\u043e\u043d\u0442\u0430\u043a\u0442\u044b | AGN stiklai{:}\" \/>\n<meta property=\"og:description\" content=\"We graciously beckon you to contact the professionals working in \u201cAGN stiklai\u201d, who will gladly consult and take care of the needed glass and answer all of your questions.\" \/>\n<meta property=\"og:url\" content=\"https:\/\/agnstiklai.lt\/kontaktai\/\" \/>\n<meta property=\"og:site_name\" content=\"AGN stiklai\" \/>\n<meta property=\"article:modified_time\" content=\"2025-11-04T20:23:12+00:00\" \/>\n<meta name=\"twitter:card\" content=\"summary_large_image\" \/>\n<meta name=\"twitter:label1\" content=\"Est. reading time\" \/>\n\t<meta name=\"twitter:data1\" content=\"1 minute\" \/>\n<script type=\"application\/ld+json\" class=\"yoast-schema-graph\">{\"@context\":\"https:\/\/schema.org\",\"@graph\":[{\"@type\":\"WebPage\",\"@id\":\"https:\/\/agnstiklai.lt\/kontaktai\/\",\"url\":\"https:\/\/agnstiklai.lt\/kontaktai\/\",\"name\":\"\u041a\u043e\u043d\u0442\u0430\u043a\u0442\u044b | AGN stiklai\",\"isPartOf\":{\"@id\":\"https:\/\/agnstiklai.lt\/#website\"},\"datePublished\":\"2020-09-13T14:39:09+00:00\",\"dateModified\":\"2025-11-04T20:23:12+00:00\",\"description\":\"\u041b\u044e\u0431\u0435\u0437\u043d\u043e \u043f\u0440\u0438\u0433\u043b\u0430\u0448\u0430\u0435\u043c \u0412\u0430\u0441 \u0441\u0432\u044f\u0437\u0430\u0442\u044c\u0441\u044f \u0441 \u043f\u0440\u043e\u0444\u0435\u0441\u0441\u0438\u043e\u043d\u0430\u043b\u0430\u043c\u0438, \u0440\u0430\u0431\u043e\u0442\u0430\u044e\u0449\u0438\u043c\u0438 \u0432 \u043a\u043e\u043c\u043f\u0430\u043d\u0438\u0438 \u00abAGN stiklai\u00bb, \u043a\u043e\u0442\u043e\u0440\u044b\u0435 \u0412\u0430\u0441 \u043f\u0440\u043e\u043a\u043e\u043d\u0441\u0443\u043b\u044c\u0442\u0438\u0440\u0443\u044e\u0442 \u0438 \u043e\u0442\u0432\u0435\u0442\u044f\u0442 \u043d\u0430 \u0432\u0441\u0435 \u0438\u043d\u0442\u0435\u0440\u0435\u0441\u0443\u044e\u0449\u0438\u0435 \u0412\u0430\u0441 \u0432\u043e\u043f\u0440\u043e\u0441\u044b.\",\"breadcrumb\":{\"@id\":\"https:\/\/agnstiklai.lt\/kontaktai\/#breadcrumb\"},\"inLanguage\":\"en-US\",\"potentialAction\":[{\"@type\":\"ReadAction\",\"target\":[\"https:\/\/agnstiklai.lt\/kontaktai\/\"]}]},{\"@type\":\"BreadcrumbList\",\"@id\":\"https:\/\/agnstiklai.lt\/kontaktai\/#breadcrumb\",\"itemListElement\":[{\"@type\":\"ListItem\",\"position\":1,\"name\":\"Home\",\"item\":\"https:\/\/agnstiklai.lt\/\"},{\"@type\":\"ListItem\",\"position\":2,\"name\":\"Kontaktai\"}]},{\"@type\":\"WebSite\",\"@id\":\"https:\/\/agnstiklai.lt\/#website\",\"url\":\"https:\/\/agnstiklai.lt\/\",\"name\":\"AGN stiklai\",\"description\":\"Automobili\u0173 stiklai, automobili\u0173 stikl\u0173 keitimas\",\"potentialAction\":[{\"@type\":\"SearchAction\",\"target\":{\"@type\":\"EntryPoint\",\"urlTemplate\":\"https:\/\/agnstiklai.lt\/?s={search_term_string}\"},\"query-input\":\"required name=search_term_string\"}],\"inLanguage\":\"en-US\"}]}<\/script>\n<!-- \/ Yoast SEO plugin. -->","yoast_head_json":{"title":"M\u016bs\u0173 kontaktai Vilniuje, Klaip\u0117doje, Bir\u017euose | AGNstiklai.lt","description":"We graciously beckon you to contact the professionals working in \u201cAGN stiklai\u201d, who will gladly consult and take care of the needed glass and answer all of your questions.","robots":{"index":"index","follow":"follow","max-snippet":"max-snippet:-1","max-image-preview":"max-image-preview:large","max-video-preview":"max-video-preview:-1"},"canonical":"https:\/\/agnstiklai.lt\/kontaktai\/","og_locale":"en_US","og_type":"article","og_title":"{:lt}M\u016bs\u0173 kontaktai Vilniuje, Klaip\u0117doje, Bir\u017euose | AGNstiklai.lt{:}{:ru}\u041a\u043e\u043d\u0442\u0430\u043a\u0442\u044b | AGN stiklai{:}","og_description":"We graciously beckon you to contact the professionals working in \u201cAGN stiklai\u201d, who will gladly consult and take care of the needed glass and answer all of your questions.","og_url":"https:\/\/agnstiklai.lt\/kontaktai\/","og_site_name":"AGN stiklai","article_modified_time":"2025-11-04T20:23:12+00:00","twitter_card":"summary_large_image","twitter_misc":{"Est. reading time":"1 minute"},"schema":{"@context":"https:\/\/schema.org","@graph":[{"@type":"WebPage","@id":"https:\/\/agnstiklai.lt\/kontaktai\/","url":"https:\/\/agnstiklai.lt\/kontaktai\/","name":"\u041a\u043e\u043d\u0442\u0430\u043a\u0442\u044b | AGN stiklai","isPartOf":{"@id":"https:\/\/agnstiklai.lt\/#website"},"datePublished":"2020-09-13T14:39:09+00:00","dateModified":"2025-11-04T20:23:12+00:00","description":"\u041b\u044e\u0431\u0435\u0437\u043d\u043e \u043f\u0440\u0438\u0433\u043b\u0430\u0448\u0430\u0435\u043c \u0412\u0430\u0441 \u0441\u0432\u044f\u0437\u0430\u0442\u044c\u0441\u044f \u0441 \u043f\u0440\u043e\u0444\u0435\u0441\u0441\u0438\u043e\u043d\u0430\u043b\u0430\u043c\u0438, \u0440\u0430\u0431\u043e\u0442\u0430\u044e\u0449\u0438\u043c\u0438 \u0432 \u043a\u043e\u043c\u043f\u0430\u043d\u0438\u0438 \u00abAGN stiklai\u00bb, \u043a\u043e\u0442\u043e\u0440\u044b\u0435 \u0412\u0430\u0441 \u043f\u0440\u043e\u043a\u043e\u043d\u0441\u0443\u043b\u044c\u0442\u0438\u0440\u0443\u044e\u0442 \u0438 \u043e\u0442\u0432\u0435\u0442\u044f\u0442 \u043d\u0430 \u0432\u0441\u0435 \u0438\u043d\u0442\u0435\u0440\u0435\u0441\u0443\u044e\u0449\u0438\u0435 \u0412\u0430\u0441 \u0432\u043e\u043f\u0440\u043e\u0441\u044b.","breadcrumb":{"@id":"https:\/\/agnstiklai.lt\/kontaktai\/#breadcrumb"},"inLanguage":"en-US","potentialAction":[{"@type":"ReadAction","target":["https:\/\/agnstiklai.lt\/kontaktai\/"]}]},{"@type":"BreadcrumbList","@id":"https:\/\/agnstiklai.lt\/kontaktai\/#breadcrumb","itemListElement":[{"@type":"ListItem","position":1,"name":"Home","item":"https:\/\/agnstiklai.lt\/"},{"@type":"ListItem","position":2,"name":"Kontaktai"}]},{"@type":"WebSite","@id":"https:\/\/agnstiklai.lt\/#website","url":"https:\/\/agnstiklai.lt\/","name":"AGN stiklai","description":"Automobili\u0173 stiklai, automobili\u0173 stikl\u0173 keitimas","potentialAction":[{"@type":"SearchAction","target":{"@type":"EntryPoint","urlTemplate":"https:\/\/agnstiklai.lt\/?s={search_term_string}"},"query-input":"required name=search_term_string"}],"inLanguage":"en-US"}]}},"_links":{"self":[{"href":"https:\/\/agnstiklai.lt\/en\/wp-json\/wp\/v2\/pages\/56"}],"collection":[{"href":"https:\/\/agnstiklai.lt\/en\/wp-json\/wp\/v2\/pages"}],"about":[{"href":"https:\/\/agnstiklai.lt\/en\/wp-json\/wp\/v2\/types\/page"}],"author":[{"embeddable":true,"href":"https:\/\/agnstiklai.lt\/en\/wp-json\/wp\/v2\/users\/1"}],"replies":[{"embeddable":true,"href":"https:\/\/agnstiklai.lt\/en\/wp-json\/wp\/v2\/comments?post=56"}],"version-history":[{"count":30,"href":"https:\/\/agnstiklai.lt\/en\/wp-json\/wp\/v2\/pages\/56\/revisions"}],"predecessor-version":[{"id":238,"href":"https:\/\/agnstiklai.lt\/en\/wp-json\/wp\/v2\/pages\/56\/revisions\/238"}],"wp:attachment":[{"href":"https:\/\/agnstiklai.lt\/en\/wp-json\/wp\/v2\/media?parent=56"}],"curies":[{"name":"wp","href":"https:\/\/api.w.org\/{rel}","templated":true}]}}