{"id":54,"date":"2020-09-13T12:38:43","date_gmt":"2020-09-13T14:38:43","guid":{"rendered":"http:\/\/agnstiklai.lt\/?page_id=54"},"modified":"2023-03-16T10:03:14","modified_gmt":"2023-03-16T12:03:14","slug":"stiklu-produktai","status":"publish","type":"page","link":"https:\/\/agnstiklai.lt\/en\/glass-and-its-produce\/","title":{"rendered":"Glass and its produce"},"content":{"rendered":"<p class=\"subtitle\">It does not matter which kind of vehicle you are driving (a car, a bus, a truck and so on), because the car glass plays an important role in order for the driver and the passengers to feel safe and to comfortably reach the point of destination. The glass protects the people in the vehicle from rubble, garbage and dust entrance into the interior of the car, from unfriendly climate conditions, also in the event of an impact, it protects the passengers from falling out of the car and it serves for a good visibility and insulates noise. In many modern cars, the sturdiness of the design articles depends on the windscreen.<\/p>\n<p class=\"subtitle\">The cracks, dents and other damage that appears on the car glass causes risk to your safety. It not only diverts the drivers attention, impedes good and full visibility, but in the event of an impact, it can become the source of the roof\u2019s deformation.<\/p>\n<p class=\"subtitle\">In order for you to drive safely, that your vehicle\u2019s car glass be transparent and of good quality, that you would exploit it for many years, entrust this work and trouble to qualified, highly experienced professionals working in \u201cAGN stiklai\u201d.<\/p>\n<h3 style=\"padding-top:20px; padding-bottom:10px;\">The company \u201eAGN Stiklai\u201d sells various car glass models:<\/h3>\n<ul class=\"list list-marked\">\n<li class=\"list-st\">For cars;<\/li>\n<li class=\"list-st\">For buses;<\/li>\n<li class=\"list-st\">For trucks;<\/li>\n<li class=\"list-st\">For agriculture\u2019s and constructional mechanisms.<\/li>\n<\/ul>\n<p class=\"subtitle\">In our storage facility we have glass for cars, trucks, buses, truck-trailers and other.That\u2019s why we can deliver them very expeditiously. However, if your vehicle, agricultural, constructional or other mechanism needs a special type of glass, we will be able to order it for you and to offer only the highest quality merchandise.<\/p>\n<p class=\"subtitle\">\u201cAGN Stiklai\u201d sells time proofed, certified, highest quality standard manufacturers glass: Saint-Gobain, Pilkington, AGC, Guardian, FYG, XYG.<\/p>\n<p class=\"subtitle\">We graciously beckon you to contact the professionals working in \u201cAGN stiklai\u201d, who will gladly consult and take care of the needed glass and answer all of your questions.<\/p>\n","protected":false},"excerpt":{"rendered":"<p>It does not matter which kind of vehicle you are driving (a car, a bus, a truck and so on), because the car glass plays an important role in order for the driver and the passengers to feel safe and to comfortably reach the point of destination. The glass protects the people in the vehicle [&hellip;]<\/p>\n","protected":false},"author":1,"featured_media":0,"parent":0,"menu_order":0,"comment_status":"closed","ping_status":"closed","template":"","meta":[],"translation":{"provider":"WPGlobus","version":"2.10.10","language":"en","enabled_languages":["lt","en","ru"],"languages":{"lt":{"title":true,"content":true,"excerpt":false},"en":{"title":true,"content":true,"excerpt":false},"ru":{"title":true,"content":true,"excerpt":false}}},"yoast_head":"<!-- This site is optimized with the Yoast SEO plugin v20.3 - https:\/\/yoast.com\/wordpress\/plugins\/seo\/ -->\n<title>Glass and its produce | AGN stiklai<\/title>\n<meta name=\"description\" content=\"\u201cAGN Stiklai\u201d sells time proofed, certified, highest quality standard manufacturers glass: Saint-Gobain, Pilkington, AGC, Guardian, FYG, XYG.\" \/>\n<meta name=\"robots\" content=\"index, follow, max-snippet:-1, max-image-preview:large, max-video-preview:-1\" \/>\n<link rel=\"canonical\" href=\"https:\/\/agnstiklai.lt\/stiklu-produktai\/\" \/>\n<meta property=\"og:locale\" content=\"en_US\" \/>\n<meta property=\"og:type\" content=\"article\" \/>\n<meta property=\"og:title\" content=\"{:lt}Stiklai automobiliams, autobusams, sunkve\u017eimiams, vilkikams | AGNstiklai.lt{:}{:en}Glass and its produce | AGN stiklai{:}{:ru}\u0421\u0442\u0451\u043a\u043b\u0430 \u0438 \u0441\u0442\u0435\u043a\u043b\u0430\u043f\u0440\u043e\u0434\u0443\u043a\u0446\u0438\u044f | AGN stiklai{:}\" \/>\n<meta property=\"og:description\" content=\"\u201cAGN Stiklai\u201d sells time proofed, certified, highest quality standard manufacturers glass: Saint-Gobain, Pilkington, AGC, Guardian, FYG, XYG.\" \/>\n<meta property=\"og:url\" content=\"https:\/\/agnstiklai.lt\/stiklu-produktai\/\" \/>\n<meta property=\"og:site_name\" content=\"AGN stiklai\" \/>\n<meta property=\"article:modified_time\" content=\"2023-03-16T12:03:14+00:00\" \/>\n<meta name=\"twitter:card\" content=\"summary_large_image\" \/>\n<meta name=\"twitter:label1\" content=\"Est. reading time\" \/>\n\t<meta name=\"twitter:data1\" content=\"2 minutes\" \/>\n<script type=\"application\/ld+json\" class=\"yoast-schema-graph\">{\"@context\":\"https:\/\/schema.org\",\"@graph\":[{\"@type\":\"WebPage\",\"@id\":\"https:\/\/agnstiklai.lt\/stiklu-produktai\/\",\"url\":\"https:\/\/agnstiklai.lt\/stiklu-produktai\/\",\"name\":\"Stiklai automobiliams, autobusams, sunkve\u017eimiams, vilkikams | AGNstiklai.lt\",\"isPartOf\":{\"@id\":\"https:\/\/agnstiklai.lt\/#website\"},\"datePublished\":\"2020-09-13T14:38:43+00:00\",\"dateModified\":\"2023-03-16T12:03:14+00:00\",\"description\":\"Sertifikuoti \u017einom\u0173 gamintoj\u0173 stiklai automobiliams, autobusams, sunkve\u017eimiams ir kt. SAINT-GOBAIN, PILKINGTON, AGC, GUARDIAN, FYG, XYG automobili\u0173 stiklai.\",\"breadcrumb\":{\"@id\":\"https:\/\/agnstiklai.lt\/stiklu-produktai\/#breadcrumb\"},\"inLanguage\":\"en-US\",\"potentialAction\":[{\"@type\":\"ReadAction\",\"target\":[\"https:\/\/agnstiklai.lt\/stiklu-produktai\/\"]}]},{\"@type\":\"BreadcrumbList\",\"@id\":\"https:\/\/agnstiklai.lt\/stiklu-produktai\/#breadcrumb\",\"itemListElement\":[{\"@type\":\"ListItem\",\"position\":1,\"name\":\"Home\",\"item\":\"https:\/\/agnstiklai.lt\/\"},{\"@type\":\"ListItem\",\"position\":2,\"name\":\"Stiklai\"}]},{\"@type\":\"WebSite\",\"@id\":\"https:\/\/agnstiklai.lt\/#website\",\"url\":\"https:\/\/agnstiklai.lt\/\",\"name\":\"AGN stiklai\",\"description\":\"Automobili\u0173 stiklai, automobili\u0173 stikl\u0173 keitimas\",\"potentialAction\":[{\"@type\":\"SearchAction\",\"target\":{\"@type\":\"EntryPoint\",\"urlTemplate\":\"https:\/\/agnstiklai.lt\/?s={search_term_string}\"},\"query-input\":\"required name=search_term_string\"}],\"inLanguage\":\"en-US\"}]}<\/script>\n<!-- \/ Yoast SEO plugin. -->","yoast_head_json":{"title":"Glass and its produce | AGN stiklai","description":"\u201cAGN Stiklai\u201d sells time proofed, certified, highest quality standard manufacturers glass: Saint-Gobain, Pilkington, AGC, Guardian, FYG, XYG.","robots":{"index":"index","follow":"follow","max-snippet":"max-snippet:-1","max-image-preview":"max-image-preview:large","max-video-preview":"max-video-preview:-1"},"canonical":"https:\/\/agnstiklai.lt\/stiklu-produktai\/","og_locale":"en_US","og_type":"article","og_title":"{:lt}Stiklai automobiliams, autobusams, sunkve\u017eimiams, vilkikams | AGNstiklai.lt{:}{:en}Glass and its produce | AGN stiklai{:}{:ru}\u0421\u0442\u0451\u043a\u043b\u0430 \u0438 \u0441\u0442\u0435\u043a\u043b\u0430\u043f\u0440\u043e\u0434\u0443\u043a\u0446\u0438\u044f | AGN stiklai{:}","og_description":"\u201cAGN Stiklai\u201d sells time proofed, certified, highest quality standard manufacturers glass: Saint-Gobain, Pilkington, AGC, Guardian, FYG, XYG.","og_url":"https:\/\/agnstiklai.lt\/stiklu-produktai\/","og_site_name":"AGN stiklai","article_modified_time":"2023-03-16T12:03:14+00:00","twitter_card":"summary_large_image","twitter_misc":{"Est. reading time":"2 minutes"},"schema":{"@context":"https:\/\/schema.org","@graph":[{"@type":"WebPage","@id":"https:\/\/agnstiklai.lt\/stiklu-produktai\/","url":"https:\/\/agnstiklai.lt\/stiklu-produktai\/","name":"Stiklai automobiliams, autobusams, sunkve\u017eimiams, vilkikams | AGNstiklai.lt","isPartOf":{"@id":"https:\/\/agnstiklai.lt\/#website"},"datePublished":"2020-09-13T14:38:43+00:00","dateModified":"2023-03-16T12:03:14+00:00","description":"Sertifikuoti \u017einom\u0173 gamintoj\u0173 stiklai automobiliams, autobusams, sunkve\u017eimiams ir kt. SAINT-GOBAIN, PILKINGTON, AGC, GUARDIAN, FYG, XYG automobili\u0173 stiklai.","breadcrumb":{"@id":"https:\/\/agnstiklai.lt\/stiklu-produktai\/#breadcrumb"},"inLanguage":"en-US","potentialAction":[{"@type":"ReadAction","target":["https:\/\/agnstiklai.lt\/stiklu-produktai\/"]}]},{"@type":"BreadcrumbList","@id":"https:\/\/agnstiklai.lt\/stiklu-produktai\/#breadcrumb","itemListElement":[{"@type":"ListItem","position":1,"name":"Home","item":"https:\/\/agnstiklai.lt\/"},{"@type":"ListItem","position":2,"name":"Stiklai"}]},{"@type":"WebSite","@id":"https:\/\/agnstiklai.lt\/#website","url":"https:\/\/agnstiklai.lt\/","name":"AGN stiklai","description":"Automobili\u0173 stiklai, automobili\u0173 stikl\u0173 keitimas","potentialAction":[{"@type":"SearchAction","target":{"@type":"EntryPoint","urlTemplate":"https:\/\/agnstiklai.lt\/?s={search_term_string}"},"query-input":"required name=search_term_string"}],"inLanguage":"en-US"}]}},"_links":{"self":[{"href":"https:\/\/agnstiklai.lt\/en\/wp-json\/wp\/v2\/pages\/54"}],"collection":[{"href":"https:\/\/agnstiklai.lt\/en\/wp-json\/wp\/v2\/pages"}],"about":[{"href":"https:\/\/agnstiklai.lt\/en\/wp-json\/wp\/v2\/types\/page"}],"author":[{"embeddable":true,"href":"https:\/\/agnstiklai.lt\/en\/wp-json\/wp\/v2\/users\/1"}],"replies":[{"embeddable":true,"href":"https:\/\/agnstiklai.lt\/en\/wp-json\/wp\/v2\/comments?post=54"}],"version-history":[{"count":4,"href":"https:\/\/agnstiklai.lt\/en\/wp-json\/wp\/v2\/pages\/54\/revisions"}],"predecessor-version":[{"id":204,"href":"https:\/\/agnstiklai.lt\/en\/wp-json\/wp\/v2\/pages\/54\/revisions\/204"}],"wp:attachment":[{"href":"https:\/\/agnstiklai.lt\/en\/wp-json\/wp\/v2\/media?parent=54"}],"curies":[{"name":"wp","href":"https:\/\/api.w.org\/{rel}","templated":true}]}}