{"id":52,"date":"2020-09-13T12:36:41","date_gmt":"2020-09-13T14:36:41","guid":{"rendered":"http:\/\/agnstiklai.lt\/?page_id=52"},"modified":"2023-03-20T08:39:13","modified_gmt":"2023-03-20T10:39:13","slug":"sunkvezimiu-stiklu-remontas-ir-itrukimu-stabdymas","status":"publish","type":"page","link":"https:\/\/agnstiklai.lt\/en\/trucks-stopping-and-repairing-cracks-in-the-car-glass\/","title":{"rendered":"Trucks stopping and repairing cracks in the car glass"},"content":{"rendered":"<h1>Trucks stopping and repairing cracks in the car glass<\/h1>\n<p class=\"subtitle\">If you have come upon a dent or even an insignificant crack on the glass of your car, do not delay and quickly as possible seek out our \u201cAGN stiklai\u201d specialists. We first always assess the possibility to repair the glass instead of quickly replacing it in order to ensure that our clients will not have significant monetary expanses.<\/p>\n<p class=\"subtitle\">Your safety is our priority. That is why only when we have determine the type, pollution level and other factors of the crack in the glass, we will produce the conclusions of specialists regarding the possibility to repair the glass, or the necessity to replace the cracked glass with a new one. In many cases, we can effectively repair the cracks in the vehicles\u2019 glass and for many years to come you will be able to exploit it safely.<\/p>\n<p class=\"subtitle\">The repair works of the vehicle\u2019s glass cannot be postponed for a later time, and the specialists, as quickly as possible, should be sought out for a couple of reasons. First of all, various dents or insignificant cracks undo the primary fastness of the glass. This significantly minimizes the vehicle\u2019s safety, and it becomes a threat not only to the driver, but to the passengers as well. Usually, the cracks in the glass can divert the driver\u2019s attention, hindering the visibility. Secondly, even the most insignificant and, in your mind, meaningless crack or a dent in the glass can spread very quickly and become a very big crack, which we won\u2019t be able to repair, if it is affected by various environment\u2019s physical agents. Thirdly, dust, dirt and water falls into the cracks in the glass along with moisture, greatly burdening the repair works and minimizing the quality of the works, which are carried out. Therefore, if you are interested in a safe roadworthiness of your vehicle and in the best glass repair results, the cracks in the glass have to be repaired immediately.<\/p>\n<p class=\"subtitle\">The repair quality of the vehicles\u2019 cracks in the glass highly depends also on the professionalism, knowledge and experience of the workers that carry out the repair works. We can assure that the professionals who work at \u201cAGN stickler\u201d will not only properly and successfully take care of your vehicle\u2019s car glass, but also will always gladly consult you and answer all of your questions. We graciously beckon you to contact us.<\/p>\n","protected":false},"excerpt":{"rendered":"<p>Trucks stopping and repairing cracks in the car glass If you have come upon a dent or even an insignificant crack on the glass of your car, do not delay and quickly as possible seek out our \u201cAGN stiklai\u201d specialists. We first always assess the possibility to repair the glass instead of quickly replacing it [&hellip;]<\/p>\n","protected":false},"author":1,"featured_media":0,"parent":0,"menu_order":0,"comment_status":"closed","ping_status":"closed","template":"","meta":[],"translation":{"provider":"WPGlobus","version":"2.10.10","language":"en","enabled_languages":["lt","en","ru"],"languages":{"lt":{"title":true,"content":true,"excerpt":false},"en":{"title":true,"content":true,"excerpt":false},"ru":{"title":true,"content":true,"excerpt":false}}},"yoast_head":"<!-- This site is optimized with the Yoast SEO plugin v20.3 - https:\/\/yoast.com\/wordpress\/plugins\/seo\/ -->\n<title>Trucks stopping and repairing cracks in the car glass | AGN stiklai<\/title>\n<meta name=\"description\" content=\"Your safety is our priority. We can effectively repair the cracks in the vehicles\u2019 glass and for many years to come you will be able to exploit it safely.\" \/>\n<meta name=\"robots\" content=\"index, follow, max-snippet:-1, max-image-preview:large, max-video-preview:-1\" \/>\n<link rel=\"canonical\" href=\"https:\/\/agnstiklai.lt\/sunkvezimiu-stiklu-remontas-ir-itrukimu-stabdymas\/\" \/>\n<meta property=\"og:locale\" content=\"en_US\" \/>\n<meta property=\"og:type\" content=\"article\" \/>\n<meta property=\"og:title\" content=\"{:lt}Sunkve\u017eimi\u0173 stikl\u0173 remontas ir \u012ftr\u016bkim\u0173 stabdymas | AGNstiklai.lt{:}{:en}Trucks stopping and repairing cracks in the car glass | AGN stiklai{:}{:ru}O\u0441\u0442\u0430\u043d\u043e\u0432\u043a\u0430 \u0438 \u0440\u0435\u043c\u043e\u043d\u0442 \u0442\u0440\u0435\u0449\u0438\u043d \u0433\u0440\u0443\u0437\u043e\u0432\u044b\u0445 \u0441\u0442\u0451\u043a\u043e\u043b | AGN stiklai{:}\" \/>\n<meta property=\"og:description\" content=\"Your safety is our priority. We can effectively repair the cracks in the vehicles\u2019 glass and for many years to come you will be able to exploit it safely.\" \/>\n<meta property=\"og:url\" content=\"https:\/\/agnstiklai.lt\/sunkvezimiu-stiklu-remontas-ir-itrukimu-stabdymas\/\" \/>\n<meta property=\"og:site_name\" content=\"AGN stiklai\" \/>\n<meta property=\"article:modified_time\" content=\"2023-03-20T10:39:13+00:00\" \/>\n<meta name=\"twitter:card\" content=\"summary_large_image\" \/>\n<meta name=\"twitter:label1\" content=\"Est. reading time\" \/>\n\t<meta name=\"twitter:data1\" content=\"2 minutes\" \/>\n<script type=\"application\/ld+json\" class=\"yoast-schema-graph\">{\"@context\":\"https:\/\/schema.org\",\"@graph\":[{\"@type\":\"WebPage\",\"@id\":\"https:\/\/agnstiklai.lt\/sunkvezimiu-stiklu-remontas-ir-itrukimu-stabdymas\/\",\"url\":\"https:\/\/agnstiklai.lt\/sunkvezimiu-stiklu-remontas-ir-itrukimu-stabdymas\/\",\"name\":\"Sunkve\u017eimi\u0173 stikl\u0173 remontas ir \u012ftr\u016bkim\u0173 stabdymas | AGNstiklai.lt\",\"isPartOf\":{\"@id\":\"https:\/\/agnstiklai.lt\/#website\"},\"datePublished\":\"2020-09-13T14:36:41+00:00\",\"dateModified\":\"2023-03-20T10:39:13+00:00\",\"description\":\"Greitas ir kokybi\u0161kas sunkve\u017eimi\u0173 stikl\u0173 remontas Vilniuje ir Klaip\u0117doje. Saugus sunkve\u017eimi\u0173 stikl\u0173 \u012ftr\u016bkim\u0173, \u012fdau\u017e\u0173 stabdymas pa\u017eangiomis technologijomis.\",\"breadcrumb\":{\"@id\":\"https:\/\/agnstiklai.lt\/sunkvezimiu-stiklu-remontas-ir-itrukimu-stabdymas\/#breadcrumb\"},\"inLanguage\":\"en-US\",\"potentialAction\":[{\"@type\":\"ReadAction\",\"target\":[\"https:\/\/agnstiklai.lt\/sunkvezimiu-stiklu-remontas-ir-itrukimu-stabdymas\/\"]}]},{\"@type\":\"BreadcrumbList\",\"@id\":\"https:\/\/agnstiklai.lt\/sunkvezimiu-stiklu-remontas-ir-itrukimu-stabdymas\/#breadcrumb\",\"itemListElement\":[{\"@type\":\"ListItem\",\"position\":1,\"name\":\"Home\",\"item\":\"https:\/\/agnstiklai.lt\/\"},{\"@type\":\"ListItem\",\"position\":2,\"name\":\"Sunkve\u017eimi\u0173 stikl\u0173 remontas ir \u012ftr\u016bkim\u0173 stabdymas\"}]},{\"@type\":\"WebSite\",\"@id\":\"https:\/\/agnstiklai.lt\/#website\",\"url\":\"https:\/\/agnstiklai.lt\/\",\"name\":\"AGN stiklai\",\"description\":\"Automobili\u0173 stiklai, automobili\u0173 stikl\u0173 keitimas\",\"potentialAction\":[{\"@type\":\"SearchAction\",\"target\":{\"@type\":\"EntryPoint\",\"urlTemplate\":\"https:\/\/agnstiklai.lt\/?s={search_term_string}\"},\"query-input\":\"required name=search_term_string\"}],\"inLanguage\":\"en-US\"}]}<\/script>\n<!-- \/ Yoast SEO plugin. -->","yoast_head_json":{"title":"Trucks stopping and repairing cracks in the car glass | AGN stiklai","description":"Your safety is our priority. We can effectively repair the cracks in the vehicles\u2019 glass and for many years to come you will be able to exploit it safely.","robots":{"index":"index","follow":"follow","max-snippet":"max-snippet:-1","max-image-preview":"max-image-preview:large","max-video-preview":"max-video-preview:-1"},"canonical":"https:\/\/agnstiklai.lt\/sunkvezimiu-stiklu-remontas-ir-itrukimu-stabdymas\/","og_locale":"en_US","og_type":"article","og_title":"{:lt}Sunkve\u017eimi\u0173 stikl\u0173 remontas ir \u012ftr\u016bkim\u0173 stabdymas | AGNstiklai.lt{:}{:en}Trucks stopping and repairing cracks in the car glass | AGN stiklai{:}{:ru}O\u0441\u0442\u0430\u043d\u043e\u0432\u043a\u0430 \u0438 \u0440\u0435\u043c\u043e\u043d\u0442 \u0442\u0440\u0435\u0449\u0438\u043d \u0433\u0440\u0443\u0437\u043e\u0432\u044b\u0445 \u0441\u0442\u0451\u043a\u043e\u043b | AGN stiklai{:}","og_description":"Your safety is our priority. We can effectively repair the cracks in the vehicles\u2019 glass and for many years to come you will be able to exploit it safely.","og_url":"https:\/\/agnstiklai.lt\/sunkvezimiu-stiklu-remontas-ir-itrukimu-stabdymas\/","og_site_name":"AGN stiklai","article_modified_time":"2023-03-20T10:39:13+00:00","twitter_card":"summary_large_image","twitter_misc":{"Est. reading time":"2 minutes"},"schema":{"@context":"https:\/\/schema.org","@graph":[{"@type":"WebPage","@id":"https:\/\/agnstiklai.lt\/sunkvezimiu-stiklu-remontas-ir-itrukimu-stabdymas\/","url":"https:\/\/agnstiklai.lt\/sunkvezimiu-stiklu-remontas-ir-itrukimu-stabdymas\/","name":"Sunkve\u017eimi\u0173 stikl\u0173 remontas ir \u012ftr\u016bkim\u0173 stabdymas | AGNstiklai.lt","isPartOf":{"@id":"https:\/\/agnstiklai.lt\/#website"},"datePublished":"2020-09-13T14:36:41+00:00","dateModified":"2023-03-20T10:39:13+00:00","description":"Greitas ir kokybi\u0161kas sunkve\u017eimi\u0173 stikl\u0173 remontas Vilniuje ir Klaip\u0117doje. Saugus sunkve\u017eimi\u0173 stikl\u0173 \u012ftr\u016bkim\u0173, \u012fdau\u017e\u0173 stabdymas pa\u017eangiomis technologijomis.","breadcrumb":{"@id":"https:\/\/agnstiklai.lt\/sunkvezimiu-stiklu-remontas-ir-itrukimu-stabdymas\/#breadcrumb"},"inLanguage":"en-US","potentialAction":[{"@type":"ReadAction","target":["https:\/\/agnstiklai.lt\/sunkvezimiu-stiklu-remontas-ir-itrukimu-stabdymas\/"]}]},{"@type":"BreadcrumbList","@id":"https:\/\/agnstiklai.lt\/sunkvezimiu-stiklu-remontas-ir-itrukimu-stabdymas\/#breadcrumb","itemListElement":[{"@type":"ListItem","position":1,"name":"Home","item":"https:\/\/agnstiklai.lt\/"},{"@type":"ListItem","position":2,"name":"Sunkve\u017eimi\u0173 stikl\u0173 remontas ir \u012ftr\u016bkim\u0173 stabdymas"}]},{"@type":"WebSite","@id":"https:\/\/agnstiklai.lt\/#website","url":"https:\/\/agnstiklai.lt\/","name":"AGN stiklai","description":"Automobili\u0173 stiklai, automobili\u0173 stikl\u0173 keitimas","potentialAction":[{"@type":"SearchAction","target":{"@type":"EntryPoint","urlTemplate":"https:\/\/agnstiklai.lt\/?s={search_term_string}"},"query-input":"required name=search_term_string"}],"inLanguage":"en-US"}]}},"_links":{"self":[{"href":"https:\/\/agnstiklai.lt\/en\/wp-json\/wp\/v2\/pages\/52"}],"collection":[{"href":"https:\/\/agnstiklai.lt\/en\/wp-json\/wp\/v2\/pages"}],"about":[{"href":"https:\/\/agnstiklai.lt\/en\/wp-json\/wp\/v2\/types\/page"}],"author":[{"embeddable":true,"href":"https:\/\/agnstiklai.lt\/en\/wp-json\/wp\/v2\/users\/1"}],"replies":[{"embeddable":true,"href":"https:\/\/agnstiklai.lt\/en\/wp-json\/wp\/v2\/comments?post=52"}],"version-history":[{"count":5,"href":"https:\/\/agnstiklai.lt\/en\/wp-json\/wp\/v2\/pages\/52\/revisions"}],"predecessor-version":[{"id":208,"href":"https:\/\/agnstiklai.lt\/en\/wp-json\/wp\/v2\/pages\/52\/revisions\/208"}],"wp:attachment":[{"href":"https:\/\/agnstiklai.lt\/en\/wp-json\/wp\/v2\/media?parent=52"}],"curies":[{"name":"wp","href":"https:\/\/api.w.org\/{rel}","templated":true}]}}