{"id":50,"date":"2020-09-13T12:35:03","date_gmt":"2020-09-13T14:35:03","guid":{"rendered":"http:\/\/agnstiklai.lt\/?page_id=50"},"modified":"2023-03-16T10:08:02","modified_gmt":"2023-03-16T12:08:02","slug":"sunkvezimiu-stiklo-keitimas","status":"publish","type":"page","link":"https:\/\/agnstiklai.lt\/en\/replacement-of-trucks-car-glass\/","title":{"rendered":"Replacement of truck\u2019s car glass"},"content":{"rendered":"<p class=\"subtitle\">Often the trucks are driven in very difficult conditions (on variable condition roads, on any kind of weather, at nights, etc.), thus, it is natural that the glass of trucks is exposed to a much higher risk and a much higher damage possibility. This fact determines a much higher quality requirements for car glass of a truck..<\/p>\n<p class=\"subtitle\">Even the smallest crack or a dent in the truck\u2019s car glass can\u2019t be discarded, because the truck drivers, which drive long distances, eyes have a very big load, thus their reaction time is worsened, they feel tiredness, their concentration is getting weaker \u2013 so, it is very important to ensure for them a good and quality visibility.<\/p>\n<p class=\"subtitle\">In order for all of the cargo to duly, on time and without downtime reach its destination, the professionals working in \u201cAGN stiklai\u201d and highly experienced workers expeditiously and in good quality will take care of your truck\u2019s car glass replacement.<\/p>\n<h3 style=\"padding-top:20px; padding-bottom:10px;\">The truck\u2019s car glass replacement process is made of these steps:<\/h3>\n<ul class=\"list list-marked\">\n<li class=\"list-st\">Before the damaged car glass is removed, windscreen wipers and decorative items are removed;<\/li>\n<li class=\"list-st\">The old car glass is dismantled;<\/li>\n<li class=\"list-st\">The bodywork is cleaned from residual glue, dirt, dust and, if there is a necessity for it, corrosion is removed;<\/li>\n<li class=\"list-st\">The bodywork and the new car glass are readied for gluing according to the manufacturers technological requirements;<\/li>\n<li class=\"list-st\">The new car glass is glued or it is squeezed into the rubber medium and all of the decorative items and windscreen wipers are put back in.<\/li>\n<\/ul>\n<p class=\"subtitle\">We graciously beckon you to contact the professionals working in \u201cAGN stiklai\u201d, who will gladly consult and answer all of your questions about the replacement of the truck\u2019s car glass.<\/p>\n","protected":false},"excerpt":{"rendered":"<p>Often the trucks are driven in very difficult conditions (on variable condition roads, on any kind of weather, at nights, etc.), thus, it is natural that the glass of trucks is exposed to a much higher risk and a much higher damage possibility. This fact determines a much higher quality requirements for car glass of [&hellip;]<\/p>\n","protected":false},"author":1,"featured_media":0,"parent":0,"menu_order":0,"comment_status":"closed","ping_status":"closed","template":"","meta":[],"translation":{"provider":"WPGlobus","version":"2.10.10","language":"en","enabled_languages":["lt","en","ru"],"languages":{"lt":{"title":true,"content":true,"excerpt":false},"en":{"title":true,"content":true,"excerpt":false},"ru":{"title":true,"content":true,"excerpt":false}}},"yoast_head":"<!-- This site is optimized with the Yoast SEO plugin v20.3 - https:\/\/yoast.com\/wordpress\/plugins\/seo\/ -->\n<title>Replacement of truck\u2019s car glass | AGN stiklai<\/title>\n<meta name=\"description\" content=\"We graciously beckon you to contact the professionals working in \u201cAGN stiklai\u201d, who will gladly consult and answer all of your questions about the replacement of the truck\u2019s car glass.\" \/>\n<meta name=\"robots\" content=\"index, follow, max-snippet:-1, max-image-preview:large, max-video-preview:-1\" \/>\n<link rel=\"canonical\" href=\"https:\/\/agnstiklai.lt\/sunkvezimiu-stiklo-keitimas\/\" \/>\n<meta property=\"og:locale\" content=\"en_US\" \/>\n<meta property=\"og:type\" content=\"article\" \/>\n<meta property=\"og:title\" content=\"{:lt}Sunkve\u017eimi\u0173 stikl\u0173 keitimas | AGNstiklai.lt{:}{:en}Replacement of truck\u2019s car glass | AGN stiklai{:}{:ru}\u0417\u0430\u043c\u0435\u043d\u0430 \u0441\u0442\u0435\u043a\u043e\u043b \u0433\u0440\u0443\u0437\u043e\u0432\u0438\u043a\u043e\u0432 | AGN stiklai{:}\" \/>\n<meta property=\"og:description\" content=\"We graciously beckon you to contact the professionals working in \u201cAGN stiklai\u201d, who will gladly consult and answer all of your questions about the replacement of the truck\u2019s car glass.\" \/>\n<meta property=\"og:url\" content=\"https:\/\/agnstiklai.lt\/sunkvezimiu-stiklo-keitimas\/\" \/>\n<meta property=\"og:site_name\" content=\"AGN stiklai\" \/>\n<meta property=\"article:modified_time\" content=\"2023-03-16T12:08:02+00:00\" \/>\n<meta name=\"twitter:card\" content=\"summary_large_image\" \/>\n<meta name=\"twitter:label1\" content=\"Est. reading time\" \/>\n\t<meta name=\"twitter:data1\" content=\"2 minutes\" \/>\n<script type=\"application\/ld+json\" class=\"yoast-schema-graph\">{\"@context\":\"https:\/\/schema.org\",\"@graph\":[{\"@type\":\"WebPage\",\"@id\":\"https:\/\/agnstiklai.lt\/sunkvezimiu-stiklo-keitimas\/\",\"url\":\"https:\/\/agnstiklai.lt\/sunkvezimiu-stiklo-keitimas\/\",\"name\":\"Sunkve\u017eimi\u0173 stikl\u0173 keitimas | AGNstiklai.lt\",\"isPartOf\":{\"@id\":\"https:\/\/agnstiklai.lt\/#website\"},\"datePublished\":\"2020-09-13T14:35:03+00:00\",\"dateModified\":\"2023-03-16T12:08:02+00:00\",\"description\":\"Operatyvus ir kokybi\u0161kas sunkve\u017eimi\u0173 stikl\u0173 keitimas Klaip\u0117doje ir Vilniuje. Kvalifikuoti specialistai, patikimos technologijos, atlikt\u0173 darb\u0173 garantija.\",\"breadcrumb\":{\"@id\":\"https:\/\/agnstiklai.lt\/sunkvezimiu-stiklo-keitimas\/#breadcrumb\"},\"inLanguage\":\"en-US\",\"potentialAction\":[{\"@type\":\"ReadAction\",\"target\":[\"https:\/\/agnstiklai.lt\/sunkvezimiu-stiklo-keitimas\/\"]}]},{\"@type\":\"BreadcrumbList\",\"@id\":\"https:\/\/agnstiklai.lt\/sunkvezimiu-stiklo-keitimas\/#breadcrumb\",\"itemListElement\":[{\"@type\":\"ListItem\",\"position\":1,\"name\":\"Home\",\"item\":\"https:\/\/agnstiklai.lt\/\"},{\"@type\":\"ListItem\",\"position\":2,\"name\":\"Sunkve\u017eimi\u0173 stikl\u0173 keitimas\"}]},{\"@type\":\"WebSite\",\"@id\":\"https:\/\/agnstiklai.lt\/#website\",\"url\":\"https:\/\/agnstiklai.lt\/\",\"name\":\"AGN stiklai\",\"description\":\"Automobili\u0173 stiklai, automobili\u0173 stikl\u0173 keitimas\",\"potentialAction\":[{\"@type\":\"SearchAction\",\"target\":{\"@type\":\"EntryPoint\",\"urlTemplate\":\"https:\/\/agnstiklai.lt\/?s={search_term_string}\"},\"query-input\":\"required name=search_term_string\"}],\"inLanguage\":\"en-US\"}]}<\/script>\n<!-- \/ Yoast SEO plugin. -->","yoast_head_json":{"title":"Replacement of truck\u2019s car glass | AGN stiklai","description":"We graciously beckon you to contact the professionals working in \u201cAGN stiklai\u201d, who will gladly consult and answer all of your questions about the replacement of the truck\u2019s car glass.","robots":{"index":"index","follow":"follow","max-snippet":"max-snippet:-1","max-image-preview":"max-image-preview:large","max-video-preview":"max-video-preview:-1"},"canonical":"https:\/\/agnstiklai.lt\/sunkvezimiu-stiklo-keitimas\/","og_locale":"en_US","og_type":"article","og_title":"{:lt}Sunkve\u017eimi\u0173 stikl\u0173 keitimas | AGNstiklai.lt{:}{:en}Replacement of truck\u2019s car glass | AGN stiklai{:}{:ru}\u0417\u0430\u043c\u0435\u043d\u0430 \u0441\u0442\u0435\u043a\u043e\u043b \u0433\u0440\u0443\u0437\u043e\u0432\u0438\u043a\u043e\u0432 | AGN stiklai{:}","og_description":"We graciously beckon you to contact the professionals working in \u201cAGN stiklai\u201d, who will gladly consult and answer all of your questions about the replacement of the truck\u2019s car glass.","og_url":"https:\/\/agnstiklai.lt\/sunkvezimiu-stiklo-keitimas\/","og_site_name":"AGN stiklai","article_modified_time":"2023-03-16T12:08:02+00:00","twitter_card":"summary_large_image","twitter_misc":{"Est. reading time":"2 minutes"},"schema":{"@context":"https:\/\/schema.org","@graph":[{"@type":"WebPage","@id":"https:\/\/agnstiklai.lt\/sunkvezimiu-stiklo-keitimas\/","url":"https:\/\/agnstiklai.lt\/sunkvezimiu-stiklo-keitimas\/","name":"Sunkve\u017eimi\u0173 stikl\u0173 keitimas | AGNstiklai.lt","isPartOf":{"@id":"https:\/\/agnstiklai.lt\/#website"},"datePublished":"2020-09-13T14:35:03+00:00","dateModified":"2023-03-16T12:08:02+00:00","description":"Operatyvus ir kokybi\u0161kas sunkve\u017eimi\u0173 stikl\u0173 keitimas Klaip\u0117doje ir Vilniuje. Kvalifikuoti specialistai, patikimos technologijos, atlikt\u0173 darb\u0173 garantija.","breadcrumb":{"@id":"https:\/\/agnstiklai.lt\/sunkvezimiu-stiklo-keitimas\/#breadcrumb"},"inLanguage":"en-US","potentialAction":[{"@type":"ReadAction","target":["https:\/\/agnstiklai.lt\/sunkvezimiu-stiklo-keitimas\/"]}]},{"@type":"BreadcrumbList","@id":"https:\/\/agnstiklai.lt\/sunkvezimiu-stiklo-keitimas\/#breadcrumb","itemListElement":[{"@type":"ListItem","position":1,"name":"Home","item":"https:\/\/agnstiklai.lt\/"},{"@type":"ListItem","position":2,"name":"Sunkve\u017eimi\u0173 stikl\u0173 keitimas"}]},{"@type":"WebSite","@id":"https:\/\/agnstiklai.lt\/#website","url":"https:\/\/agnstiklai.lt\/","name":"AGN stiklai","description":"Automobili\u0173 stiklai, automobili\u0173 stikl\u0173 keitimas","potentialAction":[{"@type":"SearchAction","target":{"@type":"EntryPoint","urlTemplate":"https:\/\/agnstiklai.lt\/?s={search_term_string}"},"query-input":"required name=search_term_string"}],"inLanguage":"en-US"}]}},"_links":{"self":[{"href":"https:\/\/agnstiklai.lt\/en\/wp-json\/wp\/v2\/pages\/50"}],"collection":[{"href":"https:\/\/agnstiklai.lt\/en\/wp-json\/wp\/v2\/pages"}],"about":[{"href":"https:\/\/agnstiklai.lt\/en\/wp-json\/wp\/v2\/types\/page"}],"author":[{"embeddable":true,"href":"https:\/\/agnstiklai.lt\/en\/wp-json\/wp\/v2\/users\/1"}],"replies":[{"embeddable":true,"href":"https:\/\/agnstiklai.lt\/en\/wp-json\/wp\/v2\/comments?post=50"}],"version-history":[{"count":2,"href":"https:\/\/agnstiklai.lt\/en\/wp-json\/wp\/v2\/pages\/50\/revisions"}],"predecessor-version":[{"id":123,"href":"https:\/\/agnstiklai.lt\/en\/wp-json\/wp\/v2\/pages\/50\/revisions\/123"}],"wp:attachment":[{"href":"https:\/\/agnstiklai.lt\/en\/wp-json\/wp\/v2\/media?parent=50"}],"curies":[{"name":"wp","href":"https:\/\/api.w.org\/{rel}","templated":true}]}}