{"id":43,"date":"2020-09-13T12:15:54","date_gmt":"2020-09-13T14:15:54","guid":{"rendered":"http:\/\/agnstiklai.lt\/?page_id=43"},"modified":"2023-03-16T09:16:45","modified_gmt":"2023-03-16T11:16:45","slug":"autobusu-stiklu-keitimas","status":"publish","type":"page","link":"https:\/\/agnstiklai.lt\/en\/buses-replacement-of-the-glass\/","title":{"rendered":"Buses replacement of the glass"},"content":{"rendered":"<p class=\"subtitle\">The bus car glass, which is of a good quality and undamaged, is an essential factor not only ensuring the comfort and safety of the passengers and the driver, but also is an important element of the fastening of the bodywork. The windscreen of the bus is most often vulnerable, because of the large torrent of dust and various sizes of pebbles that have contact with it. Even though that the side car glass of the bus is more safe from the outside\u2019s small elements, after a long exploitation they also can have various mechanical damages.<\/p>\n<p class=\"subtitle\">Not only for the replacement of the bus car glass a specialized room is needed, but also it is very important to adhere to the rules prescribed by the manufacturer and the technological requirements of the glass replacement process. Experienced and professional employees of \u201cAGN stiklai\u201d can ensure that for you.<\/p>\n<h3 style=\"padding-top:20px; padding-bottom:10px;\">The bus\u2019s windscreen replacement process is made from a couple of steps:<\/h3>\n<ul class=\"list list-marked\">\n<li class=\"list-st\">Before the damaged glass is removed, windscreen wipers and decorative items are removed;<\/li>\n<li class=\"list-st\">The old car glass is dismantled;<\/li>\n<li class=\"list-st\">The bodywork is cleaned from residual glue, dirt, dust and, if there is a necessity for it, corrosion is removed;<\/li>\n<li class=\"list-st\">The bodywork and the new car glass are readied for gluing according to the manufacturers technological requirements;<\/li>\n<li class=\"list-st\">The new car glass is glued, the glue seams are formed and all of the decorative items and windscreen wipers are put back in.<\/li>\n<\/ul>\n<p class=\"subtitle\">We graciously beckon you to contact the professionals working in \u201cAGN stiklai\u201d, who will gladly consult and answer all of you questions about the replacement of the car glass of the bus.<\/p>\n","protected":false},"excerpt":{"rendered":"<p>The bus car glass, which is of a good quality and undamaged, is an essential factor not only ensuring the comfort and safety of the passengers and the driver, but also is an important element of the fastening of the bodywork. The windscreen of the bus is most often vulnerable, because of the large torrent [&hellip;]<\/p>\n","protected":false},"author":1,"featured_media":0,"parent":0,"menu_order":0,"comment_status":"closed","ping_status":"closed","template":"","meta":[],"translation":{"provider":"WPGlobus","version":"2.10.10","language":"en","enabled_languages":["lt","en","ru"],"languages":{"lt":{"title":true,"content":true,"excerpt":false},"en":{"title":true,"content":true,"excerpt":false},"ru":{"title":true,"content":true,"excerpt":false}}},"yoast_head":"<!-- This site is optimized with the Yoast SEO plugin v20.3 - https:\/\/yoast.com\/wordpress\/plugins\/seo\/ -->\n<title>Buses replacement of the glass | AGN stiklai<\/title>\n<meta name=\"description\" content=\"The bus car glass, which is of a good quality and undamaged, is an essential factor not only ensuring the comfort and safety of the passengers.\" \/>\n<meta name=\"robots\" content=\"index, follow, max-snippet:-1, max-image-preview:large, max-video-preview:-1\" \/>\n<link rel=\"canonical\" href=\"https:\/\/agnstiklai.lt\/autobusu-stiklu-keitimas\/\" \/>\n<meta property=\"og:locale\" content=\"en_US\" \/>\n<meta property=\"og:type\" content=\"article\" \/>\n<meta property=\"og:title\" content=\"{:lt}Autobus\u0173 stikl\u0173 keitimas | AGNstiklai.lt{:}{:en}Buses replacement of the glass | AGN stiklai{:}{:ru}\u0417\u0430\u043c\u0435\u043d\u0430 \u0441\u0442\u0435\u043a\u043e\u043b \u0434\u043b\u044f \u0430\u0432\u0442\u043e\u0431\u0443\u0441\u043e\u0432 | AGN stiklai{:}\" \/>\n<meta property=\"og:description\" content=\"The bus car glass, which is of a good quality and undamaged, is an essential factor not only ensuring the comfort and safety of the passengers.\" \/>\n<meta property=\"og:url\" content=\"https:\/\/agnstiklai.lt\/autobusu-stiklu-keitimas\/\" \/>\n<meta property=\"og:site_name\" content=\"AGN stiklai\" \/>\n<meta property=\"article:modified_time\" content=\"2023-03-16T11:16:45+00:00\" \/>\n<meta name=\"twitter:card\" content=\"summary_large_image\" \/>\n<meta name=\"twitter:label1\" content=\"Est. reading time\" \/>\n\t<meta name=\"twitter:data1\" content=\"2 minutes\" \/>\n<script type=\"application\/ld+json\" class=\"yoast-schema-graph\">{\"@context\":\"https:\/\/schema.org\",\"@graph\":[{\"@type\":\"WebPage\",\"@id\":\"https:\/\/agnstiklai.lt\/autobusu-stiklu-keitimas\/\",\"url\":\"https:\/\/agnstiklai.lt\/autobusu-stiklu-keitimas\/\",\"name\":\"Autobus\u0173 stikl\u0173 keitimas | AGNstiklai.lt\",\"isPartOf\":{\"@id\":\"https:\/\/agnstiklai.lt\/#website\"},\"datePublished\":\"2020-09-13T14:15:54+00:00\",\"dateModified\":\"2023-03-16T11:16:45+00:00\",\"description\":\"Operatyvus ir kokybi\u0161kas autobus\u0173 stikl\u0173 keitimas Klaip\u0117doje ir Vilniuje. Kvalifikuoti specialistai, patikimos technologijos, atlikt\u0173 darb\u0173 garantija.\",\"breadcrumb\":{\"@id\":\"https:\/\/agnstiklai.lt\/autobusu-stiklu-keitimas\/#breadcrumb\"},\"inLanguage\":\"en-US\",\"potentialAction\":[{\"@type\":\"ReadAction\",\"target\":[\"https:\/\/agnstiklai.lt\/autobusu-stiklu-keitimas\/\"]}]},{\"@type\":\"BreadcrumbList\",\"@id\":\"https:\/\/agnstiklai.lt\/autobusu-stiklu-keitimas\/#breadcrumb\",\"itemListElement\":[{\"@type\":\"ListItem\",\"position\":1,\"name\":\"Home\",\"item\":\"https:\/\/agnstiklai.lt\/\"},{\"@type\":\"ListItem\",\"position\":2,\"name\":\"Stikl\u0173 keitimas\"}]},{\"@type\":\"WebSite\",\"@id\":\"https:\/\/agnstiklai.lt\/#website\",\"url\":\"https:\/\/agnstiklai.lt\/\",\"name\":\"AGN stiklai\",\"description\":\"Automobili\u0173 stiklai, automobili\u0173 stikl\u0173 keitimas\",\"potentialAction\":[{\"@type\":\"SearchAction\",\"target\":{\"@type\":\"EntryPoint\",\"urlTemplate\":\"https:\/\/agnstiklai.lt\/?s={search_term_string}\"},\"query-input\":\"required name=search_term_string\"}],\"inLanguage\":\"en-US\"}]}<\/script>\n<!-- \/ Yoast SEO plugin. -->","yoast_head_json":{"title":"Buses replacement of the glass | AGN stiklai","description":"The bus car glass, which is of a good quality and undamaged, is an essential factor not only ensuring the comfort and safety of the passengers.","robots":{"index":"index","follow":"follow","max-snippet":"max-snippet:-1","max-image-preview":"max-image-preview:large","max-video-preview":"max-video-preview:-1"},"canonical":"https:\/\/agnstiklai.lt\/autobusu-stiklu-keitimas\/","og_locale":"en_US","og_type":"article","og_title":"{:lt}Autobus\u0173 stikl\u0173 keitimas | AGNstiklai.lt{:}{:en}Buses replacement of the glass | AGN stiklai{:}{:ru}\u0417\u0430\u043c\u0435\u043d\u0430 \u0441\u0442\u0435\u043a\u043e\u043b \u0434\u043b\u044f \u0430\u0432\u0442\u043e\u0431\u0443\u0441\u043e\u0432 | AGN stiklai{:}","og_description":"The bus car glass, which is of a good quality and undamaged, is an essential factor not only ensuring the comfort and safety of the passengers.","og_url":"https:\/\/agnstiklai.lt\/autobusu-stiklu-keitimas\/","og_site_name":"AGN stiklai","article_modified_time":"2023-03-16T11:16:45+00:00","twitter_card":"summary_large_image","twitter_misc":{"Est. reading time":"2 minutes"},"schema":{"@context":"https:\/\/schema.org","@graph":[{"@type":"WebPage","@id":"https:\/\/agnstiklai.lt\/autobusu-stiklu-keitimas\/","url":"https:\/\/agnstiklai.lt\/autobusu-stiklu-keitimas\/","name":"Autobus\u0173 stikl\u0173 keitimas | AGNstiklai.lt","isPartOf":{"@id":"https:\/\/agnstiklai.lt\/#website"},"datePublished":"2020-09-13T14:15:54+00:00","dateModified":"2023-03-16T11:16:45+00:00","description":"Operatyvus ir kokybi\u0161kas autobus\u0173 stikl\u0173 keitimas Klaip\u0117doje ir Vilniuje. Kvalifikuoti specialistai, patikimos technologijos, atlikt\u0173 darb\u0173 garantija.","breadcrumb":{"@id":"https:\/\/agnstiklai.lt\/autobusu-stiklu-keitimas\/#breadcrumb"},"inLanguage":"en-US","potentialAction":[{"@type":"ReadAction","target":["https:\/\/agnstiklai.lt\/autobusu-stiklu-keitimas\/"]}]},{"@type":"BreadcrumbList","@id":"https:\/\/agnstiklai.lt\/autobusu-stiklu-keitimas\/#breadcrumb","itemListElement":[{"@type":"ListItem","position":1,"name":"Home","item":"https:\/\/agnstiklai.lt\/"},{"@type":"ListItem","position":2,"name":"Stikl\u0173 keitimas"}]},{"@type":"WebSite","@id":"https:\/\/agnstiklai.lt\/#website","url":"https:\/\/agnstiklai.lt\/","name":"AGN stiklai","description":"Automobili\u0173 stiklai, automobili\u0173 stikl\u0173 keitimas","potentialAction":[{"@type":"SearchAction","target":{"@type":"EntryPoint","urlTemplate":"https:\/\/agnstiklai.lt\/?s={search_term_string}"},"query-input":"required name=search_term_string"}],"inLanguage":"en-US"}]}},"_links":{"self":[{"href":"https:\/\/agnstiklai.lt\/en\/wp-json\/wp\/v2\/pages\/43"}],"collection":[{"href":"https:\/\/agnstiklai.lt\/en\/wp-json\/wp\/v2\/pages"}],"about":[{"href":"https:\/\/agnstiklai.lt\/en\/wp-json\/wp\/v2\/types\/page"}],"author":[{"embeddable":true,"href":"https:\/\/agnstiklai.lt\/en\/wp-json\/wp\/v2\/users\/1"}],"replies":[{"embeddable":true,"href":"https:\/\/agnstiklai.lt\/en\/wp-json\/wp\/v2\/comments?post=43"}],"version-history":[{"count":7,"href":"https:\/\/agnstiklai.lt\/en\/wp-json\/wp\/v2\/pages\/43\/revisions"}],"predecessor-version":[{"id":198,"href":"https:\/\/agnstiklai.lt\/en\/wp-json\/wp\/v2\/pages\/43\/revisions\/198"}],"wp:attachment":[{"href":"https:\/\/agnstiklai.lt\/en\/wp-json\/wp\/v2\/media?parent=43"}],"curies":[{"name":"wp","href":"https:\/\/api.w.org\/{rel}","templated":true}]}}