{"id":41,"date":"2020-09-13T12:13:32","date_gmt":"2020-09-13T14:13:32","guid":{"rendered":"http:\/\/agnstiklai.lt\/?page_id=41"},"modified":"2023-03-16T10:02:49","modified_gmt":"2023-03-16T12:02:49","slug":"automobiliu-stiklu-perklijavimas","status":"publish","type":"page","link":"https:\/\/agnstiklai.lt\/en\/automobile-the-car-glass-re-gluing\/","title":{"rendered":"Automobile the car glass re-gluing"},"content":{"rendered":"<p class=\"subtitle\">Not always the car glass is glued properly. This happens usually when you try to glue it without having any experience, or when you trust your car to unqualified foremen. The glass, which was glued poorly, enhances the moisture, water permeability, it starts to cloud up, fragility of the glass increases, and there can be cracks. Because the windscreen strengthens the car\u2019s bodywork, then it\u2019s especially important that it should be glued in good quality. If this is not done, in the event of an impact, the windscreen may easily drop out and deform the roof of the car.<\/p>\n<p class=\"subtitle\">The experienced specialists working in \u201cAGN stiklai\u201d expeditiously and in good quality will render the car glass re-gluing service to you.<\/p>\n<h3 style=\"padding-top:20px; padding-bottom:10px;\">The car\u2019s windscreen re-gluing process is made from these steps:<\/h3>\n<ul class=\"list list-marked\">\n<li class=\"list-st\">The windscreen wipers and decorative items are removed;<\/li>\n<li class=\"list-st\">The windscreen is removed;<\/li>\n<li class=\"list-st\">The bodywork is cleaned from residual glue, dirt, dust and, if there is a necessity for it, corrosion is removed;<\/li>\n<li class=\"list-st\">The bodywork and the new car glass are readied for gluing according to the manufacturers technological requirements;<\/li>\n<li class=\"list-st\">The windscreen is glued or it is squeezed into the rubber medium and all of the decorative items and windscreen wipers are put back in.<\/li>\n<\/ul>\n<p class=\"subtitle\">We graciously beckon you to contact the professionals working in \u201cAGN stiklai\u201d, who will gladly consult and answer all of your questions about the re-gluing of the car glass.<\/p>\n","protected":false},"excerpt":{"rendered":"<p>Not always the car glass is glued properly. This happens usually when you try to glue it without having any experience, or when you trust your car to unqualified foremen. The glass, which was glued poorly, enhances the moisture, water permeability, it starts to cloud up, fragility of the glass increases, and there can be [&hellip;]<\/p>\n","protected":false},"author":1,"featured_media":0,"parent":0,"menu_order":0,"comment_status":"closed","ping_status":"closed","template":"","meta":[],"translation":{"provider":"WPGlobus","version":"2.10.10","language":"en","enabled_languages":["lt","en","ru"],"languages":{"lt":{"title":true,"content":true,"excerpt":false},"en":{"title":true,"content":true,"excerpt":false},"ru":{"title":true,"content":true,"excerpt":false}}},"yoast_head":"<!-- This site is optimized with the Yoast SEO plugin v20.3 - https:\/\/yoast.com\/wordpress\/plugins\/seo\/ -->\n<title>Automobile the car glass re-gluing | AGN stiklai<\/title>\n<meta name=\"description\" content=\"The experienced specialists working in \u201cAGN stiklai\u201d expeditiously and in good quality will render the car glass re-gluing service to you.\" \/>\n<meta name=\"robots\" content=\"index, follow, max-snippet:-1, max-image-preview:large, max-video-preview:-1\" \/>\n<link rel=\"canonical\" href=\"https:\/\/agnstiklai.lt\/automobiliu-stiklu-perklijavimas\/\" \/>\n<meta property=\"og:locale\" content=\"en_US\" \/>\n<meta property=\"og:type\" content=\"article\" \/>\n<meta property=\"og:title\" content=\"{:lt}Automobili\u0173 stikl\u0173 perklijavimas | AGNstiklai.lt{:}{:en}Automobile the car glass re-gluing | AGN stiklai{:}{:ru}\u041f\u0435\u0440\u0435\u043a\u043b\u0435\u0439\u043a\u0430 \u0430\u0432\u0442\u043e\u043c\u043e\u0431\u0438\u043b\u044c\u043d\u044b\u0445 \u0441\u0442\u0435\u043a\u043e\u043b | AGN stiklai{:}\" \/>\n<meta property=\"og:description\" content=\"The experienced specialists working in \u201cAGN stiklai\u201d expeditiously and in good quality will render the car glass re-gluing service to you.\" \/>\n<meta property=\"og:url\" content=\"https:\/\/agnstiklai.lt\/automobiliu-stiklu-perklijavimas\/\" \/>\n<meta property=\"og:site_name\" content=\"AGN stiklai\" \/>\n<meta property=\"article:modified_time\" content=\"2023-03-16T12:02:49+00:00\" \/>\n<meta name=\"twitter:card\" content=\"summary_large_image\" \/>\n<meta name=\"twitter:label1\" content=\"Est. reading time\" \/>\n\t<meta name=\"twitter:data1\" content=\"2 minutes\" \/>\n<script type=\"application\/ld+json\" class=\"yoast-schema-graph\">{\"@context\":\"https:\/\/schema.org\",\"@graph\":[{\"@type\":\"WebPage\",\"@id\":\"https:\/\/agnstiklai.lt\/automobiliu-stiklu-perklijavimas\/\",\"url\":\"https:\/\/agnstiklai.lt\/automobiliu-stiklu-perklijavimas\/\",\"name\":\"Automobili\u0173 stikl\u0173 perklijavimas | AGNstiklai.lt\",\"isPartOf\":{\"@id\":\"https:\/\/agnstiklai.lt\/#website\"},\"datePublished\":\"2020-09-13T14:13:32+00:00\",\"dateModified\":\"2023-03-16T12:02:49+00:00\",\"description\":\"Profesionalus neteisingai \u012fklijuot\u0173 automobili\u0173 stikl\u0173 perklijavimas Vilniuje ir Klaip\u0117doje. Patyr\u0119 specialistai, pa\u017eangios technologijos, darb\u0173 garantija.\",\"breadcrumb\":{\"@id\":\"https:\/\/agnstiklai.lt\/automobiliu-stiklu-perklijavimas\/#breadcrumb\"},\"inLanguage\":\"en-US\",\"potentialAction\":[{\"@type\":\"ReadAction\",\"target\":[\"https:\/\/agnstiklai.lt\/automobiliu-stiklu-perklijavimas\/\"]}]},{\"@type\":\"BreadcrumbList\",\"@id\":\"https:\/\/agnstiklai.lt\/automobiliu-stiklu-perklijavimas\/#breadcrumb\",\"itemListElement\":[{\"@type\":\"ListItem\",\"position\":1,\"name\":\"Home\",\"item\":\"https:\/\/agnstiklai.lt\/\"},{\"@type\":\"ListItem\",\"position\":2,\"name\":\"Stikl\u0173 perklijavimas\"}]},{\"@type\":\"WebSite\",\"@id\":\"https:\/\/agnstiklai.lt\/#website\",\"url\":\"https:\/\/agnstiklai.lt\/\",\"name\":\"AGN stiklai\",\"description\":\"Automobili\u0173 stiklai, automobili\u0173 stikl\u0173 keitimas\",\"potentialAction\":[{\"@type\":\"SearchAction\",\"target\":{\"@type\":\"EntryPoint\",\"urlTemplate\":\"https:\/\/agnstiklai.lt\/?s={search_term_string}\"},\"query-input\":\"required name=search_term_string\"}],\"inLanguage\":\"en-US\"}]}<\/script>\n<!-- \/ Yoast SEO plugin. -->","yoast_head_json":{"title":"Automobile the car glass re-gluing | AGN stiklai","description":"The experienced specialists working in \u201cAGN stiklai\u201d expeditiously and in good quality will render the car glass re-gluing service to you.","robots":{"index":"index","follow":"follow","max-snippet":"max-snippet:-1","max-image-preview":"max-image-preview:large","max-video-preview":"max-video-preview:-1"},"canonical":"https:\/\/agnstiklai.lt\/automobiliu-stiklu-perklijavimas\/","og_locale":"en_US","og_type":"article","og_title":"{:lt}Automobili\u0173 stikl\u0173 perklijavimas | AGNstiklai.lt{:}{:en}Automobile the car glass re-gluing | AGN stiklai{:}{:ru}\u041f\u0435\u0440\u0435\u043a\u043b\u0435\u0439\u043a\u0430 \u0430\u0432\u0442\u043e\u043c\u043e\u0431\u0438\u043b\u044c\u043d\u044b\u0445 \u0441\u0442\u0435\u043a\u043e\u043b | AGN stiklai{:}","og_description":"The experienced specialists working in \u201cAGN stiklai\u201d expeditiously and in good quality will render the car glass re-gluing service to you.","og_url":"https:\/\/agnstiklai.lt\/automobiliu-stiklu-perklijavimas\/","og_site_name":"AGN stiklai","article_modified_time":"2023-03-16T12:02:49+00:00","twitter_card":"summary_large_image","twitter_misc":{"Est. reading time":"2 minutes"},"schema":{"@context":"https:\/\/schema.org","@graph":[{"@type":"WebPage","@id":"https:\/\/agnstiklai.lt\/automobiliu-stiklu-perklijavimas\/","url":"https:\/\/agnstiklai.lt\/automobiliu-stiklu-perklijavimas\/","name":"Automobili\u0173 stikl\u0173 perklijavimas | AGNstiklai.lt","isPartOf":{"@id":"https:\/\/agnstiklai.lt\/#website"},"datePublished":"2020-09-13T14:13:32+00:00","dateModified":"2023-03-16T12:02:49+00:00","description":"Profesionalus neteisingai \u012fklijuot\u0173 automobili\u0173 stikl\u0173 perklijavimas Vilniuje ir Klaip\u0117doje. Patyr\u0119 specialistai, pa\u017eangios technologijos, darb\u0173 garantija.","breadcrumb":{"@id":"https:\/\/agnstiklai.lt\/automobiliu-stiklu-perklijavimas\/#breadcrumb"},"inLanguage":"en-US","potentialAction":[{"@type":"ReadAction","target":["https:\/\/agnstiklai.lt\/automobiliu-stiklu-perklijavimas\/"]}]},{"@type":"BreadcrumbList","@id":"https:\/\/agnstiklai.lt\/automobiliu-stiklu-perklijavimas\/#breadcrumb","itemListElement":[{"@type":"ListItem","position":1,"name":"Home","item":"https:\/\/agnstiklai.lt\/"},{"@type":"ListItem","position":2,"name":"Stikl\u0173 perklijavimas"}]},{"@type":"WebSite","@id":"https:\/\/agnstiklai.lt\/#website","url":"https:\/\/agnstiklai.lt\/","name":"AGN stiklai","description":"Automobili\u0173 stiklai, automobili\u0173 stikl\u0173 keitimas","potentialAction":[{"@type":"SearchAction","target":{"@type":"EntryPoint","urlTemplate":"https:\/\/agnstiklai.lt\/?s={search_term_string}"},"query-input":"required name=search_term_string"}],"inLanguage":"en-US"}]}},"_links":{"self":[{"href":"https:\/\/agnstiklai.lt\/en\/wp-json\/wp\/v2\/pages\/41"}],"collection":[{"href":"https:\/\/agnstiklai.lt\/en\/wp-json\/wp\/v2\/pages"}],"about":[{"href":"https:\/\/agnstiklai.lt\/en\/wp-json\/wp\/v2\/types\/page"}],"author":[{"embeddable":true,"href":"https:\/\/agnstiklai.lt\/en\/wp-json\/wp\/v2\/users\/1"}],"replies":[{"embeddable":true,"href":"https:\/\/agnstiklai.lt\/en\/wp-json\/wp\/v2\/comments?post=41"}],"version-history":[{"count":3,"href":"https:\/\/agnstiklai.lt\/en\/wp-json\/wp\/v2\/pages\/41\/revisions"}],"predecessor-version":[{"id":201,"href":"https:\/\/agnstiklai.lt\/en\/wp-json\/wp\/v2\/pages\/41\/revisions\/201"}],"wp:attachment":[{"href":"https:\/\/agnstiklai.lt\/en\/wp-json\/wp\/v2\/media?parent=41"}],"curies":[{"name":"wp","href":"https:\/\/api.w.org\/{rel}","templated":true}]}}