{"id":37,"date":"2020-09-13T12:07:44","date_gmt":"2020-09-13T14:07:44","guid":{"rendered":"http:\/\/agnstiklai.lt\/?page_id=37"},"modified":"2025-10-13T05:08:41","modified_gmt":"2025-10-13T07:08:41","slug":"automobiliu-stiklu-tamsinimas-plevelemis","status":"publish","type":"page","link":"https:\/\/agnstiklai.lt\/en\/automobile-glass-tinting-film\/","title":{"rendered":"Automobile glass tinting film"},"content":{"rendered":"<p class=\"subtitle\">The specialists working in \u201eAGN stiklai\u201d use only the films to tint the glass, which come from reliable manufacturers. This way we can assure the quality of the glass tinting and from the different tint films we can suggest the most fitting option for your car.<\/p>\n<h3 style=\"padding-top:20px; padding-bottom:10px;\">The glass tinting film gives these advantages for your vehicle:<\/h3>\n<ul class=\"list list-marked\">\n<li class=\"list-st\">The glass, which is tinted by film, perfectly absorbs the flashes of the sun that really bothers when driving. It also neutralizes the blinding lights from the passing cars.<\/li>\n<li class=\"list-st\">The tinted glass safeguards from Ultra-violet rays. The \u201cMetallised\u201d tinting films reflects even up to 99% of Ultra-violet rays, this safeguards the inside of your car from discoloration.<\/li>\n<li class=\"list-st\">The glass coated with a tinted film is more sturdier. In the event of a break, it protects the passengers and the driver from shards that do not access the inside of the car, because they are left glued on the film.<\/li>\n<li class=\"list-st\">In summer, a glass, which is tinted with film, stops the entry of the heat into the inside of the car. In winter, vice versa, minimizes the heat\u2019s return to the outside, maintaining the heat in the inside of a car.<\/li>\n<li class=\"list-st\">Because through the tinted glass it is harder to see the inside of the car, the more valuable items in the car are safe from thieves.<\/li>\n<li class=\"list-st\">The glass, which is tinted with film, will give your car not only exclusiveness, improve its appearance, but also will allow you to enjoy the comfort of privacy.<\/li>\n<\/ul>\n<p class=\"subtitle\">We graciously beckon you to contact the professionals working in \u201cAGN stiklai\u201d, who will gladly consult and answer all of your questions about the glass, which is tinted with film.<\/p>\n","protected":false},"excerpt":{"rendered":"<p>The specialists working in \u201eAGN stiklai\u201d use only the films to tint the glass, which come from reliable manufacturers. This way we can assure the quality of the glass tinting and from the different tint films we can suggest the most fitting option for your car. The glass tinting film gives these advantages for your [&hellip;]<\/p>\n","protected":false},"author":1,"featured_media":0,"parent":0,"menu_order":0,"comment_status":"closed","ping_status":"closed","template":"","meta":[],"translation":{"provider":"WPGlobus","version":"2.10.10","language":"en","enabled_languages":["lt","en","ru"],"languages":{"lt":{"title":true,"content":true,"excerpt":false},"en":{"title":true,"content":true,"excerpt":false},"ru":{"title":true,"content":true,"excerpt":false}}},"yoast_head":"<!-- This site is optimized with the Yoast SEO plugin v20.3 - https:\/\/yoast.com\/wordpress\/plugins\/seo\/ -->\n<title>Automobile glass tinting film | AGN stiklai<\/title>\n<meta name=\"description\" content=\"The specialists working in \u201eAGN stiklai\u201d use only the films to tint the glass, which come from reliable manufacturers.\" \/>\n<meta name=\"robots\" content=\"index, follow, max-snippet:-1, max-image-preview:large, max-video-preview:-1\" \/>\n<link rel=\"canonical\" href=\"https:\/\/agnstiklai.lt\/automobiliu-stiklu-tamsinimas-plevelemis\/\" \/>\n<meta property=\"og:locale\" content=\"en_US\" \/>\n<meta property=\"og:type\" content=\"article\" \/>\n<meta property=\"og:title\" content=\"{:lt}Automobili\u0173 stikl\u0173 tamsinimas pl\u0117vel\u0117mis | AGNstiklai.lt{:}{:en}Automobile glass tinting film | AGN stiklai{:}{:ru}\u0422\u043e\u043d\u0438\u0440\u043e\u0432\u043a\u0430 \u0441\u0442\u0435\u043a\u043e\u043b \u043f\u043b\u0435\u043d\u043a\u0430\u043c\u0438 | AGN stiklai{:}\" \/>\n<meta property=\"og:description\" content=\"The specialists working in \u201eAGN stiklai\u201d use only the films to tint the glass, which come from reliable manufacturers.\" \/>\n<meta property=\"og:url\" content=\"https:\/\/agnstiklai.lt\/automobiliu-stiklu-tamsinimas-plevelemis\/\" \/>\n<meta property=\"og:site_name\" content=\"AGN stiklai\" \/>\n<meta property=\"article:modified_time\" content=\"2025-10-13T07:08:41+00:00\" \/>\n<meta name=\"twitter:card\" content=\"summary_large_image\" \/>\n<meta name=\"twitter:label1\" content=\"Est. reading time\" \/>\n\t<meta name=\"twitter:data1\" content=\"2 minutes\" \/>\n<script type=\"application\/ld+json\" class=\"yoast-schema-graph\">{\"@context\":\"https:\/\/schema.org\",\"@graph\":[{\"@type\":\"WebPage\",\"@id\":\"https:\/\/agnstiklai.lt\/automobiliu-stiklu-tamsinimas-plevelemis\/\",\"url\":\"https:\/\/agnstiklai.lt\/automobiliu-stiklu-tamsinimas-plevelemis\/\",\"name\":\"Automobili\u0173 stikl\u0173 tamsinimas pl\u0117vel\u0117mis | AGNstiklai.lt\",\"isPartOf\":{\"@id\":\"https:\/\/agnstiklai.lt\/#website\"},\"datePublished\":\"2020-09-13T14:07:44+00:00\",\"dateModified\":\"2025-10-13T07:08:41+00:00\",\"description\":\"Kokybi\u0161kas automobili\u0173 stikl\u0173 tamsinimas pl\u0117vel\u0117mis Vilniuje ir Klaip\u0117doje. Kvalifikuoti patyr\u0119 specialistai, patikim\u0173 gamintoj\u0173 stikl\u0173 tonavimo pl\u0117vel\u0117s.\",\"breadcrumb\":{\"@id\":\"https:\/\/agnstiklai.lt\/automobiliu-stiklu-tamsinimas-plevelemis\/#breadcrumb\"},\"inLanguage\":\"en-US\",\"potentialAction\":[{\"@type\":\"ReadAction\",\"target\":[\"https:\/\/agnstiklai.lt\/automobiliu-stiklu-tamsinimas-plevelemis\/\"]}]},{\"@type\":\"BreadcrumbList\",\"@id\":\"https:\/\/agnstiklai.lt\/automobiliu-stiklu-tamsinimas-plevelemis\/#breadcrumb\",\"itemListElement\":[{\"@type\":\"ListItem\",\"position\":1,\"name\":\"Home\",\"item\":\"https:\/\/agnstiklai.lt\/\"},{\"@type\":\"ListItem\",\"position\":2,\"name\":\"Stikl\u0173 tamsinimas pl\u0117vel\u0117mis\"}]},{\"@type\":\"WebSite\",\"@id\":\"https:\/\/agnstiklai.lt\/#website\",\"url\":\"https:\/\/agnstiklai.lt\/\",\"name\":\"AGN stiklai\",\"description\":\"Automobili\u0173 stiklai, automobili\u0173 stikl\u0173 keitimas\",\"potentialAction\":[{\"@type\":\"SearchAction\",\"target\":{\"@type\":\"EntryPoint\",\"urlTemplate\":\"https:\/\/agnstiklai.lt\/?s={search_term_string}\"},\"query-input\":\"required name=search_term_string\"}],\"inLanguage\":\"en-US\"}]}<\/script>\n<!-- \/ Yoast SEO plugin. -->","yoast_head_json":{"title":"Automobile glass tinting film | AGN stiklai","description":"The specialists working in \u201eAGN stiklai\u201d use only the films to tint the glass, which come from reliable manufacturers.","robots":{"index":"index","follow":"follow","max-snippet":"max-snippet:-1","max-image-preview":"max-image-preview:large","max-video-preview":"max-video-preview:-1"},"canonical":"https:\/\/agnstiklai.lt\/automobiliu-stiklu-tamsinimas-plevelemis\/","og_locale":"en_US","og_type":"article","og_title":"{:lt}Automobili\u0173 stikl\u0173 tamsinimas pl\u0117vel\u0117mis | AGNstiklai.lt{:}{:en}Automobile glass tinting film | AGN stiklai{:}{:ru}\u0422\u043e\u043d\u0438\u0440\u043e\u0432\u043a\u0430 \u0441\u0442\u0435\u043a\u043e\u043b \u043f\u043b\u0435\u043d\u043a\u0430\u043c\u0438 | AGN stiklai{:}","og_description":"The specialists working in \u201eAGN stiklai\u201d use only the films to tint the glass, which come from reliable manufacturers.","og_url":"https:\/\/agnstiklai.lt\/automobiliu-stiklu-tamsinimas-plevelemis\/","og_site_name":"AGN stiklai","article_modified_time":"2025-10-13T07:08:41+00:00","twitter_card":"summary_large_image","twitter_misc":{"Est. reading time":"2 minutes"},"schema":{"@context":"https:\/\/schema.org","@graph":[{"@type":"WebPage","@id":"https:\/\/agnstiklai.lt\/automobiliu-stiklu-tamsinimas-plevelemis\/","url":"https:\/\/agnstiklai.lt\/automobiliu-stiklu-tamsinimas-plevelemis\/","name":"Automobili\u0173 stikl\u0173 tamsinimas pl\u0117vel\u0117mis | AGNstiklai.lt","isPartOf":{"@id":"https:\/\/agnstiklai.lt\/#website"},"datePublished":"2020-09-13T14:07:44+00:00","dateModified":"2025-10-13T07:08:41+00:00","description":"Kokybi\u0161kas automobili\u0173 stikl\u0173 tamsinimas pl\u0117vel\u0117mis Vilniuje ir Klaip\u0117doje. Kvalifikuoti patyr\u0119 specialistai, patikim\u0173 gamintoj\u0173 stikl\u0173 tonavimo pl\u0117vel\u0117s.","breadcrumb":{"@id":"https:\/\/agnstiklai.lt\/automobiliu-stiklu-tamsinimas-plevelemis\/#breadcrumb"},"inLanguage":"en-US","potentialAction":[{"@type":"ReadAction","target":["https:\/\/agnstiklai.lt\/automobiliu-stiklu-tamsinimas-plevelemis\/"]}]},{"@type":"BreadcrumbList","@id":"https:\/\/agnstiklai.lt\/automobiliu-stiklu-tamsinimas-plevelemis\/#breadcrumb","itemListElement":[{"@type":"ListItem","position":1,"name":"Home","item":"https:\/\/agnstiklai.lt\/"},{"@type":"ListItem","position":2,"name":"Stikl\u0173 tamsinimas pl\u0117vel\u0117mis"}]},{"@type":"WebSite","@id":"https:\/\/agnstiklai.lt\/#website","url":"https:\/\/agnstiklai.lt\/","name":"AGN stiklai","description":"Automobili\u0173 stiklai, automobili\u0173 stikl\u0173 keitimas","potentialAction":[{"@type":"SearchAction","target":{"@type":"EntryPoint","urlTemplate":"https:\/\/agnstiklai.lt\/?s={search_term_string}"},"query-input":"required name=search_term_string"}],"inLanguage":"en-US"}]}},"_links":{"self":[{"href":"https:\/\/agnstiklai.lt\/en\/wp-json\/wp\/v2\/pages\/37"}],"collection":[{"href":"https:\/\/agnstiklai.lt\/en\/wp-json\/wp\/v2\/pages"}],"about":[{"href":"https:\/\/agnstiklai.lt\/en\/wp-json\/wp\/v2\/types\/page"}],"author":[{"embeddable":true,"href":"https:\/\/agnstiklai.lt\/en\/wp-json\/wp\/v2\/users\/1"}],"replies":[{"embeddable":true,"href":"https:\/\/agnstiklai.lt\/en\/wp-json\/wp\/v2\/comments?post=37"}],"version-history":[{"count":4,"href":"https:\/\/agnstiklai.lt\/en\/wp-json\/wp\/v2\/pages\/37\/revisions"}],"predecessor-version":[{"id":219,"href":"https:\/\/agnstiklai.lt\/en\/wp-json\/wp\/v2\/pages\/37\/revisions\/219"}],"wp:attachment":[{"href":"https:\/\/agnstiklai.lt\/en\/wp-json\/wp\/v2\/media?parent=37"}],"curies":[{"name":"wp","href":"https:\/\/api.w.org\/{rel}","templated":true}]}}