{"id":29,"date":"2020-09-13T12:01:20","date_gmt":"2020-09-13T14:01:20","guid":{"rendered":"http:\/\/agnstiklai.lt\/?page_id=29"},"modified":"2023-03-16T09:27:07","modified_gmt":"2023-03-16T11:27:07","slug":"automobiliu-stiklu-keitimas","status":"publish","type":"page","link":"https:\/\/agnstiklai.lt\/en\/automobile-glass-replacement\/","title":{"rendered":"Automobile glass replacement"},"content":{"rendered":"<p class=\"subtitle\">If your glass has been damaged and it can\u2019t be repaired, then \u201cAGN stiklai\u201d is ready to expeditiously and in good quality replace the glass with a new one. Moreover, it does not matter which car model you are driving.<\/p>\n<p class=\"subtitle\">\u201cAGN stiklai\u201d professional and experienced workers, official and reliable car glass manufacturers, compliance with the rules that were established by the manufacturer and with the rules of glass replacement process \u2013 is a guarantee that the glass will be replaced properly, in good quality and you will be able to exploit it safely and for a long time.<\/p>\n<h3 style=\"padding-top:20px; padding-bottom:10px;\">The car\u2019s windscreen replacement process is made from couple of steps:<\/h3>\n<ul class=\"list list-marked\">\n<li class=\"list-st\">Before the damaged glass is removed, windscreen wipers and decorative items are removed;<\/li>\n<li class=\"list-st\">The old glass is dismantled;<\/li>\n<li class=\"list-st\">The bodywork is cleaned from residual glue, dirt, dust and, if there is a necessity for it, corrosion is removed;<\/li>\n<li class=\"list-st\">The bodywork and the new glass are readied for gluing according to the manufacturers technological requirements;<\/li>\n<li class=\"list-st\">The new glass is glued and all of the decorative items and windscreen wipers are put back in.<\/li>\n<\/ul>\n<p class=\"subtitle\">When an hour passesfrom the car glass replacement, you will be able to exploit it as you could have done it before the replacement of the car glass.<\/p>\n<p class=\"subtitle\">We graciously beckon you to contact the professionals working in \u201cAGN stiklai\u201d, who will gladly consult and answer all of your questions about the replacement of the glass.<\/p>\n","protected":false},"excerpt":{"rendered":"<p>If your glass has been damaged and it can\u2019t be repaired, then \u201cAGN stiklai\u201d is ready to expeditiously and in good quality replace the glass with a new one. Moreover, it does not matter which car model you are driving. \u201cAGN stiklai\u201d professional and experienced workers, official and reliable car glass manufacturers, compliance with the [&hellip;]<\/p>\n","protected":false},"author":1,"featured_media":0,"parent":0,"menu_order":0,"comment_status":"closed","ping_status":"closed","template":"","meta":[],"translation":{"provider":"WPGlobus","version":"2.10.10","language":"en","enabled_languages":["lt","en","ru"],"languages":{"lt":{"title":true,"content":true,"excerpt":false},"en":{"title":true,"content":true,"excerpt":false},"ru":{"title":true,"content":true,"excerpt":false}}},"yoast_head":"<!-- This site is optimized with the Yoast SEO plugin v20.3 - https:\/\/yoast.com\/wordpress\/plugins\/seo\/ -->\n<title>Automobile glass replacement | ANG Stiklai<\/title>\n<meta name=\"description\" content=\"If your glass has been damaged and it can\u2019t be repaired, then \u201cAGN stiklai\u201d is ready to expeditiously and in good quality replace the glass with a new one.\" \/>\n<meta name=\"robots\" content=\"index, follow, max-snippet:-1, max-image-preview:large, max-video-preview:-1\" \/>\n<link rel=\"canonical\" href=\"https:\/\/agnstiklai.lt\/automobiliu-stiklu-keitimas\/\" \/>\n<meta property=\"og:locale\" content=\"en_US\" \/>\n<meta property=\"og:type\" content=\"article\" \/>\n<meta property=\"og:title\" content=\"{:lt}Automobili\u0173 stikl\u0173 keitimas Vilniuje ir Klaip\u0117doje | AGNstiklai.lt{:}{:en}Automobile glass replacement | ANG Stiklai{:}{:ru}\u0417\u0430\u043c\u0435\u043d\u0430 \u0430\u0432\u0442\u043e\u043c\u043e\u0431\u0438\u043b\u044c\u043d\u044b\u0445 \u0441\u0442\u0435\u043a\u043e\u043b | AGN Stiklai{:}\" \/>\n<meta property=\"og:description\" content=\"If your glass has been damaged and it can\u2019t be repaired, then \u201cAGN stiklai\u201d is ready to expeditiously and in good quality replace the glass with a new one.\" \/>\n<meta property=\"og:url\" content=\"https:\/\/agnstiklai.lt\/automobiliu-stiklu-keitimas\/\" \/>\n<meta property=\"og:site_name\" content=\"AGN stiklai\" \/>\n<meta property=\"article:modified_time\" content=\"2023-03-16T11:27:07+00:00\" \/>\n<meta name=\"twitter:card\" content=\"summary_large_image\" \/>\n<meta name=\"twitter:label1\" content=\"Est. reading time\" \/>\n\t<meta name=\"twitter:data1\" content=\"1 minute\" \/>\n<script type=\"application\/ld+json\" class=\"yoast-schema-graph\">{\"@context\":\"https:\/\/schema.org\",\"@graph\":[{\"@type\":\"WebPage\",\"@id\":\"https:\/\/agnstiklai.lt\/automobiliu-stiklu-keitimas\/\",\"url\":\"https:\/\/agnstiklai.lt\/automobiliu-stiklu-keitimas\/\",\"name\":\"Automobili\u0173 stikl\u0173 keitimas Vilniuje ir Klaip\u0117doje | AGNstiklai.lt\",\"isPartOf\":{\"@id\":\"https:\/\/agnstiklai.lt\/#website\"},\"datePublished\":\"2020-09-13T14:01:20+00:00\",\"dateModified\":\"2023-03-16T11:27:07+00:00\",\"description\":\"Operatyvus ir kokybi\u0161kas automobili\u0173 stikl\u0173 keitimas Vilniuje ir Klaip\u0117doje. Kvalifikuoti specialistai, patikimos technologijos, atlikt\u0173 darb\u0173 garantija.\",\"breadcrumb\":{\"@id\":\"https:\/\/agnstiklai.lt\/automobiliu-stiklu-keitimas\/#breadcrumb\"},\"inLanguage\":\"en-US\",\"potentialAction\":[{\"@type\":\"ReadAction\",\"target\":[\"https:\/\/agnstiklai.lt\/automobiliu-stiklu-keitimas\/\"]}]},{\"@type\":\"BreadcrumbList\",\"@id\":\"https:\/\/agnstiklai.lt\/automobiliu-stiklu-keitimas\/#breadcrumb\",\"itemListElement\":[{\"@type\":\"ListItem\",\"position\":1,\"name\":\"Home\",\"item\":\"https:\/\/agnstiklai.lt\/\"},{\"@type\":\"ListItem\",\"position\":2,\"name\":\"Stikl\u0173 keitimas\"}]},{\"@type\":\"WebSite\",\"@id\":\"https:\/\/agnstiklai.lt\/#website\",\"url\":\"https:\/\/agnstiklai.lt\/\",\"name\":\"AGN stiklai\",\"description\":\"Automobili\u0173 stiklai, automobili\u0173 stikl\u0173 keitimas\",\"potentialAction\":[{\"@type\":\"SearchAction\",\"target\":{\"@type\":\"EntryPoint\",\"urlTemplate\":\"https:\/\/agnstiklai.lt\/?s={search_term_string}\"},\"query-input\":\"required name=search_term_string\"}],\"inLanguage\":\"en-US\"}]}<\/script>\n<!-- \/ Yoast SEO plugin. -->","yoast_head_json":{"title":"Automobile glass replacement | ANG Stiklai","description":"If your glass has been damaged and it can\u2019t be repaired, then \u201cAGN stiklai\u201d is ready to expeditiously and in good quality replace the glass with a new one.","robots":{"index":"index","follow":"follow","max-snippet":"max-snippet:-1","max-image-preview":"max-image-preview:large","max-video-preview":"max-video-preview:-1"},"canonical":"https:\/\/agnstiklai.lt\/automobiliu-stiklu-keitimas\/","og_locale":"en_US","og_type":"article","og_title":"{:lt}Automobili\u0173 stikl\u0173 keitimas Vilniuje ir Klaip\u0117doje | AGNstiklai.lt{:}{:en}Automobile glass replacement | ANG Stiklai{:}{:ru}\u0417\u0430\u043c\u0435\u043d\u0430 \u0430\u0432\u0442\u043e\u043c\u043e\u0431\u0438\u043b\u044c\u043d\u044b\u0445 \u0441\u0442\u0435\u043a\u043e\u043b | AGN Stiklai{:}","og_description":"If your glass has been damaged and it can\u2019t be repaired, then \u201cAGN stiklai\u201d is ready to expeditiously and in good quality replace the glass with a new one.","og_url":"https:\/\/agnstiklai.lt\/automobiliu-stiklu-keitimas\/","og_site_name":"AGN stiklai","article_modified_time":"2023-03-16T11:27:07+00:00","twitter_card":"summary_large_image","twitter_misc":{"Est. reading time":"1 minute"},"schema":{"@context":"https:\/\/schema.org","@graph":[{"@type":"WebPage","@id":"https:\/\/agnstiklai.lt\/automobiliu-stiklu-keitimas\/","url":"https:\/\/agnstiklai.lt\/automobiliu-stiklu-keitimas\/","name":"Automobili\u0173 stikl\u0173 keitimas Vilniuje ir Klaip\u0117doje | AGNstiklai.lt","isPartOf":{"@id":"https:\/\/agnstiklai.lt\/#website"},"datePublished":"2020-09-13T14:01:20+00:00","dateModified":"2023-03-16T11:27:07+00:00","description":"Operatyvus ir kokybi\u0161kas automobili\u0173 stikl\u0173 keitimas Vilniuje ir Klaip\u0117doje. Kvalifikuoti specialistai, patikimos technologijos, atlikt\u0173 darb\u0173 garantija.","breadcrumb":{"@id":"https:\/\/agnstiklai.lt\/automobiliu-stiklu-keitimas\/#breadcrumb"},"inLanguage":"en-US","potentialAction":[{"@type":"ReadAction","target":["https:\/\/agnstiklai.lt\/automobiliu-stiklu-keitimas\/"]}]},{"@type":"BreadcrumbList","@id":"https:\/\/agnstiklai.lt\/automobiliu-stiklu-keitimas\/#breadcrumb","itemListElement":[{"@type":"ListItem","position":1,"name":"Home","item":"https:\/\/agnstiklai.lt\/"},{"@type":"ListItem","position":2,"name":"Stikl\u0173 keitimas"}]},{"@type":"WebSite","@id":"https:\/\/agnstiklai.lt\/#website","url":"https:\/\/agnstiklai.lt\/","name":"AGN stiklai","description":"Automobili\u0173 stiklai, automobili\u0173 stikl\u0173 keitimas","potentialAction":[{"@type":"SearchAction","target":{"@type":"EntryPoint","urlTemplate":"https:\/\/agnstiklai.lt\/?s={search_term_string}"},"query-input":"required name=search_term_string"}],"inLanguage":"en-US"}]}},"_links":{"self":[{"href":"https:\/\/agnstiklai.lt\/en\/wp-json\/wp\/v2\/pages\/29"}],"collection":[{"href":"https:\/\/agnstiklai.lt\/en\/wp-json\/wp\/v2\/pages"}],"about":[{"href":"https:\/\/agnstiklai.lt\/en\/wp-json\/wp\/v2\/types\/page"}],"author":[{"embeddable":true,"href":"https:\/\/agnstiklai.lt\/en\/wp-json\/wp\/v2\/users\/1"}],"replies":[{"embeddable":true,"href":"https:\/\/agnstiklai.lt\/en\/wp-json\/wp\/v2\/comments?post=29"}],"version-history":[{"count":7,"href":"https:\/\/agnstiklai.lt\/en\/wp-json\/wp\/v2\/pages\/29\/revisions"}],"predecessor-version":[{"id":200,"href":"https:\/\/agnstiklai.lt\/en\/wp-json\/wp\/v2\/pages\/29\/revisions\/200"}],"wp:attachment":[{"href":"https:\/\/agnstiklai.lt\/en\/wp-json\/wp\/v2\/media?parent=29"}],"curies":[{"name":"wp","href":"https:\/\/api.w.org\/{rel}","templated":true}]}}