{"id":14,"date":"2020-09-11T11:31:15","date_gmt":"2020-09-11T13:31:15","guid":{"rendered":"http:\/\/agnstiklai.lt\/?page_id=14"},"modified":"2023-03-16T10:02:30","modified_gmt":"2023-03-16T12:02:30","slug":"stiklu-hermetikai","status":"publish","type":"page","link":"https:\/\/agnstiklai.lt\/en\/gasket-for-glass\/","title":{"rendered":"Gasket for glass"},"content":{"rendered":"<p class=\"subtitle\">\u201cAGN Stiklai\u201d uses only good quality, time tested and the best materials from manufacturers, because this is the only way that we can guarantee the best glass installation and long-term exploitation of them. That\u2019s why you will be able to buy good quality glue for glass, energizers, primers, cleaners and everything, which relates to the glass of cars, buses, trucks and other mechanisms.<\/p>\n","protected":false},"excerpt":{"rendered":"<p>\u201cAGN Stiklai\u201d uses only good quality, time tested and the best materials from manufacturers, because this is the only way that we can guarantee the best glass installation and long-term exploitation of them. That\u2019s why you will be able to buy good quality glue for glass, energizers, primers, cleaners and everything, which relates to the [&hellip;]<\/p>\n","protected":false},"author":1,"featured_media":0,"parent":0,"menu_order":0,"comment_status":"closed","ping_status":"closed","template":"","meta":[],"translation":{"provider":"WPGlobus","version":"2.10.10","language":"en","enabled_languages":["lt","en","ru"],"languages":{"lt":{"title":true,"content":true,"excerpt":false},"en":{"title":true,"content":true,"excerpt":false},"ru":{"title":true,"content":true,"excerpt":false}}},"yoast_head":"<!-- This site is optimized with the Yoast SEO plugin v20.3 - https:\/\/yoast.com\/wordpress\/plugins\/seo\/ -->\n<title>Gasket for glass | AGN stiklai<\/title>\n<meta name=\"description\" content=\"\u201cAGN Stiklai\u201d uses only good quality, time tested and the best materials from manufacturers, because this is the only way that we can guarantee the best glass installation.\" \/>\n<meta name=\"robots\" content=\"index, follow, max-snippet:-1, max-image-preview:large, max-video-preview:-1\" \/>\n<link rel=\"canonical\" href=\"https:\/\/agnstiklai.lt\/stiklu-hermetikai\/\" \/>\n<meta property=\"og:locale\" content=\"en_US\" \/>\n<meta property=\"og:type\" content=\"article\" \/>\n<meta property=\"og:title\" content=\"{:lt}Stikl\u0173 hermetikai | AGNstiklai.lt{:}{:en}Gasket for glass | AGN stiklai{:}{:ru}\u0423\u043f\u043b\u043e\u0442\u043d\u0438\u0442\u0435\u043b\u0438 \u0441\u0442\u0435\u043a\u043e\u043b | AGN stiklai{:}\" \/>\n<meta property=\"og:description\" content=\"\u201cAGN Stiklai\u201d uses only good quality, time tested and the best materials from manufacturers, because this is the only way that we can guarantee the best glass installation.\" \/>\n<meta property=\"og:url\" content=\"https:\/\/agnstiklai.lt\/stiklu-hermetikai\/\" \/>\n<meta property=\"og:site_name\" content=\"AGN stiklai\" \/>\n<meta property=\"article:modified_time\" content=\"2023-03-16T12:02:30+00:00\" \/>\n<meta name=\"twitter:card\" content=\"summary_large_image\" \/>\n<meta name=\"twitter:label1\" content=\"Est. reading time\" \/>\n\t<meta name=\"twitter:data1\" content=\"1 minute\" \/>\n<script type=\"application\/ld+json\" class=\"yoast-schema-graph\">{\"@context\":\"https:\/\/schema.org\",\"@graph\":[{\"@type\":\"WebPage\",\"@id\":\"https:\/\/agnstiklai.lt\/stiklu-hermetikai\/\",\"url\":\"https:\/\/agnstiklai.lt\/stiklu-hermetikai\/\",\"name\":\"Stikl\u0173 hermetikai | AGNstiklai.lt\",\"isPartOf\":{\"@id\":\"https:\/\/agnstiklai.lt\/#website\"},\"datePublished\":\"2020-09-11T13:31:15+00:00\",\"dateModified\":\"2023-03-16T12:02:30+00:00\",\"description\":\"Auk\u0161tos kokyb\u0117s \u017einom\u0173 gamintoj\u0173 automobili\u0173 stikl\u0173 hermetikai, klijai, aktyvatoriai, gruntai, valikliai ir kt. Platus med\u017eiag\u0173 pasirinkimas, gera kaina.\",\"breadcrumb\":{\"@id\":\"https:\/\/agnstiklai.lt\/stiklu-hermetikai\/#breadcrumb\"},\"inLanguage\":\"en-US\",\"potentialAction\":[{\"@type\":\"ReadAction\",\"target\":[\"https:\/\/agnstiklai.lt\/stiklu-hermetikai\/\"]}]},{\"@type\":\"BreadcrumbList\",\"@id\":\"https:\/\/agnstiklai.lt\/stiklu-hermetikai\/#breadcrumb\",\"itemListElement\":[{\"@type\":\"ListItem\",\"position\":1,\"name\":\"Home\",\"item\":\"https:\/\/agnstiklai.lt\/\"},{\"@type\":\"ListItem\",\"position\":2,\"name\":\"Stikl\u0173 hermetikai\"}]},{\"@type\":\"WebSite\",\"@id\":\"https:\/\/agnstiklai.lt\/#website\",\"url\":\"https:\/\/agnstiklai.lt\/\",\"name\":\"AGN stiklai\",\"description\":\"Automobili\u0173 stiklai, automobili\u0173 stikl\u0173 keitimas\",\"potentialAction\":[{\"@type\":\"SearchAction\",\"target\":{\"@type\":\"EntryPoint\",\"urlTemplate\":\"https:\/\/agnstiklai.lt\/?s={search_term_string}\"},\"query-input\":\"required name=search_term_string\"}],\"inLanguage\":\"en-US\"}]}<\/script>\n<!-- \/ Yoast SEO plugin. -->","yoast_head_json":{"title":"Gasket for glass | AGN stiklai","description":"\u201cAGN Stiklai\u201d uses only good quality, time tested and the best materials from manufacturers, because this is the only way that we can guarantee the best glass installation.","robots":{"index":"index","follow":"follow","max-snippet":"max-snippet:-1","max-image-preview":"max-image-preview:large","max-video-preview":"max-video-preview:-1"},"canonical":"https:\/\/agnstiklai.lt\/stiklu-hermetikai\/","og_locale":"en_US","og_type":"article","og_title":"{:lt}Stikl\u0173 hermetikai | AGNstiklai.lt{:}{:en}Gasket for glass | AGN stiklai{:}{:ru}\u0423\u043f\u043b\u043e\u0442\u043d\u0438\u0442\u0435\u043b\u0438 \u0441\u0442\u0435\u043a\u043e\u043b | AGN stiklai{:}","og_description":"\u201cAGN Stiklai\u201d uses only good quality, time tested and the best materials from manufacturers, because this is the only way that we can guarantee the best glass installation.","og_url":"https:\/\/agnstiklai.lt\/stiklu-hermetikai\/","og_site_name":"AGN stiklai","article_modified_time":"2023-03-16T12:02:30+00:00","twitter_card":"summary_large_image","twitter_misc":{"Est. reading time":"1 minute"},"schema":{"@context":"https:\/\/schema.org","@graph":[{"@type":"WebPage","@id":"https:\/\/agnstiklai.lt\/stiklu-hermetikai\/","url":"https:\/\/agnstiklai.lt\/stiklu-hermetikai\/","name":"Stikl\u0173 hermetikai | AGNstiklai.lt","isPartOf":{"@id":"https:\/\/agnstiklai.lt\/#website"},"datePublished":"2020-09-11T13:31:15+00:00","dateModified":"2023-03-16T12:02:30+00:00","description":"Auk\u0161tos kokyb\u0117s \u017einom\u0173 gamintoj\u0173 automobili\u0173 stikl\u0173 hermetikai, klijai, aktyvatoriai, gruntai, valikliai ir kt. Platus med\u017eiag\u0173 pasirinkimas, gera kaina.","breadcrumb":{"@id":"https:\/\/agnstiklai.lt\/stiklu-hermetikai\/#breadcrumb"},"inLanguage":"en-US","potentialAction":[{"@type":"ReadAction","target":["https:\/\/agnstiklai.lt\/stiklu-hermetikai\/"]}]},{"@type":"BreadcrumbList","@id":"https:\/\/agnstiklai.lt\/stiklu-hermetikai\/#breadcrumb","itemListElement":[{"@type":"ListItem","position":1,"name":"Home","item":"https:\/\/agnstiklai.lt\/"},{"@type":"ListItem","position":2,"name":"Stikl\u0173 hermetikai"}]},{"@type":"WebSite","@id":"https:\/\/agnstiklai.lt\/#website","url":"https:\/\/agnstiklai.lt\/","name":"AGN stiklai","description":"Automobili\u0173 stiklai, automobili\u0173 stikl\u0173 keitimas","potentialAction":[{"@type":"SearchAction","target":{"@type":"EntryPoint","urlTemplate":"https:\/\/agnstiklai.lt\/?s={search_term_string}"},"query-input":"required name=search_term_string"}],"inLanguage":"en-US"}]}},"_links":{"self":[{"href":"https:\/\/agnstiklai.lt\/en\/wp-json\/wp\/v2\/pages\/14"}],"collection":[{"href":"https:\/\/agnstiklai.lt\/en\/wp-json\/wp\/v2\/pages"}],"about":[{"href":"https:\/\/agnstiklai.lt\/en\/wp-json\/wp\/v2\/types\/page"}],"author":[{"embeddable":true,"href":"https:\/\/agnstiklai.lt\/en\/wp-json\/wp\/v2\/users\/1"}],"replies":[{"embeddable":true,"href":"https:\/\/agnstiklai.lt\/en\/wp-json\/wp\/v2\/comments?post=14"}],"version-history":[{"count":3,"href":"https:\/\/agnstiklai.lt\/en\/wp-json\/wp\/v2\/pages\/14\/revisions"}],"predecessor-version":[{"id":159,"href":"https:\/\/agnstiklai.lt\/en\/wp-json\/wp\/v2\/pages\/14\/revisions\/159"}],"wp:attachment":[{"href":"https:\/\/agnstiklai.lt\/en\/wp-json\/wp\/v2\/media?parent=14"}],"curies":[{"name":"wp","href":"https:\/\/api.w.org\/{rel}","templated":true}]}}